{"id":116,"date":"2022-08-24T16:21:31","date_gmt":"2022-08-24T14:21:31","guid":{"rendered":"https:\/\/www.atex-tools.com\/?page_id=116"},"modified":"2023-10-13T15:50:36","modified_gmt":"2023-10-13T13:50:36","slug":"uw-leverancier-voor-atex-gereedschappen","status":"publish","type":"page","link":"https:\/\/www.atex-tools.com\/cz\/uw-leverancier-voor-atex-gereedschappen\/","title":{"rendered":"Uw leverancier voor ATEX-gereedschappen"},"content":{"rendered":"\n<p>Heeft uw bedrijf zogeheten ATEX-zones waar een kans bestaat op gas- en\/of ontploffingsgevaar? En wilt u toch onderhoudswerkzaamheden aan machines en gebouwen uitvoeren? Dan biedt Perspect Industrial Products de oplossing! Wij zijn al jarenlang de exclusieve geautoriseerde Benelux-distributeur van vonkvrij gereedschap van de gerenommeerde merken&nbsp;Pinovo&nbsp;en&nbsp;Allmet Safety Tools. Daarnaast zijn we leverancier van&nbsp;Trime North, de producent van mobiele lichtmasten die zowel op batterijen als zonne-energie werken.<\/p>\n\n\n\n<h2 class=\"wp-block-heading\">vacu\u00fcmstraalmachines van <a href=\"https:\/\/www.atex-tools.com\/pinovo\/\">Pinovo<\/a> (ATEX)<\/h2>\n\n\n\n<p>Heeft u een project in een ATEX-zone waarbij u industri\u00eble oppervlakken stofvrij wilt vacu\u00fcmstralen? Dan kunt u bij Perspect Industrial Products terecht voor de innovatieve, gepatenteerde \u00e9n ATEX-gecertificeerde vacu\u00fcmstraalmachines van&nbsp;Pinovo. Dankzij het brede assortiment van Pinovo kunnen wij u voor elke uitdaging, groot of klein, de juiste vacu\u00fcmstraalmachine aanbieden. Inclusief bijbehorende apparaten. Bij Perspect Industrial Products kunt u de vacu\u00fcmstraalmachines van Pinovo huren of kopen. En natuurlijk denken wij graag met u mee over de beste oplossing voor uw project.<\/p>\n\n\n\n<figure class=\"wp-block-image size-large is-resized\"><img loading=\"lazy\" decoding=\"async\" src=\"https:\/\/www.atex-tools.com\/wp-content\/uploads\/sites\/4\/2023\/06\/IMG-20220916-WA0015-1024x768.jpg\" alt=\"\" class=\"wp-image-628\" style=\"width:575px;height:430px\" width=\"575\" height=\"430\"\/><\/figure>\n\n\n\n<h2 class=\"wp-block-heading\">Allmet Safety Tools (ATEX)<\/h2>\n\n\n\n<p>Allmet Safety Tools&nbsp;is d\u00e9 specialist in unieke vonkvrije slijp- en snijgereedschappen voor het voorbereiden van koude werkoppervlakken. Het gereedschap veroorzaakt geen hitte (&lt; 70\u00b0 C), geen scherpe splinters\/partikels door de lage rotatiesnelheid, geen stof (de metaalresten zijn groot en dicht), geen uitstoot van koolwaterstofgassen, voldoen aan de ATEX-richtlijnen en zijn gecertificeerd voor gebruik in EX-gaszones 1 en 2 zonder warmwerkvergunning. Neem voor meer informatie over het vonkvrije gereedschap van Allmet Safety Tools vrijblijvend contact met ons op!<\/p>\n\n\n\n<figure class=\"wp-block-image size-full is-resized\"><img loading=\"lazy\" decoding=\"async\" src=\"https:\/\/www.atex-tools.com\/wp-content\/uploads\/sites\/4\/2023\/06\/Bilde1.jpg\" alt=\"\" class=\"wp-image-604\" style=\"width:627px;height:243px\" width=\"627\" height=\"243\" srcset=\"https:\/\/www.atex-tools.com\/cz\/wp-content\/uploads\/sites\/4\/2023\/06\/Bilde1.jpg 540w, https:\/\/www.atex-tools.com\/cz\/wp-content\/uploads\/sites\/4\/2023\/06\/Bilde1-300x116.jpg 300w, https:\/\/www.atex-tools.com\/cz\/wp-content\/uploads\/sites\/4\/2023\/06\/Bilde1-416x161.jpg 416w\" sizes=\"auto, (max-width: 627px) 100vw, 627px\" \/><\/figure>\n\n\n\n<h2 class=\"wp-block-heading\">Vonkvrij handgereedschap van Ampco<\/h2>\n\n\n\n<p>Perspect Industrial Products is Benelux-distributeur van Ampco (American Metal Products Company). Ampco produceert al ruim 100 jaar explosieveilig, vonkvrij handgereedschap van brons en aluminium dat sterk genoeg is om stalen onderdelen te bewerken. Het assortiment handgereedschap varieert van hamers, schroevendraaiers, beitels en tangen tot enkele en dubbele steeksleutels, vijlen, zagen en pijp-, nijptangen. Het handgereedschap van Ampco wordt onder meer ingezet in sectoren waarin brandpreventie een grote rol speelt. Wij vertellen u er graag meer over.<\/p>\n\n\n\n<h2 class=\"wp-block-heading\">Deprag luchtgereedschap<\/h2>\n\n\n\n<p>Perspect Industrial Products is sinds 2021 distributeur van Deprag, het wereldwijd gerenommeerde merk voor persluchtgereedschappen. Deprag ontwikkelt gebruiksvriendelijke, effectieve en ergonomische hulpmiddelen die gebruikt kunnen worden in explosiegevaarlijke ATEX-zones, zoals boven- en ondergrondse mijnbouw, de olie-industrie en bedrijven met gas- en oliepijpleidingen. Het assortiment bestaat onder meer uit luchtslijpmachines, luchtschuurmachines, luchtvijlen, luchtboren, luchttappers, luchthamers, luchtnaaldbikhamers en luchtzagen. Het persluchtgereedschap van Deprag staat garant voor gebruiksgemak, een hoge mate van veiligheid en een lange levensduur. Heeft u nog vragen, dan helpen wij u graag verder.<\/p>\n\n\n\n<h2 class=\"wp-block-heading\">Magneetboormachines van Promotech<\/h2>\n\n\n\n<p>Sinds 2021 is Perspect Industrial Products distributeur van drie magneetboormachines van het merk Promotech. De Pro-200A Atex, de Pro 45-2Atex en de Pro-35 ADA pneumatische boormachines zijn speciaal ontworpen voor werkzaamheden op olieboorplatforms, de scheepsbouw, de petrochemische industrie en andere sectoren waar elektrische gereedschappen om veiligheidsredenen verboden zijn. Doordat Promotech een pneumatische aandrijving met een permanente magnetische basis combineert, is er geen elektrische voeding nodig. Neem vrijblijvend contact met ons op voor meer informatie. <\/p>\n","protected":false},"excerpt":{"rendered":"<p>Heeft uw bedrijf zogeheten ATEX-zones waar een kans bestaat op gas- en\/of ontploffingsgevaar? En wilt u toch onderhoudswerkzaamheden aan machines en gebouwen uitvoeren? Dan biedt Perspect Industrial Products de oplossing! Wij zijn al jarenlang de exclusieve geautoriseerde Benelux-distributeur van vonkvrij gereedschap van de gerenommeerde merken&nbsp;Pinovo&nbsp;en&nbsp;Allmet Safety Tools. Daarnaast zijn we leverancier van&nbsp;Trime North, de producent [&hellip;]<\/p>\n","protected":false},"author":4,"featured_media":0,"parent":0,"menu_order":0,"comment_status":"closed","ping_status":"closed","template":"","meta":{"_acf_changed":false,"content-type":"","editor_notices":[],"footnotes":""},"class_list":["post-116","page","type-page","status-publish","hentry"],"acf":[],"yoast_head":"<!-- This site is optimized with the Yoast SEO plugin v27.3 - https:\/\/yoast.com\/product\/yoast-seo-wordpress\/ -->\n<title>Uw leverancier voor ATEX-gereedschappen - Atex Tools | CZ<\/title>\n<meta name=\"robots\" content=\"index, follow, max-snippet:-1, max-image-preview:large, max-video-preview:-1\" \/>\n<link rel=\"canonical\" href=\"https:\/\/www.atex-tools.com\/cz\/uw-leverancier-voor-atex-gereedschappen\/\" \/>\n<meta property=\"og:locale\" content=\"cs_CZ\" \/>\n<meta property=\"og:type\" content=\"article\" \/>\n<meta property=\"og:title\" content=\"Uw leverancier voor ATEX-gereedschappen - Atex Tools | CZ\" \/>\n<meta property=\"og:description\" content=\"Heeft uw bedrijf zogeheten ATEX-zones waar een kans bestaat op gas- en\/of ontploffingsgevaar? En wilt u toch onderhoudswerkzaamheden aan machines en gebouwen uitvoeren? Dan biedt Perspect Industrial Products de oplossing! Wij zijn al jarenlang de exclusieve geautoriseerde Benelux-distributeur van vonkvrij gereedschap van de gerenommeerde merken&nbsp;Pinovo&nbsp;en&nbsp;Allmet Safety Tools. Daarnaast zijn we leverancier van&nbsp;Trime North, de producent [&hellip;]\" \/>\n<meta property=\"og:url\" content=\"https:\/\/www.atex-tools.com\/cz\/uw-leverancier-voor-atex-gereedschappen\/\" \/>\n<meta property=\"og:site_name\" content=\"Atex Tools | CZ\" \/>\n<meta property=\"article:modified_time\" content=\"2023-10-13T13:50:36+00:00\" \/>\n<meta property=\"og:image\" content=\"https:\/\/www.atex-tools.com\/wp-content\/uploads\/sites\/4\/2023\/06\/IMG-20220916-WA0015-1024x768.jpg\" \/>\n<meta name=\"twitter:card\" content=\"summary_large_image\" \/>\n<meta name=\"twitter:label1\" content=\"Odhadovan\u00e1 doba \u010dten\u00ed\" \/>\n\t<meta name=\"twitter:data1\" content=\"3 minuty\" \/>\n<script type=\"application\/ld+json\" class=\"yoast-schema-graph\">{\"@context\":\"https:\\\/\\\/schema.org\",\"@graph\":[{\"@type\":\"WebPage\",\"@id\":\"https:\\\/\\\/www.atex-tools.com\\\/cz\\\/uw-leverancier-voor-atex-gereedschappen\\\/\",\"url\":\"https:\\\/\\\/www.atex-tools.com\\\/cz\\\/uw-leverancier-voor-atex-gereedschappen\\\/\",\"name\":\"Uw leverancier voor ATEX-gereedschappen - Atex Tools | CZ\",\"isPartOf\":{\"@id\":\"https:\\\/\\\/www.atex-tools.com\\\/cz\\\/#website\"},\"primaryImageOfPage\":{\"@id\":\"https:\\\/\\\/www.atex-tools.com\\\/cz\\\/uw-leverancier-voor-atex-gereedschappen\\\/#primaryimage\"},\"image\":{\"@id\":\"https:\\\/\\\/www.atex-tools.com\\\/cz\\\/uw-leverancier-voor-atex-gereedschappen\\\/#primaryimage\"},\"thumbnailUrl\":\"https:\\\/\\\/www.atex-tools.com\\\/wp-content\\\/uploads\\\/sites\\\/4\\\/2023\\\/06\\\/IMG-20220916-WA0015-1024x768.jpg\",\"datePublished\":\"2022-08-24T14:21:31+00:00\",\"dateModified\":\"2023-10-13T13:50:36+00:00\",\"breadcrumb\":{\"@id\":\"https:\\\/\\\/www.atex-tools.com\\\/cz\\\/uw-leverancier-voor-atex-gereedschappen\\\/#breadcrumb\"},\"inLanguage\":\"cs\",\"potentialAction\":[{\"@type\":\"ReadAction\",\"target\":[\"https:\\\/\\\/www.atex-tools.com\\\/cz\\\/uw-leverancier-voor-atex-gereedschappen\\\/\"]}]},{\"@type\":\"ImageObject\",\"inLanguage\":\"cs\",\"@id\":\"https:\\\/\\\/www.atex-tools.com\\\/cz\\\/uw-leverancier-voor-atex-gereedschappen\\\/#primaryimage\",\"url\":\"https:\\\/\\\/www.atex-tools.com\\\/wp-content\\\/uploads\\\/sites\\\/4\\\/2023\\\/06\\\/IMG-20220916-WA0015-1024x768.jpg\",\"contentUrl\":\"https:\\\/\\\/www.atex-tools.com\\\/wp-content\\\/uploads\\\/sites\\\/4\\\/2023\\\/06\\\/IMG-20220916-WA0015-1024x768.jpg\"},{\"@type\":\"BreadcrumbList\",\"@id\":\"https:\\\/\\\/www.atex-tools.com\\\/cz\\\/uw-leverancier-voor-atex-gereedschappen\\\/#breadcrumb\",\"itemListElement\":[{\"@type\":\"ListItem\",\"position\":1,\"name\":\"Home\",\"item\":\"https:\\\/\\\/www.atex-tools.com\\\/cz\\\/\"},{\"@type\":\"ListItem\",\"position\":2,\"name\":\"Uw leverancier voor ATEX-gereedschappen\"}]},{\"@type\":\"WebSite\",\"@id\":\"https:\\\/\\\/www.atex-tools.com\\\/cz\\\/#website\",\"url\":\"https:\\\/\\\/www.atex-tools.com\\\/cz\\\/\",\"name\":\"Atex Tools | CZ\",\"description\":\"Atex Tools\",\"potentialAction\":[{\"@type\":\"SearchAction\",\"target\":{\"@type\":\"EntryPoint\",\"urlTemplate\":\"https:\\\/\\\/www.atex-tools.com\\\/cz\\\/?s={search_term_string}\"},\"query-input\":{\"@type\":\"PropertyValueSpecification\",\"valueRequired\":true,\"valueName\":\"search_term_string\"}}],\"inLanguage\":\"cs\"}]}<\/script>\n<!-- \/ Yoast SEO plugin. -->","yoast_head_json":{"title":"Uw leverancier voor ATEX-gereedschappen - Atex Tools | CZ","robots":{"index":"index","follow":"follow","max-snippet":"max-snippet:-1","max-image-preview":"max-image-preview:large","max-video-preview":"max-video-preview:-1"},"canonical":"https:\/\/www.atex-tools.com\/cz\/uw-leverancier-voor-atex-gereedschappen\/","og_locale":"cs_CZ","og_type":"article","og_title":"Uw leverancier voor ATEX-gereedschappen - Atex Tools | CZ","og_description":"Heeft uw bedrijf zogeheten ATEX-zones waar een kans bestaat op gas- en\/of ontploffingsgevaar? En wilt u toch onderhoudswerkzaamheden aan machines en gebouwen uitvoeren? Dan biedt Perspect Industrial Products de oplossing! Wij zijn al jarenlang de exclusieve geautoriseerde Benelux-distributeur van vonkvrij gereedschap van de gerenommeerde merken&nbsp;Pinovo&nbsp;en&nbsp;Allmet Safety Tools. Daarnaast zijn we leverancier van&nbsp;Trime North, de producent [&hellip;]","og_url":"https:\/\/www.atex-tools.com\/cz\/uw-leverancier-voor-atex-gereedschappen\/","og_site_name":"Atex Tools | CZ","article_modified_time":"2023-10-13T13:50:36+00:00","og_image":[{"url":"https:\/\/www.atex-tools.com\/wp-content\/uploads\/sites\/4\/2023\/06\/IMG-20220916-WA0015-1024x768.jpg","type":"","width":"","height":""}],"twitter_card":"summary_large_image","twitter_misc":{"Odhadovan\u00e1 doba \u010dten\u00ed":"3 minuty"},"schema":{"@context":"https:\/\/schema.org","@graph":[{"@type":"WebPage","@id":"https:\/\/www.atex-tools.com\/cz\/uw-leverancier-voor-atex-gereedschappen\/","url":"https:\/\/www.atex-tools.com\/cz\/uw-leverancier-voor-atex-gereedschappen\/","name":"Uw leverancier voor ATEX-gereedschappen - Atex Tools | CZ","isPartOf":{"@id":"https:\/\/www.atex-tools.com\/cz\/#website"},"primaryImageOfPage":{"@id":"https:\/\/www.atex-tools.com\/cz\/uw-leverancier-voor-atex-gereedschappen\/#primaryimage"},"image":{"@id":"https:\/\/www.atex-tools.com\/cz\/uw-leverancier-voor-atex-gereedschappen\/#primaryimage"},"thumbnailUrl":"https:\/\/www.atex-tools.com\/wp-content\/uploads\/sites\/4\/2023\/06\/IMG-20220916-WA0015-1024x768.jpg","datePublished":"2022-08-24T14:21:31+00:00","dateModified":"2023-10-13T13:50:36+00:00","breadcrumb":{"@id":"https:\/\/www.atex-tools.com\/cz\/uw-leverancier-voor-atex-gereedschappen\/#breadcrumb"},"inLanguage":"cs","potentialAction":[{"@type":"ReadAction","target":["https:\/\/www.atex-tools.com\/cz\/uw-leverancier-voor-atex-gereedschappen\/"]}]},{"@type":"ImageObject","inLanguage":"cs","@id":"https:\/\/www.atex-tools.com\/cz\/uw-leverancier-voor-atex-gereedschappen\/#primaryimage","url":"https:\/\/www.atex-tools.com\/wp-content\/uploads\/sites\/4\/2023\/06\/IMG-20220916-WA0015-1024x768.jpg","contentUrl":"https:\/\/www.atex-tools.com\/wp-content\/uploads\/sites\/4\/2023\/06\/IMG-20220916-WA0015-1024x768.jpg"},{"@type":"BreadcrumbList","@id":"https:\/\/www.atex-tools.com\/cz\/uw-leverancier-voor-atex-gereedschappen\/#breadcrumb","itemListElement":[{"@type":"ListItem","position":1,"name":"Home","item":"https:\/\/www.atex-tools.com\/cz\/"},{"@type":"ListItem","position":2,"name":"Uw leverancier voor ATEX-gereedschappen"}]},{"@type":"WebSite","@id":"https:\/\/www.atex-tools.com\/cz\/#website","url":"https:\/\/www.atex-tools.com\/cz\/","name":"Atex Tools | CZ","description":"Atex Tools","potentialAction":[{"@type":"SearchAction","target":{"@type":"EntryPoint","urlTemplate":"https:\/\/www.atex-tools.com\/cz\/?s={search_term_string}"},"query-input":{"@type":"PropertyValueSpecification","valueRequired":true,"valueName":"search_term_string"}}],"inLanguage":"cs"}]}},"_links":{"self":[{"href":"https:\/\/www.atex-tools.com\/cz\/wp-json\/wp\/v2\/pages\/116","targetHints":{"allow":["GET"]}}],"collection":[{"href":"https:\/\/www.atex-tools.com\/cz\/wp-json\/wp\/v2\/pages"}],"about":[{"href":"https:\/\/www.atex-tools.com\/cz\/wp-json\/wp\/v2\/types\/page"}],"author":[{"embeddable":true,"href":"https:\/\/www.atex-tools.com\/cz\/wp-json\/wp\/v2\/users\/4"}],"replies":[{"embeddable":true,"href":"https:\/\/www.atex-tools.com\/cz\/wp-json\/wp\/v2\/comments?post=116"}],"version-history":[{"count":10,"href":"https:\/\/www.atex-tools.com\/cz\/wp-json\/wp\/v2\/pages\/116\/revisions"}],"predecessor-version":[{"id":838,"href":"https:\/\/www.atex-tools.com\/cz\/wp-json\/wp\/v2\/pages\/116\/revisions\/838"}],"wp:attachment":[{"href":"https:\/\/www.atex-tools.com\/cz\/wp-json\/wp\/v2\/media?parent=116"}],"curies":[{"name":"wp","href":"https:\/\/api.w.org\/{rel}","templated":true}]}}