{"id":119,"date":"2022-08-24T16:23:45","date_gmt":"2022-08-24T14:23:45","guid":{"rendered":"https:\/\/www.atex-tools.com\/?page_id=119"},"modified":"2023-06-16T10:13:53","modified_gmt":"2023-06-16T08:13:53","slug":"contact","status":"publish","type":"page","link":"https:\/\/www.atex-tools.com\/cz\/contact\/","title":{"rendered":"Perspect Industrial Products B.V."},"content":{"rendered":"\n<p><\/p>\n\n\n\n<div class=\"wp-block-columns contact is-layout-flex wp-container-core-columns-is-layout-28f84493 wp-block-columns-is-layout-flex\">\n<div class=\"wp-block-column is-layout-flow wp-block-column-is-layout-flow\">\n<span class=\"icon-place\"><span class=\"path1\"><\/span><span class=\"path2\"><\/span><\/span>\n\n\n\n<p class=\"has-text-align-center\"><strong>Adres<\/strong><\/p>\n\n\n\n<p class=\"has-text-align-left\">Planckstraat 53<br>3316 GS Dordrecht<br>Nederland<\/p>\n<\/div>\n\n\n\n<div class=\"wp-block-column is-layout-flow wp-block-column-is-layout-flow\">\n<span class=\"icon-contact\"><\/span>\n\n\n\n<p class=\"has-text-align-center\"><strong>Contactgegevens<\/strong><\/p>\n\n\n\n<p class=\"has-text-align-center\"><a href=\"mailto:info@atex-tools.nl\">info@atex-tools.nl<\/a><br><a href=\"tel:078 303 19 20\">078 303 19 20<\/a><\/p>\n<\/div>\n\n\n\n<div class=\"wp-block-column is-layout-flow wp-block-column-is-layout-flow\">\n<span class=\"icon-algemeen\"><\/span>\n\n\n\n<p class=\"has-text-align-center\"><strong>Algemeen<\/strong><\/p>\n\n\n\n<p><strong>IBAN <\/strong>NL15INGB0653137125<br><strong>BIC<\/strong> INGBNL2A<br><strong>BTW<\/strong> NL00.71.84.980.B01<br><strong>KvK<\/strong> 27159814<\/p>\n<\/div>\n<\/div>\n","protected":false},"excerpt":{"rendered":"<p>Adres Planckstraat 533316 GS DordrechtNederland Contactgegevens info@atex-tools.nl078 303 19 20 Algemeen IBAN NL15INGB0653137125BIC INGBNL2ABTW NL00.71.84.980.B01KvK 27159814<\/p>\n","protected":false},"author":4,"featured_media":0,"parent":0,"menu_order":0,"comment_status":"closed","ping_status":"closed","template":"","meta":{"_acf_changed":false,"content-type":"","editor_notices":[],"footnotes":""},"class_list":["post-119","page","type-page","status-publish","hentry"],"acf":[],"yoast_head":"<!-- This site is optimized with the Yoast SEO plugin v27.3 - https:\/\/yoast.com\/product\/yoast-seo-wordpress\/ -->\n<title>Perspect Industrial Products B.V. - Atex Tools | CZ<\/title>\n<meta name=\"robots\" content=\"index, follow, max-snippet:-1, max-image-preview:large, max-video-preview:-1\" \/>\n<link rel=\"canonical\" href=\"https:\/\/www.atex-tools.com\/cz\/contact\/\" \/>\n<meta property=\"og:locale\" content=\"cs_CZ\" \/>\n<meta property=\"og:type\" content=\"article\" \/>\n<meta property=\"og:title\" content=\"Perspect Industrial Products B.V. - Atex Tools | CZ\" \/>\n<meta property=\"og:description\" content=\"Adres Planckstraat 533316 GS DordrechtNederland Contactgegevens info@atex-tools.nl078 303 19 20 Algemeen IBAN NL15INGB0653137125BIC INGBNL2ABTW NL00.71.84.980.B01KvK 27159814\" \/>\n<meta property=\"og:url\" content=\"https:\/\/www.atex-tools.com\/cz\/contact\/\" \/>\n<meta property=\"og:site_name\" content=\"Atex Tools | CZ\" \/>\n<meta property=\"article:modified_time\" content=\"2023-06-16T08:13:53+00:00\" \/>\n<meta name=\"twitter:card\" content=\"summary_large_image\" \/>\n<meta name=\"twitter:label1\" content=\"Odhadovan\u00e1 doba \u010dten\u00ed\" \/>\n\t<meta name=\"twitter:data1\" content=\"1 minuta\" \/>\n<script type=\"application\/ld+json\" class=\"yoast-schema-graph\">{\"@context\":\"https:\\\/\\\/schema.org\",\"@graph\":[{\"@type\":\"WebPage\",\"@id\":\"https:\\\/\\\/www.atex-tools.com\\\/cz\\\/contact\\\/\",\"url\":\"https:\\\/\\\/www.atex-tools.com\\\/cz\\\/contact\\\/\",\"name\":\"Perspect Industrial Products B.V. - Atex Tools | CZ\",\"isPartOf\":{\"@id\":\"https:\\\/\\\/www.atex-tools.com\\\/cz\\\/#website\"},\"datePublished\":\"2022-08-24T14:23:45+00:00\",\"dateModified\":\"2023-06-16T08:13:53+00:00\",\"breadcrumb\":{\"@id\":\"https:\\\/\\\/www.atex-tools.com\\\/cz\\\/contact\\\/#breadcrumb\"},\"inLanguage\":\"cs\",\"potentialAction\":[{\"@type\":\"ReadAction\",\"target\":[\"https:\\\/\\\/www.atex-tools.com\\\/cz\\\/contact\\\/\"]}]},{\"@type\":\"BreadcrumbList\",\"@id\":\"https:\\\/\\\/www.atex-tools.com\\\/cz\\\/contact\\\/#breadcrumb\",\"itemListElement\":[{\"@type\":\"ListItem\",\"position\":1,\"name\":\"Home\",\"item\":\"https:\\\/\\\/www.atex-tools.com\\\/cz\\\/\"},{\"@type\":\"ListItem\",\"position\":2,\"name\":\"Perspect Industrial Products B.V.\"}]},{\"@type\":\"WebSite\",\"@id\":\"https:\\\/\\\/www.atex-tools.com\\\/cz\\\/#website\",\"url\":\"https:\\\/\\\/www.atex-tools.com\\\/cz\\\/\",\"name\":\"Atex Tools | CZ\",\"description\":\"Atex Tools\",\"potentialAction\":[{\"@type\":\"SearchAction\",\"target\":{\"@type\":\"EntryPoint\",\"urlTemplate\":\"https:\\\/\\\/www.atex-tools.com\\\/cz\\\/?s={search_term_string}\"},\"query-input\":{\"@type\":\"PropertyValueSpecification\",\"valueRequired\":true,\"valueName\":\"search_term_string\"}}],\"inLanguage\":\"cs\"}]}<\/script>\n<!-- \/ Yoast SEO plugin. -->","yoast_head_json":{"title":"Perspect Industrial Products B.V. - Atex Tools | CZ","robots":{"index":"index","follow":"follow","max-snippet":"max-snippet:-1","max-image-preview":"max-image-preview:large","max-video-preview":"max-video-preview:-1"},"canonical":"https:\/\/www.atex-tools.com\/cz\/contact\/","og_locale":"cs_CZ","og_type":"article","og_title":"Perspect Industrial Products B.V. - Atex Tools | CZ","og_description":"Adres Planckstraat 533316 GS DordrechtNederland Contactgegevens info@atex-tools.nl078 303 19 20 Algemeen IBAN NL15INGB0653137125BIC INGBNL2ABTW NL00.71.84.980.B01KvK 27159814","og_url":"https:\/\/www.atex-tools.com\/cz\/contact\/","og_site_name":"Atex Tools | CZ","article_modified_time":"2023-06-16T08:13:53+00:00","twitter_card":"summary_large_image","twitter_misc":{"Odhadovan\u00e1 doba \u010dten\u00ed":"1 minuta"},"schema":{"@context":"https:\/\/schema.org","@graph":[{"@type":"WebPage","@id":"https:\/\/www.atex-tools.com\/cz\/contact\/","url":"https:\/\/www.atex-tools.com\/cz\/contact\/","name":"Perspect Industrial Products B.V. - Atex Tools | CZ","isPartOf":{"@id":"https:\/\/www.atex-tools.com\/cz\/#website"},"datePublished":"2022-08-24T14:23:45+00:00","dateModified":"2023-06-16T08:13:53+00:00","breadcrumb":{"@id":"https:\/\/www.atex-tools.com\/cz\/contact\/#breadcrumb"},"inLanguage":"cs","potentialAction":[{"@type":"ReadAction","target":["https:\/\/www.atex-tools.com\/cz\/contact\/"]}]},{"@type":"BreadcrumbList","@id":"https:\/\/www.atex-tools.com\/cz\/contact\/#breadcrumb","itemListElement":[{"@type":"ListItem","position":1,"name":"Home","item":"https:\/\/www.atex-tools.com\/cz\/"},{"@type":"ListItem","position":2,"name":"Perspect Industrial Products B.V."}]},{"@type":"WebSite","@id":"https:\/\/www.atex-tools.com\/cz\/#website","url":"https:\/\/www.atex-tools.com\/cz\/","name":"Atex Tools | CZ","description":"Atex Tools","potentialAction":[{"@type":"SearchAction","target":{"@type":"EntryPoint","urlTemplate":"https:\/\/www.atex-tools.com\/cz\/?s={search_term_string}"},"query-input":{"@type":"PropertyValueSpecification","valueRequired":true,"valueName":"search_term_string"}}],"inLanguage":"cs"}]}},"_links":{"self":[{"href":"https:\/\/www.atex-tools.com\/cz\/wp-json\/wp\/v2\/pages\/119","targetHints":{"allow":["GET"]}}],"collection":[{"href":"https:\/\/www.atex-tools.com\/cz\/wp-json\/wp\/v2\/pages"}],"about":[{"href":"https:\/\/www.atex-tools.com\/cz\/wp-json\/wp\/v2\/types\/page"}],"author":[{"embeddable":true,"href":"https:\/\/www.atex-tools.com\/cz\/wp-json\/wp\/v2\/users\/4"}],"replies":[{"embeddable":true,"href":"https:\/\/www.atex-tools.com\/cz\/wp-json\/wp\/v2\/comments?post=119"}],"version-history":[{"count":12,"href":"https:\/\/www.atex-tools.com\/cz\/wp-json\/wp\/v2\/pages\/119\/revisions"}],"predecessor-version":[{"id":661,"href":"https:\/\/www.atex-tools.com\/cz\/wp-json\/wp\/v2\/pages\/119\/revisions\/661"}],"wp:attachment":[{"href":"https:\/\/www.atex-tools.com\/cz\/wp-json\/wp\/v2\/media?parent=119"}],"curies":[{"name":"wp","href":"https:\/\/api.w.org\/{rel}","templated":true}]}}