{"id":703,"date":"2023-09-05T15:31:59","date_gmt":"2023-09-05T13:31:59","guid":{"rendered":"https:\/\/www.atex-tools.com\/?page_id=703"},"modified":"2023-09-05T15:43:31","modified_gmt":"2023-09-05T13:43:31","slug":"vacuumstralen","status":"publish","type":"page","link":"https:\/\/www.atex-tools.com\/cz\/vacuumstralen\/","title":{"rendered":"Vacuumstralen"},"content":{"rendered":"\n<p>Vacu\u00fcmstralen is een geavanceerde oppervlaktebehandelingstechniek die steeds populairder wordt in verschillende industrie\u00ebn. Het biedt een effici\u00ebnte en milieuvriendelijke methode om oppervlakken te reinigen, voor te bereiden en te herstellen. In dit artikel zullen we de voordelen en toepassingen van vacu\u00fcmstralen verkennen, en u een diepgaande gids bieden over deze opwindende technologie.<\/p>\n\n\n\n<figure class=\"wp-block-video\"><video height=\"720\" style=\"aspect-ratio: 1280 \/ 720;\" width=\"1280\" controls src=\"https:\/\/www.atex-tools.com\/wp-content\/uploads\/sites\/4\/2023\/09\/PiSys-Working-Principle-v2-3.mp4\"><\/video><\/figure>\n\n\n\n<h2 class=\"wp-block-heading\">Wat is vacuumstralen?<\/h2>\n\n\n\n<p>Vacuumstralen, ook wel bekend als stofvrij stralen, is een oppervlaktebehandelingsproces waarbij een straalmiddel met hoge snelheid op een oppervlak wordt geprojecteerd. Het unieke aspect van vacu\u00fcmstralen is dat het straalmiddel en het vrijgekomen stof onmiddellijk worden opgezogen, waardoor een stofvrije omgeving wordt gecre\u00eberd. Dit biedt tal van voordelen ten opzichte van traditionele straalmethoden<\/p>\n\n\n\n<h2 class=\"wp-block-heading\">Wanneer kiest u voor vacuumstralen?<\/h2>\n\n\n\n<p>1. Stofvrije omgeving: Het grootste voordeel van vacu\u00fcmstralen is de stofvrije omgeving die het cre\u00ebert. Het opzuigen van het straalmiddel en het stof voorkomt dat deze zich verspreiden in de werkomgeving, wat de gezondheid en veiligheid van werknemers verbetert. Daarnaast hoeven er geen opruimwerkzaamheden uitgevoerd te worden wat leidt tot een verkorte doorlooptijd.<\/p>\n\n\n\n<p>2. Milieuvriendelijk: Omdat vacu\u00fcmstralen het stof opvangt, minimaliseert het de impact op het milieu. Het vermindert de verspreiding van schadelijke stoffen in de lucht en voorkomt dat deze in bodem en water terechtkomen. Microplastic uit verfbestandsdelen is de tweede grootste oorzaak van microplastic uitstoot in de oceanen en milieu. Een keuze voor een duurzame manier van onderhoud is dus een keuze voor vacuumstralen. Vanwege het recyclen van het grit heeft u ook een verminderd gritgebruik, wat leidt tot een besparing van de kosten.<\/p>\n\n\n\n<p>3. Effici\u00ebnte reiniging en voorbereiding: Vacu\u00fcmstralen verwijdert effectief roest, verf, coatings en andere verontreinigingen van oppervlakken. Het zorgt voor een optimale hechting van nieuwe coatings en verlengt de levensduur van substraten. <\/p>\n\n\n\n<p>4. Veelzijdigheid: Vacu\u00fcmstralen kan worden toegepast op verschillende materialen, waaronder metaal, beton, hout en steen. Het is geschikt voor zowel grote industri\u00eble projecten als kleine restauratiewerkzaamheden.<\/p>\n\n\n\n<figure class=\"wp-block-gallery has-nested-images columns-default is-cropped wp-block-gallery-1 is-layout-flex wp-block-gallery-is-layout-flex\">\n<figure class=\"wp-block-image size-large\"><img loading=\"lazy\" decoding=\"async\" width=\"600\" height=\"491\" data-id=\"685\" src=\"https:\/\/www.atex-tools.com\/wp-content\/uploads\/sites\/4\/2022\/12\/pisys-flex-v4-illustration-small_orig.png\" alt=\"\" class=\"wp-image-685\" srcset=\"https:\/\/www.atex-tools.com\/cz\/wp-content\/uploads\/sites\/4\/2022\/12\/pisys-flex-v4-illustration-small_orig.png 600w, https:\/\/www.atex-tools.com\/cz\/wp-content\/uploads\/sites\/4\/2022\/12\/pisys-flex-v4-illustration-small_orig-300x246.png 300w, https:\/\/www.atex-tools.com\/cz\/wp-content\/uploads\/sites\/4\/2022\/12\/pisys-flex-v4-illustration-small_orig-416x340.png 416w\" sizes=\"auto, (max-width: 600px) 100vw, 600px\" \/><\/figure>\n\n\n\n<figure class=\"wp-block-image size-large\"><img loading=\"lazy\" decoding=\"async\" width=\"768\" height=\"1024\" data-id=\"632\" src=\"https:\/\/www.atex-tools.com\/wp-content\/uploads\/sites\/4\/2022\/09\/IMG-20220701-WA0012-2-768x1024.jpg\" alt=\"\" class=\"wp-image-632\" srcset=\"https:\/\/www.atex-tools.com\/cz\/wp-content\/uploads\/sites\/4\/2022\/09\/IMG-20220701-WA0012-2-768x1024.jpg 768w, https:\/\/www.atex-tools.com\/cz\/wp-content\/uploads\/sites\/4\/2022\/09\/IMG-20220701-WA0012-2-225x300.jpg 225w, https:\/\/www.atex-tools.com\/cz\/wp-content\/uploads\/sites\/4\/2022\/09\/IMG-20220701-WA0012-2-1152x1536.jpg 1152w, https:\/\/www.atex-tools.com\/cz\/wp-content\/uploads\/sites\/4\/2022\/09\/IMG-20220701-WA0012-2-416x555.jpg 416w, https:\/\/www.atex-tools.com\/cz\/wp-content\/uploads\/sites\/4\/2022\/09\/IMG-20220701-WA0012-2.jpg 1512w\" sizes=\"auto, (max-width: 768px) 100vw, 768px\" \/><\/figure>\n\n\n\n<figure class=\"wp-block-image size-large\"><img loading=\"lazy\" decoding=\"async\" width=\"1024\" height=\"630\" data-id=\"628\" src=\"https:\/\/www.atex-tools.com\/wp-content\/uploads\/sites\/4\/2023\/06\/IMG-20220916-WA0015-e1692277228594-1024x630.jpg\" alt=\"\" class=\"wp-image-628\" srcset=\"https:\/\/www.atex-tools.com\/cz\/wp-content\/uploads\/sites\/4\/2023\/06\/IMG-20220916-WA0015-e1692277228594-1024x630.jpg 1024w, https:\/\/www.atex-tools.com\/cz\/wp-content\/uploads\/sites\/4\/2023\/06\/IMG-20220916-WA0015-e1692277228594-300x185.jpg 300w, https:\/\/www.atex-tools.com\/cz\/wp-content\/uploads\/sites\/4\/2023\/06\/IMG-20220916-WA0015-e1692277228594-768x472.jpg 768w, https:\/\/www.atex-tools.com\/cz\/wp-content\/uploads\/sites\/4\/2023\/06\/IMG-20220916-WA0015-e1692277228594-1536x945.jpg 1536w, https:\/\/www.atex-tools.com\/cz\/wp-content\/uploads\/sites\/4\/2023\/06\/IMG-20220916-WA0015-e1692277228594-416x256.jpg 416w, https:\/\/www.atex-tools.com\/cz\/wp-content\/uploads\/sites\/4\/2023\/06\/IMG-20220916-WA0015-e1692277228594.jpg 2000w\" sizes=\"auto, (max-width: 1024px) 100vw, 1024px\" \/><\/figure>\n\n\n\n<figure class=\"wp-block-image size-large\"><img loading=\"lazy\" decoding=\"async\" width=\"768\" height=\"1024\" data-id=\"633\" src=\"https:\/\/www.atex-tools.com\/wp-content\/uploads\/sites\/4\/2022\/09\/IMG-20220701-WA0018-768x1024.jpg\" alt=\"\" class=\"wp-image-633\" srcset=\"https:\/\/www.atex-tools.com\/cz\/wp-content\/uploads\/sites\/4\/2022\/09\/IMG-20220701-WA0018-768x1024.jpg 768w, https:\/\/www.atex-tools.com\/cz\/wp-content\/uploads\/sites\/4\/2022\/09\/IMG-20220701-WA0018-225x300.jpg 225w, https:\/\/www.atex-tools.com\/cz\/wp-content\/uploads\/sites\/4\/2022\/09\/IMG-20220701-WA0018-1152x1536.jpg 1152w, https:\/\/www.atex-tools.com\/cz\/wp-content\/uploads\/sites\/4\/2022\/09\/IMG-20220701-WA0018-416x555.jpg 416w, https:\/\/www.atex-tools.com\/cz\/wp-content\/uploads\/sites\/4\/2022\/09\/IMG-20220701-WA0018.jpg 1512w\" sizes=\"auto, (max-width: 768px) 100vw, 768px\" \/><\/figure>\n\n\n\n<figure class=\"wp-block-image size-large\"><img loading=\"lazy\" decoding=\"async\" width=\"768\" height=\"1024\" data-id=\"635\" src=\"https:\/\/www.atex-tools.com\/wp-content\/uploads\/sites\/4\/2022\/09\/IMG-20220701-WA0009-768x1024.jpg\" alt=\"\" class=\"wp-image-635\" srcset=\"https:\/\/www.atex-tools.com\/cz\/wp-content\/uploads\/sites\/4\/2022\/09\/IMG-20220701-WA0009-768x1024.jpg 768w, https:\/\/www.atex-tools.com\/cz\/wp-content\/uploads\/sites\/4\/2022\/09\/IMG-20220701-WA0009-225x300.jpg 225w, https:\/\/www.atex-tools.com\/cz\/wp-content\/uploads\/sites\/4\/2022\/09\/IMG-20220701-WA0009-1152x1536.jpg 1152w, https:\/\/www.atex-tools.com\/cz\/wp-content\/uploads\/sites\/4\/2022\/09\/IMG-20220701-WA0009-416x555.jpg 416w, https:\/\/www.atex-tools.com\/cz\/wp-content\/uploads\/sites\/4\/2022\/09\/IMG-20220701-WA0009.jpg 1512w\" sizes=\"auto, (max-width: 768px) 100vw, 768px\" \/><\/figure>\n\n\n\n<figure class=\"wp-block-image size-large\"><img loading=\"lazy\" decoding=\"async\" width=\"1024\" height=\"768\" data-id=\"636\" src=\"https:\/\/www.atex-tools.com\/wp-content\/uploads\/sites\/4\/2022\/09\/IMG-20220916-WA0007-1024x768.jpg\" alt=\"\" class=\"wp-image-636\" srcset=\"https:\/\/www.atex-tools.com\/cz\/wp-content\/uploads\/sites\/4\/2022\/09\/IMG-20220916-WA0007-1024x768.jpg 1024w, https:\/\/www.atex-tools.com\/cz\/wp-content\/uploads\/sites\/4\/2022\/09\/IMG-20220916-WA0007-300x225.jpg 300w, https:\/\/www.atex-tools.com\/cz\/wp-content\/uploads\/sites\/4\/2022\/09\/IMG-20220916-WA0007-768x576.jpg 768w, https:\/\/www.atex-tools.com\/cz\/wp-content\/uploads\/sites\/4\/2022\/09\/IMG-20220916-WA0007-1536x1152.jpg 1536w, https:\/\/www.atex-tools.com\/cz\/wp-content\/uploads\/sites\/4\/2022\/09\/IMG-20220916-WA0007-416x312.jpg 416w, https:\/\/www.atex-tools.com\/cz\/wp-content\/uploads\/sites\/4\/2022\/09\/IMG-20220916-WA0007.jpg 2000w\" sizes=\"auto, (max-width: 1024px) 100vw, 1024px\" \/><\/figure>\n\n\n\n<figure class=\"wp-block-image size-large\"><img loading=\"lazy\" decoding=\"async\" width=\"1024\" height=\"320\" data-id=\"332\" src=\"https:\/\/www.atex-tools.com\/wp-content\/uploads\/sites\/4\/2022\/09\/Straalmachine-penovo-2-1024x320.png\" alt=\"\" class=\"wp-image-332\" srcset=\"https:\/\/www.atex-tools.com\/cz\/wp-content\/uploads\/sites\/4\/2022\/09\/Straalmachine-penovo-2-1024x320.png 1024w, https:\/\/www.atex-tools.com\/cz\/wp-content\/uploads\/sites\/4\/2022\/09\/Straalmachine-penovo-2-300x94.png 300w, https:\/\/www.atex-tools.com\/cz\/wp-content\/uploads\/sites\/4\/2022\/09\/Straalmachine-penovo-2-768x240.png 768w, https:\/\/www.atex-tools.com\/cz\/wp-content\/uploads\/sites\/4\/2022\/09\/Straalmachine-penovo-2-1536x480.png 1536w, https:\/\/www.atex-tools.com\/cz\/wp-content\/uploads\/sites\/4\/2022\/09\/Straalmachine-penovo-2-416x130.png 416w, https:\/\/www.atex-tools.com\/cz\/wp-content\/uploads\/sites\/4\/2022\/09\/Straalmachine-penovo-2.png 1920w\" sizes=\"auto, (max-width: 1024px) 100vw, 1024px\" \/><\/figure>\n\n\n\n<figure class=\"wp-block-image size-large\"><img loading=\"lazy\" decoding=\"async\" width=\"800\" height=\"450\" data-id=\"281\" src=\"https:\/\/www.atex-tools.com\/wp-content\/uploads\/sites\/4\/2022\/09\/Pico-Pipe.jpg\" alt=\"\" class=\"wp-image-281\" srcset=\"https:\/\/www.atex-tools.com\/cz\/wp-content\/uploads\/sites\/4\/2022\/09\/Pico-Pipe.jpg 800w, https:\/\/www.atex-tools.com\/cz\/wp-content\/uploads\/sites\/4\/2022\/09\/Pico-Pipe-300x169.jpg 300w, https:\/\/www.atex-tools.com\/cz\/wp-content\/uploads\/sites\/4\/2022\/09\/Pico-Pipe-768x432.jpg 768w, https:\/\/www.atex-tools.com\/cz\/wp-content\/uploads\/sites\/4\/2022\/09\/Pico-Pipe-416x234.jpg 416w\" sizes=\"auto, (max-width: 800px) 100vw, 800px\" \/><\/figure>\n\n\n\n<figure class=\"wp-block-image size-large\"><img loading=\"lazy\" decoding=\"async\" width=\"800\" height=\"800\" data-id=\"278\" src=\"https:\/\/www.atex-tools.com\/wp-content\/uploads\/sites\/4\/2022\/09\/PiHab.jpg\" alt=\"\" class=\"wp-image-278\" srcset=\"https:\/\/www.atex-tools.com\/cz\/wp-content\/uploads\/sites\/4\/2022\/09\/PiHab.jpg 800w, https:\/\/www.atex-tools.com\/cz\/wp-content\/uploads\/sites\/4\/2022\/09\/PiHab-300x300.jpg 300w, https:\/\/www.atex-tools.com\/cz\/wp-content\/uploads\/sites\/4\/2022\/09\/PiHab-150x150.jpg 150w, https:\/\/www.atex-tools.com\/cz\/wp-content\/uploads\/sites\/4\/2022\/09\/PiHab-768x768.jpg 768w, https:\/\/www.atex-tools.com\/cz\/wp-content\/uploads\/sites\/4\/2022\/09\/PiHab-324x324.jpg 324w, https:\/\/www.atex-tools.com\/cz\/wp-content\/uploads\/sites\/4\/2022\/09\/PiHab-416x416.jpg 416w, https:\/\/www.atex-tools.com\/cz\/wp-content\/uploads\/sites\/4\/2022\/09\/PiHab-100x100.jpg 100w\" sizes=\"auto, (max-width: 800px) 100vw, 800px\" \/><\/figure>\n<\/figure>\n","protected":false},"excerpt":{"rendered":"<p>Vacu\u00fcmstralen is een geavanceerde oppervlaktebehandelingstechniek die steeds populairder wordt in verschillende industrie\u00ebn. Het biedt een effici\u00ebnte en milieuvriendelijke methode om oppervlakken te reinigen, voor te bereiden en te herstellen. In dit artikel zullen we de voordelen en toepassingen van vacu\u00fcmstralen verkennen, en u een diepgaande gids bieden over deze opwindende technologie. Wat is vacuumstralen? Vacuumstralen, [&hellip;]<\/p>\n","protected":false},"author":2,"featured_media":0,"parent":0,"menu_order":0,"comment_status":"closed","ping_status":"closed","template":"","meta":{"_acf_changed":false,"content-type":"","editor_notices":[],"footnotes":""},"class_list":["post-703","page","type-page","status-publish","hentry"],"acf":[],"yoast_head":"<!-- This site is optimized with the Yoast SEO plugin v27.3 - https:\/\/yoast.com\/product\/yoast-seo-wordpress\/ -->\n<title>Vacuumstralen - Atex Tools | CZ<\/title>\n<meta name=\"description\" content=\"Vacuumstralen is ideaal voor het stofvrij voorbehandelen van een oppervlakte. Neem voor uw project vrijblijvend contact met ons op.\" \/>\n<meta name=\"robots\" content=\"index, follow, max-snippet:-1, max-image-preview:large, max-video-preview:-1\" \/>\n<link rel=\"canonical\" href=\"https:\/\/www.atex-tools.com\/cz\/vacuumstralen\/\" \/>\n<meta property=\"og:locale\" content=\"cs_CZ\" \/>\n<meta property=\"og:type\" content=\"article\" \/>\n<meta property=\"og:title\" content=\"Vacuumstralen - Atex Tools | CZ\" \/>\n<meta property=\"og:description\" content=\"Vacuumstralen is ideaal voor het stofvrij voorbehandelen van een oppervlakte. Neem voor uw project vrijblijvend contact met ons op.\" \/>\n<meta property=\"og:url\" content=\"https:\/\/www.atex-tools.com\/cz\/vacuumstralen\/\" \/>\n<meta property=\"og:site_name\" content=\"Atex Tools | CZ\" \/>\n<meta property=\"article:modified_time\" content=\"2023-09-05T13:43:31+00:00\" \/>\n<meta property=\"og:image\" content=\"https:\/\/www.atex-tools.com\/wp-content\/uploads\/sites\/4\/2022\/12\/pisys-flex-v4-illustration-small_orig.png\" \/>\n<meta name=\"twitter:card\" content=\"summary_large_image\" \/>\n<meta name=\"twitter:label1\" content=\"Odhadovan\u00e1 doba \u010dten\u00ed\" \/>\n\t<meta name=\"twitter:data1\" content=\"4 minuty\" \/>\n<script type=\"application\/ld+json\" class=\"yoast-schema-graph\">{\"@context\":\"https:\\\/\\\/schema.org\",\"@graph\":[{\"@type\":\"WebPage\",\"@id\":\"https:\\\/\\\/www.atex-tools.com\\\/cz\\\/vacuumstralen\\\/\",\"url\":\"https:\\\/\\\/www.atex-tools.com\\\/cz\\\/vacuumstralen\\\/\",\"name\":\"Vacuumstralen - Atex Tools | CZ\",\"isPartOf\":{\"@id\":\"https:\\\/\\\/www.atex-tools.com\\\/cz\\\/#website\"},\"primaryImageOfPage\":{\"@id\":\"https:\\\/\\\/www.atex-tools.com\\\/cz\\\/vacuumstralen\\\/#primaryimage\"},\"image\":{\"@id\":\"https:\\\/\\\/www.atex-tools.com\\\/cz\\\/vacuumstralen\\\/#primaryimage\"},\"thumbnailUrl\":\"https:\\\/\\\/www.atex-tools.com\\\/wp-content\\\/uploads\\\/sites\\\/4\\\/2022\\\/12\\\/pisys-flex-v4-illustration-small_orig.png\",\"datePublished\":\"2023-09-05T13:31:59+00:00\",\"dateModified\":\"2023-09-05T13:43:31+00:00\",\"description\":\"Vacuumstralen is ideaal voor het stofvrij voorbehandelen van een oppervlakte. Neem voor uw project vrijblijvend contact met ons op.\",\"breadcrumb\":{\"@id\":\"https:\\\/\\\/www.atex-tools.com\\\/cz\\\/vacuumstralen\\\/#breadcrumb\"},\"inLanguage\":\"cs\",\"potentialAction\":[{\"@type\":\"ReadAction\",\"target\":[\"https:\\\/\\\/www.atex-tools.com\\\/cz\\\/vacuumstralen\\\/\"]}]},{\"@type\":\"ImageObject\",\"inLanguage\":\"cs\",\"@id\":\"https:\\\/\\\/www.atex-tools.com\\\/cz\\\/vacuumstralen\\\/#primaryimage\",\"url\":\"https:\\\/\\\/www.atex-tools.com\\\/wp-content\\\/uploads\\\/sites\\\/4\\\/2022\\\/12\\\/pisys-flex-v4-illustration-small_orig.png\",\"contentUrl\":\"https:\\\/\\\/www.atex-tools.com\\\/wp-content\\\/uploads\\\/sites\\\/4\\\/2022\\\/12\\\/pisys-flex-v4-illustration-small_orig.png\"},{\"@type\":\"BreadcrumbList\",\"@id\":\"https:\\\/\\\/www.atex-tools.com\\\/cz\\\/vacuumstralen\\\/#breadcrumb\",\"itemListElement\":[{\"@type\":\"ListItem\",\"position\":1,\"name\":\"Home\",\"item\":\"https:\\\/\\\/www.atex-tools.com\\\/cz\\\/\"},{\"@type\":\"ListItem\",\"position\":2,\"name\":\"Vacuumstralen\"}]},{\"@type\":\"WebSite\",\"@id\":\"https:\\\/\\\/www.atex-tools.com\\\/cz\\\/#website\",\"url\":\"https:\\\/\\\/www.atex-tools.com\\\/cz\\\/\",\"name\":\"Atex Tools | CZ\",\"description\":\"Atex Tools\",\"potentialAction\":[{\"@type\":\"SearchAction\",\"target\":{\"@type\":\"EntryPoint\",\"urlTemplate\":\"https:\\\/\\\/www.atex-tools.com\\\/cz\\\/?s={search_term_string}\"},\"query-input\":{\"@type\":\"PropertyValueSpecification\",\"valueRequired\":true,\"valueName\":\"search_term_string\"}}],\"inLanguage\":\"cs\"}]}<\/script>\n<!-- \/ Yoast SEO plugin. -->","yoast_head_json":{"title":"Vacuumstralen - Atex Tools | CZ","description":"Vacuumstralen is ideaal voor het stofvrij voorbehandelen van een oppervlakte. Neem voor uw project vrijblijvend contact met ons op.","robots":{"index":"index","follow":"follow","max-snippet":"max-snippet:-1","max-image-preview":"max-image-preview:large","max-video-preview":"max-video-preview:-1"},"canonical":"https:\/\/www.atex-tools.com\/cz\/vacuumstralen\/","og_locale":"cs_CZ","og_type":"article","og_title":"Vacuumstralen - Atex Tools | CZ","og_description":"Vacuumstralen is ideaal voor het stofvrij voorbehandelen van een oppervlakte. Neem voor uw project vrijblijvend contact met ons op.","og_url":"https:\/\/www.atex-tools.com\/cz\/vacuumstralen\/","og_site_name":"Atex Tools | CZ","article_modified_time":"2023-09-05T13:43:31+00:00","og_image":[{"url":"https:\/\/www.atex-tools.com\/wp-content\/uploads\/sites\/4\/2022\/12\/pisys-flex-v4-illustration-small_orig.png","type":"","width":"","height":""}],"twitter_card":"summary_large_image","twitter_misc":{"Odhadovan\u00e1 doba \u010dten\u00ed":"4 minuty"},"schema":{"@context":"https:\/\/schema.org","@graph":[{"@type":"WebPage","@id":"https:\/\/www.atex-tools.com\/cz\/vacuumstralen\/","url":"https:\/\/www.atex-tools.com\/cz\/vacuumstralen\/","name":"Vacuumstralen - Atex Tools | CZ","isPartOf":{"@id":"https:\/\/www.atex-tools.com\/cz\/#website"},"primaryImageOfPage":{"@id":"https:\/\/www.atex-tools.com\/cz\/vacuumstralen\/#primaryimage"},"image":{"@id":"https:\/\/www.atex-tools.com\/cz\/vacuumstralen\/#primaryimage"},"thumbnailUrl":"https:\/\/www.atex-tools.com\/wp-content\/uploads\/sites\/4\/2022\/12\/pisys-flex-v4-illustration-small_orig.png","datePublished":"2023-09-05T13:31:59+00:00","dateModified":"2023-09-05T13:43:31+00:00","description":"Vacuumstralen is ideaal voor het stofvrij voorbehandelen van een oppervlakte. Neem voor uw project vrijblijvend contact met ons op.","breadcrumb":{"@id":"https:\/\/www.atex-tools.com\/cz\/vacuumstralen\/#breadcrumb"},"inLanguage":"cs","potentialAction":[{"@type":"ReadAction","target":["https:\/\/www.atex-tools.com\/cz\/vacuumstralen\/"]}]},{"@type":"ImageObject","inLanguage":"cs","@id":"https:\/\/www.atex-tools.com\/cz\/vacuumstralen\/#primaryimage","url":"https:\/\/www.atex-tools.com\/wp-content\/uploads\/sites\/4\/2022\/12\/pisys-flex-v4-illustration-small_orig.png","contentUrl":"https:\/\/www.atex-tools.com\/wp-content\/uploads\/sites\/4\/2022\/12\/pisys-flex-v4-illustration-small_orig.png"},{"@type":"BreadcrumbList","@id":"https:\/\/www.atex-tools.com\/cz\/vacuumstralen\/#breadcrumb","itemListElement":[{"@type":"ListItem","position":1,"name":"Home","item":"https:\/\/www.atex-tools.com\/cz\/"},{"@type":"ListItem","position":2,"name":"Vacuumstralen"}]},{"@type":"WebSite","@id":"https:\/\/www.atex-tools.com\/cz\/#website","url":"https:\/\/www.atex-tools.com\/cz\/","name":"Atex Tools | CZ","description":"Atex Tools","potentialAction":[{"@type":"SearchAction","target":{"@type":"EntryPoint","urlTemplate":"https:\/\/www.atex-tools.com\/cz\/?s={search_term_string}"},"query-input":{"@type":"PropertyValueSpecification","valueRequired":true,"valueName":"search_term_string"}}],"inLanguage":"cs"}]}},"_links":{"self":[{"href":"https:\/\/www.atex-tools.com\/cz\/wp-json\/wp\/v2\/pages\/703","targetHints":{"allow":["GET"]}}],"collection":[{"href":"https:\/\/www.atex-tools.com\/cz\/wp-json\/wp\/v2\/pages"}],"about":[{"href":"https:\/\/www.atex-tools.com\/cz\/wp-json\/wp\/v2\/types\/page"}],"author":[{"embeddable":true,"href":"https:\/\/www.atex-tools.com\/cz\/wp-json\/wp\/v2\/users\/2"}],"replies":[{"embeddable":true,"href":"https:\/\/www.atex-tools.com\/cz\/wp-json\/wp\/v2\/comments?post=703"}],"version-history":[{"count":9,"href":"https:\/\/www.atex-tools.com\/cz\/wp-json\/wp\/v2\/pages\/703\/revisions"}],"predecessor-version":[{"id":714,"href":"https:\/\/www.atex-tools.com\/cz\/wp-json\/wp\/v2\/pages\/703\/revisions\/714"}],"wp:attachment":[{"href":"https:\/\/www.atex-tools.com\/cz\/wp-json\/wp\/v2\/media?parent=703"}],"curies":[{"name":"wp","href":"https:\/\/api.w.org\/{rel}","templated":true}]}}