{"id":224,"date":"2022-09-20T10:33:42","date_gmt":"2022-09-20T08:33:42","guid":{"rendered":"https:\/\/www.atex-tools.com\/?post_type=product&#038;p=224"},"modified":"2024-07-15T10:25:50","modified_gmt":"2024-07-15T08:25:50","slug":"basic-solution-kit","status":"publish","type":"product","link":"https:\/\/www.atex-tools.com\/cz\/product\/assortiment\/slijpen\/complete-slijpkits-surface-preparation\/basic-solution-kit\/","title":{"rendered":"Basic solution kit"},"content":{"rendered":"<h1>Slijpen - Basic solution kit<\/h1>\n<h2>Slijpen in ATEX-zone<\/h2>\n<p>Onze Basic Solution Kit is ontwikkeld voor algemeen onderhoud van corrosieverwijdering en oppervlaktevoorbereiding voor de zware industrie. Met deze oplossing kunt u diverse slijpwerkzaamheden in-situ uitvoeren.<\/p>\n<p>Deze oplossing is optimaal voor corrosieonderhoud, spotrepair en mechanische oppervlaktevoorbehandeling. Door ATEX-gecertificeerd gereedschap van Safety Tools Allmet te gebruiken, zult u minder tijd besteden aan veeleisende risicobeoordelingen en alle kosten in verband met stilleggingen, brandwachten, heetwerkvergunningen, habitats en veeleisend schoonmaakwerk terugdringen. Onze Basic Solution Kit is speciaal ontworpen om de beste instrumenten voor de zware industrie te bieden.<\/p>\n<h2>Inhoud koffer<\/h2>\n<p><strong>Airtools:<\/strong><br \/>\nA-0107 Stiftslijper \/ Straight grinder<br \/>\nA-0105 Haakse slijper \/ Angled grinder<\/p>\n<p><strong>Slijpfreesjes:<\/strong><br \/>\nA-0003 Straight cone<br \/>\nA-0004 Little papa<br \/>\nA-0005 Round boy<\/p>\n<p><strong>Slijpschijf:<\/strong><br \/>\nA-0500 Grinding disc for paint<\/p>\n<h2>Health Safety &amp; Environment<\/h2>\n<p>Onze slijpproducten zijn ontworpen om te voldoen aan de vereisten van Health Safety &amp; the Environment (HSE &amp; OSHA) en bieden lage trillings-, hitte- en geluidsniveaus. De geproduceerde fragmenten zijn groot, niet scherp en blijven binnen een paar centimeter van uw werkgebied. Dit maakt het opruimen eenvoudig en veilig.<\/p>\n","protected":false},"excerpt":{"rendered":"<p>Safety Tools Allmet is gespecialiseerd in unieke slijp- en snijgereedschappen voor oppervlaktevoorbehandeling onder koudwerk omstandigheden.<br \/>\nOnze apparatuur volgt de ATEX-richtlijnen en is gecertificeerd voor veilig gebruik in Ex-gaszones 1 en 2 (stofzones 21 en 22) zonder heetwerkvergunning.<br \/>\nSafety Tools Allmet wordt al meer dan twee decennia wereldwijd veilig gebruikt en biedt aanzienlijke voordelen op het gebied van gezondheid, veiligheid en milieu.<\/p>\n<p>Contacteer ons vandaag nog voor meer informatie.<\/p>\n<p>&nbsp;<\/p>\n","protected":false},"featured_media":225,"template":"","meta":{"_acf_changed":false,"content-type":"","editor_notices":[]},"product_brand":[],"product_cat":[30,70,73],"product_tag":[40],"class_list":{"0":"post-224","1":"product","2":"type-product","3":"status-publish","4":"has-post-thumbnail","6":"product_cat-assortiment","7":"product_cat-slijpen","8":"product_cat-complete-slijpkits-surface-preparation","9":"product_tag-atex-slijpen-gereedschap-vonkvrij-opruwen","11":"first","12":"instock","13":"featured","14":"taxable","15":"shipping-taxable","16":"product-type-simple"},"acf":[],"yoast_head":"<!-- This site is optimized with the Yoast SEO plugin v27.3 - https:\/\/yoast.com\/product\/yoast-seo-wordpress\/ -->\n<title>Basic solution kit - Atex Tools | CZ<\/title>\n<meta name=\"description\" content=\"Safety Tools Allmet is gespecialiseerd in unieke slijp- en snijgereedschappen voor oppervlaktevoorbehandeling onder koudwerk omstandigheden.Onze apparatuur volgt de ATEX-richtlijnen en is gecertificeerd voor veilig gebruik in Ex-gaszones 1 en 2 (stofzones 21 en 22) zonder heetwerkvergunning.Safety Tools Allmet wordt al meer dan twee decennia wereldwijd veilig gebruikt en biedt aanzienlijke voordelen op het gebied van gezondheid, veiligheid en milieu.Contacteer ons vandaag nog voor meer informatie.\" \/>\n<meta name=\"robots\" content=\"index, follow, max-snippet:-1, max-image-preview:large, max-video-preview:-1\" \/>\n<link rel=\"canonical\" href=\"https:\/\/www.atex-tools.com\/cz\/product\/assortiment\/slijpen\/complete-slijpkits-surface-preparation\/basic-solution-kit\/\" \/>\n<meta property=\"og:locale\" content=\"cs_CZ\" \/>\n<meta property=\"og:type\" content=\"article\" \/>\n<meta property=\"og:title\" content=\"Basic solution kit - Atex Tools | CZ\" \/>\n<meta property=\"og:description\" content=\"Safety Tools Allmet is gespecialiseerd in unieke slijp- en snijgereedschappen voor oppervlaktevoorbehandeling onder koudwerk omstandigheden.Onze apparatuur volgt de ATEX-richtlijnen en is gecertificeerd voor veilig gebruik in Ex-gaszones 1 en 2 (stofzones 21 en 22) zonder heetwerkvergunning.Safety Tools Allmet wordt al meer dan twee decennia wereldwijd veilig gebruikt en biedt aanzienlijke voordelen op het gebied van gezondheid, veiligheid en milieu.Contacteer ons vandaag nog voor meer informatie.\" \/>\n<meta property=\"og:url\" content=\"https:\/\/www.atex-tools.com\/cz\/product\/assortiment\/slijpen\/complete-slijpkits-surface-preparation\/basic-solution-kit\/\" \/>\n<meta property=\"og:site_name\" content=\"Atex Tools | CZ\" \/>\n<meta property=\"article:modified_time\" content=\"2024-07-15T08:25:50+00:00\" \/>\n<meta property=\"og:image\" content=\"https:\/\/www.atex-tools.com\/cz\/wp-content\/uploads\/sites\/4\/2022\/09\/Basic-solution-kit-A-0055-1.jpg\" \/>\n\t<meta property=\"og:image:width\" content=\"600\" \/>\n\t<meta property=\"og:image:height\" content=\"600\" \/>\n\t<meta property=\"og:image:type\" content=\"image\/jpeg\" \/>\n<meta name=\"twitter:card\" content=\"summary_large_image\" \/>\n<meta name=\"twitter:label1\" content=\"Odhadovan\u00e1 doba \u010dten\u00ed\" \/>\n\t<meta name=\"twitter:data1\" content=\"1 minuta\" \/>\n<script type=\"application\/ld+json\" class=\"yoast-schema-graph\">{\"@context\":\"https:\\\/\\\/schema.org\",\"@graph\":[{\"@type\":\"WebPage\",\"@id\":\"https:\\\/\\\/www.atex-tools.com\\\/cz\\\/product\\\/assortiment\\\/slijpen\\\/complete-slijpkits-surface-preparation\\\/basic-solution-kit\\\/\",\"url\":\"https:\\\/\\\/www.atex-tools.com\\\/cz\\\/product\\\/assortiment\\\/slijpen\\\/complete-slijpkits-surface-preparation\\\/basic-solution-kit\\\/\",\"name\":\"Basic solution kit - Atex Tools | CZ\",\"isPartOf\":{\"@id\":\"https:\\\/\\\/www.atex-tools.com\\\/cz\\\/#website\"},\"primaryImageOfPage\":{\"@id\":\"https:\\\/\\\/www.atex-tools.com\\\/cz\\\/product\\\/assortiment\\\/slijpen\\\/complete-slijpkits-surface-preparation\\\/basic-solution-kit\\\/#primaryimage\"},\"image\":{\"@id\":\"https:\\\/\\\/www.atex-tools.com\\\/cz\\\/product\\\/assortiment\\\/slijpen\\\/complete-slijpkits-surface-preparation\\\/basic-solution-kit\\\/#primaryimage\"},\"thumbnailUrl\":\"https:\\\/\\\/www.atex-tools.com\\\/cz\\\/wp-content\\\/uploads\\\/sites\\\/4\\\/2022\\\/09\\\/Basic-solution-kit-A-0055-1.jpg\",\"datePublished\":\"2022-09-20T08:33:42+00:00\",\"dateModified\":\"2024-07-15T08:25:50+00:00\",\"description\":\"Safety Tools Allmet is gespecialiseerd in unieke slijp- en snijgereedschappen voor oppervlaktevoorbehandeling onder koudwerk omstandigheden.Onze apparatuur volgt de ATEX-richtlijnen en is gecertificeerd voor veilig gebruik in Ex-gaszones 1 en 2 (stofzones 21 en 22) zonder heetwerkvergunning.Safety Tools Allmet wordt al meer dan twee decennia wereldwijd veilig gebruikt en biedt aanzienlijke voordelen op het gebied van gezondheid, veiligheid en milieu.Contacteer ons vandaag nog voor meer informatie.\",\"breadcrumb\":{\"@id\":\"https:\\\/\\\/www.atex-tools.com\\\/cz\\\/product\\\/assortiment\\\/slijpen\\\/complete-slijpkits-surface-preparation\\\/basic-solution-kit\\\/#breadcrumb\"},\"inLanguage\":\"cs\",\"potentialAction\":[{\"@type\":\"ReadAction\",\"target\":[\"https:\\\/\\\/www.atex-tools.com\\\/cz\\\/product\\\/assortiment\\\/slijpen\\\/complete-slijpkits-surface-preparation\\\/basic-solution-kit\\\/\"]}]},{\"@type\":\"ImageObject\",\"inLanguage\":\"cs\",\"@id\":\"https:\\\/\\\/www.atex-tools.com\\\/cz\\\/product\\\/assortiment\\\/slijpen\\\/complete-slijpkits-surface-preparation\\\/basic-solution-kit\\\/#primaryimage\",\"url\":\"https:\\\/\\\/www.atex-tools.com\\\/cz\\\/wp-content\\\/uploads\\\/sites\\\/4\\\/2022\\\/09\\\/Basic-solution-kit-A-0055-1.jpg\",\"contentUrl\":\"https:\\\/\\\/www.atex-tools.com\\\/cz\\\/wp-content\\\/uploads\\\/sites\\\/4\\\/2022\\\/09\\\/Basic-solution-kit-A-0055-1.jpg\",\"width\":600,\"height\":600},{\"@type\":\"BreadcrumbList\",\"@id\":\"https:\\\/\\\/www.atex-tools.com\\\/cz\\\/product\\\/assortiment\\\/slijpen\\\/complete-slijpkits-surface-preparation\\\/basic-solution-kit\\\/#breadcrumb\",\"itemListElement\":[{\"@type\":\"ListItem\",\"position\":1,\"name\":\"Home\",\"item\":\"https:\\\/\\\/www.atex-tools.com\\\/cz\\\/\"},{\"@type\":\"ListItem\",\"position\":2,\"name\":\"Producten\",\"item\":\"https:\\\/\\\/www.atex-tools.com\\\/cz\\\/producten\\\/\"},{\"@type\":\"ListItem\",\"position\":3,\"name\":\"Basic solution kit\"}]},{\"@type\":\"WebSite\",\"@id\":\"https:\\\/\\\/www.atex-tools.com\\\/cz\\\/#website\",\"url\":\"https:\\\/\\\/www.atex-tools.com\\\/cz\\\/\",\"name\":\"Atex Tools | CZ\",\"description\":\"Atex Tools\",\"potentialAction\":[{\"@type\":\"SearchAction\",\"target\":{\"@type\":\"EntryPoint\",\"urlTemplate\":\"https:\\\/\\\/www.atex-tools.com\\\/cz\\\/?s={search_term_string}\"},\"query-input\":{\"@type\":\"PropertyValueSpecification\",\"valueRequired\":true,\"valueName\":\"search_term_string\"}}],\"inLanguage\":\"cs\"}]}<\/script>\n<!-- \/ Yoast SEO plugin. -->","yoast_head_json":{"title":"Basic solution kit - Atex Tools | CZ","description":"Safety Tools Allmet is gespecialiseerd in unieke slijp- en snijgereedschappen voor oppervlaktevoorbehandeling onder koudwerk omstandigheden.Onze apparatuur volgt de ATEX-richtlijnen en is gecertificeerd voor veilig gebruik in Ex-gaszones 1 en 2 (stofzones 21 en 22) zonder heetwerkvergunning.Safety Tools Allmet wordt al meer dan twee decennia wereldwijd veilig gebruikt en biedt aanzienlijke voordelen op het gebied van gezondheid, veiligheid en milieu.Contacteer ons vandaag nog voor meer informatie.","robots":{"index":"index","follow":"follow","max-snippet":"max-snippet:-1","max-image-preview":"max-image-preview:large","max-video-preview":"max-video-preview:-1"},"canonical":"https:\/\/www.atex-tools.com\/cz\/product\/assortiment\/slijpen\/complete-slijpkits-surface-preparation\/basic-solution-kit\/","og_locale":"cs_CZ","og_type":"article","og_title":"Basic solution kit - Atex Tools | CZ","og_description":"Safety Tools Allmet is gespecialiseerd in unieke slijp- en snijgereedschappen voor oppervlaktevoorbehandeling onder koudwerk omstandigheden.Onze apparatuur volgt de ATEX-richtlijnen en is gecertificeerd voor veilig gebruik in Ex-gaszones 1 en 2 (stofzones 21 en 22) zonder heetwerkvergunning.Safety Tools Allmet wordt al meer dan twee decennia wereldwijd veilig gebruikt en biedt aanzienlijke voordelen op het gebied van gezondheid, veiligheid en milieu.Contacteer ons vandaag nog voor meer informatie.","og_url":"https:\/\/www.atex-tools.com\/cz\/product\/assortiment\/slijpen\/complete-slijpkits-surface-preparation\/basic-solution-kit\/","og_site_name":"Atex Tools | CZ","article_modified_time":"2024-07-15T08:25:50+00:00","og_image":[{"width":600,"height":600,"url":"https:\/\/www.atex-tools.com\/cz\/wp-content\/uploads\/sites\/4\/2022\/09\/Basic-solution-kit-A-0055-1.jpg","type":"image\/jpeg"}],"twitter_card":"summary_large_image","twitter_misc":{"Odhadovan\u00e1 doba \u010dten\u00ed":"1 minuta"},"schema":{"@context":"https:\/\/schema.org","@graph":[{"@type":"WebPage","@id":"https:\/\/www.atex-tools.com\/cz\/product\/assortiment\/slijpen\/complete-slijpkits-surface-preparation\/basic-solution-kit\/","url":"https:\/\/www.atex-tools.com\/cz\/product\/assortiment\/slijpen\/complete-slijpkits-surface-preparation\/basic-solution-kit\/","name":"Basic solution kit - Atex Tools | CZ","isPartOf":{"@id":"https:\/\/www.atex-tools.com\/cz\/#website"},"primaryImageOfPage":{"@id":"https:\/\/www.atex-tools.com\/cz\/product\/assortiment\/slijpen\/complete-slijpkits-surface-preparation\/basic-solution-kit\/#primaryimage"},"image":{"@id":"https:\/\/www.atex-tools.com\/cz\/product\/assortiment\/slijpen\/complete-slijpkits-surface-preparation\/basic-solution-kit\/#primaryimage"},"thumbnailUrl":"https:\/\/www.atex-tools.com\/cz\/wp-content\/uploads\/sites\/4\/2022\/09\/Basic-solution-kit-A-0055-1.jpg","datePublished":"2022-09-20T08:33:42+00:00","dateModified":"2024-07-15T08:25:50+00:00","description":"Safety Tools Allmet is gespecialiseerd in unieke slijp- en snijgereedschappen voor oppervlaktevoorbehandeling onder koudwerk omstandigheden.Onze apparatuur volgt de ATEX-richtlijnen en is gecertificeerd voor veilig gebruik in Ex-gaszones 1 en 2 (stofzones 21 en 22) zonder heetwerkvergunning.Safety Tools Allmet wordt al meer dan twee decennia wereldwijd veilig gebruikt en biedt aanzienlijke voordelen op het gebied van gezondheid, veiligheid en milieu.Contacteer ons vandaag nog voor meer informatie.","breadcrumb":{"@id":"https:\/\/www.atex-tools.com\/cz\/product\/assortiment\/slijpen\/complete-slijpkits-surface-preparation\/basic-solution-kit\/#breadcrumb"},"inLanguage":"cs","potentialAction":[{"@type":"ReadAction","target":["https:\/\/www.atex-tools.com\/cz\/product\/assortiment\/slijpen\/complete-slijpkits-surface-preparation\/basic-solution-kit\/"]}]},{"@type":"ImageObject","inLanguage":"cs","@id":"https:\/\/www.atex-tools.com\/cz\/product\/assortiment\/slijpen\/complete-slijpkits-surface-preparation\/basic-solution-kit\/#primaryimage","url":"https:\/\/www.atex-tools.com\/cz\/wp-content\/uploads\/sites\/4\/2022\/09\/Basic-solution-kit-A-0055-1.jpg","contentUrl":"https:\/\/www.atex-tools.com\/cz\/wp-content\/uploads\/sites\/4\/2022\/09\/Basic-solution-kit-A-0055-1.jpg","width":600,"height":600},{"@type":"BreadcrumbList","@id":"https:\/\/www.atex-tools.com\/cz\/product\/assortiment\/slijpen\/complete-slijpkits-surface-preparation\/basic-solution-kit\/#breadcrumb","itemListElement":[{"@type":"ListItem","position":1,"name":"Home","item":"https:\/\/www.atex-tools.com\/cz\/"},{"@type":"ListItem","position":2,"name":"Producten","item":"https:\/\/www.atex-tools.com\/cz\/producten\/"},{"@type":"ListItem","position":3,"name":"Basic solution kit"}]},{"@type":"WebSite","@id":"https:\/\/www.atex-tools.com\/cz\/#website","url":"https:\/\/www.atex-tools.com\/cz\/","name":"Atex Tools | CZ","description":"Atex Tools","potentialAction":[{"@type":"SearchAction","target":{"@type":"EntryPoint","urlTemplate":"https:\/\/www.atex-tools.com\/cz\/?s={search_term_string}"},"query-input":{"@type":"PropertyValueSpecification","valueRequired":true,"valueName":"search_term_string"}}],"inLanguage":"cs"}]}},"_links":{"self":[{"href":"https:\/\/www.atex-tools.com\/cz\/wp-json\/wp\/v2\/product\/224","targetHints":{"allow":["GET"]}}],"collection":[{"href":"https:\/\/www.atex-tools.com\/cz\/wp-json\/wp\/v2\/product"}],"about":[{"href":"https:\/\/www.atex-tools.com\/cz\/wp-json\/wp\/v2\/types\/product"}],"wp:featuredmedia":[{"embeddable":true,"href":"https:\/\/www.atex-tools.com\/cz\/wp-json\/wp\/v2\/media\/225"}],"wp:attachment":[{"href":"https:\/\/www.atex-tools.com\/cz\/wp-json\/wp\/v2\/media?parent=224"}],"wp:term":[{"taxonomy":"product_brand","embeddable":true,"href":"https:\/\/www.atex-tools.com\/cz\/wp-json\/wp\/v2\/product_brand?post=224"},{"taxonomy":"product_cat","embeddable":true,"href":"https:\/\/www.atex-tools.com\/cz\/wp-json\/wp\/v2\/product_cat?post=224"},{"taxonomy":"product_tag","embeddable":true,"href":"https:\/\/www.atex-tools.com\/cz\/wp-json\/wp\/v2\/product_tag?post=224"}],"curies":[{"name":"wp","href":"https:\/\/api.w.org\/{rel}","templated":true}]}}