{"id":252,"date":"2022-09-20T12:32:06","date_gmt":"2022-09-20T10:32:06","guid":{"rendered":"https:\/\/www.atex-tools.com\/?post_type=product&#038;p=252"},"modified":"2024-07-15T10:25:16","modified_gmt":"2024-07-15T08:25:16","slug":"premium-gold-solution-kit","status":"publish","type":"product","link":"https:\/\/www.atex-tools.com\/cz\/product\/assortiment\/slijpen\/complete-slijpkits-surface-preparation\/premium-gold-solution-kit\/","title":{"rendered":"Premium Gold Solution Kit"},"content":{"rendered":"<h2>ATEX-Tools<\/h2>\n<p>Als u op zoek bent naar de ultieme pakketoplossing voor vonkvrij slijpen binnen oppervlaktebehandeling, staalslijpen en corrosie verwijdering, zoek dan niet verder. De Premium Gold Solution Kit bevat het gehele assortiment aan slijpgereedschappen om te kunnen opruwen. Deze koffer wordt door klanten gebruikt die onderhoud willen uitvoeren binnen ATEX-zones en over het gehele assortiment van het slijpgereedschap wil beschikken.<\/p>\n<h2>Vonkvrij slijpgereedschap<\/h2>\n<p>De gereedschapsfrezen bestaan uit massief wolfraamcarbide (Tungsten Carbide), wat zorgt voor de opmerkelijke hardheid. De \"tanden\" op de gereedschapskoppen hebben een speciaal proces ondergaan, waardoor bij elk contact materiaal wordt verwijderd. De rotatiesnelheid (slechts 1000-3000 rpm) is lager dan bij traditionele gereedschappen. De gebruikte koppelingen zijn alleen bestemd voor gebruik met Safety Tools machines; dit voorkomt dat de frezen en schijven op sneller roterende airtools (niet EX) geplaatst kunnen worden.<\/p>\n<h2>Inhoud koffer<\/h2>\n<p>Deze koffer bevat de 4 verschillende airtools, de 10 slijpfrezen, de slijpschijf voor het verwijderen van verf en alle accessoires.<\/p>\n<h2>Wat zijn de voordelen?<\/h2>\n<p>Geen vergunning voor heet werk nodig - Dankzij EX-certificering.<br \/>\nGeen noodzaak voor tijdrovende risico-evaluatie - Geen risico wat betreft het koude en veilige werken.<br \/>\nVermijdt uitstel - Aangezien u het gereedschap in-situ kunt gebruiken, hoeft u geen werk uit te stellen.<br \/>\nGeen noodzaak voor een habitat - U zult geen gas ontsteken of apparatuur om u heen beschadigen met Safety Tools.<br \/>\nGeen brandwacht nodig - Geen ontsteking van aardgas.<br \/>\nVermijdt productiestop\/-vertragingen - Potentieel veel geld te besparen.<\/p>\n<h2>Health, Safety &amp; Environment<\/h2>\n<p>Onze slijpproducten zijn ontworpen om te voldoen aan de vereisten van Health Safety &amp; the Environment (HSE &amp; OSHA), met lage trillings-, hitte- en geluidsniveaus. De geproduceerde fragmenten zijn groot, stomp en blijven binnen een paar centimeter van uw werkgebied. Dit maakt het opruimen eenvoudig en veilig.<\/p>\n<p><iframe loading=\"lazy\" title=\"Stainless steel removal with A-0008 \u2013 Big papa\" width=\"980\" height=\"551\" src=\"https:\/\/www.youtube.com\/embed\/kHYgfKRPDF0?start=4&feature=oembed\" frameborder=\"0\" allow=\"accelerometer; autoplay; clipboard-write; encrypted-media; gyroscope; picture-in-picture\" allowfullscreen><\/iframe><\/p>\n","protected":false},"excerpt":{"rendered":"<p>Als u op zoek bent naar de ultieme pakketoplossing voor vonkvrij slijpen binnen oppervlaktebehandeling, slijpen en corrosie verwijdering, zoek dan niet verder. De Premium Gold Solution Kit bevat het gehele assortiment aan slijpgereedschappen om te kunnen slijpen. Deze koffer wordt door klanten gebruikt die onderhoud willen uitvoeren binnen ATEX-zones en over het gehele assortiment van het slijpgereedschap wil beschikken.<\/p>\n","protected":false},"featured_media":255,"template":"","meta":{"_acf_changed":false,"content-type":"","editor_notices":[]},"product_brand":[],"product_cat":[30,31,36,70,73],"product_tag":[],"class_list":{"0":"post-252","1":"product","2":"type-product","3":"status-publish","4":"has-post-thumbnail","6":"product_cat-assortiment","7":"product_cat-verhuur","8":"product_cat-slijpgereedschap-verhuur","9":"product_cat-slijpen","10":"product_cat-complete-slijpkits-surface-preparation","12":"first","13":"instock","14":"featured","15":"taxable","16":"shipping-taxable","17":"product-type-simple"},"acf":[],"yoast_head":"<!-- This site is optimized with the Yoast SEO plugin v27.3 - https:\/\/yoast.com\/product\/yoast-seo-wordpress\/ -->\n<title>Premium Gold Solution Kit - Atex Tools | CZ<\/title>\n<meta name=\"description\" content=\"Als u op zoek bent naar de ultieme pakketoplossing voor vonkvrij slijpen binnen oppervlaktebehandeling, staalslijpen en corrosie verwijdering, zoek dan niet verder. De Premium Gold Solution Kit bevat het gehele assortiment aan slijpgereedschappen om te kunnen opruwen. Deze koffer wordt door klanten gebruikt die onderhoud willen uitvoeren binnen ATEX-zones en over het gehele assortiment van het slijpgereedschap wil beschikken.\" \/>\n<meta name=\"robots\" content=\"index, follow, max-snippet:-1, max-image-preview:large, max-video-preview:-1\" \/>\n<link rel=\"canonical\" href=\"https:\/\/www.atex-tools.com\/cz\/product\/assortiment\/slijpen\/complete-slijpkits-surface-preparation\/premium-gold-solution-kit\/\" \/>\n<meta property=\"og:locale\" content=\"cs_CZ\" \/>\n<meta property=\"og:type\" content=\"article\" \/>\n<meta property=\"og:title\" content=\"Premium Gold Solution Kit - Atex Tools | CZ\" \/>\n<meta property=\"og:description\" content=\"Als u op zoek bent naar de ultieme pakketoplossing voor vonkvrij slijpen binnen oppervlaktebehandeling, staalslijpen en corrosie verwijdering, zoek dan niet verder. De Premium Gold Solution Kit bevat het gehele assortiment aan slijpgereedschappen om te kunnen opruwen. Deze koffer wordt door klanten gebruikt die onderhoud willen uitvoeren binnen ATEX-zones en over het gehele assortiment van het slijpgereedschap wil beschikken.\" \/>\n<meta property=\"og:url\" content=\"https:\/\/www.atex-tools.com\/cz\/product\/assortiment\/slijpen\/complete-slijpkits-surface-preparation\/premium-gold-solution-kit\/\" \/>\n<meta property=\"og:site_name\" content=\"Atex Tools | CZ\" \/>\n<meta property=\"article:modified_time\" content=\"2024-07-15T08:25:16+00:00\" \/>\n<meta property=\"og:image\" content=\"https:\/\/www.atex-tools.com\/cz\/wp-content\/uploads\/sites\/4\/2022\/09\/Premium-Gold-solution-kit-A0057-1.jpg\" \/>\n\t<meta property=\"og:image:width\" content=\"600\" \/>\n\t<meta property=\"og:image:height\" content=\"600\" \/>\n\t<meta property=\"og:image:type\" content=\"image\/jpeg\" \/>\n<meta name=\"twitter:card\" content=\"summary_large_image\" \/>\n<meta name=\"twitter:label1\" content=\"Odhadovan\u00e1 doba \u010dten\u00ed\" \/>\n\t<meta name=\"twitter:data1\" content=\"2 minuty\" \/>\n<script type=\"application\/ld+json\" class=\"yoast-schema-graph\">{\"@context\":\"https:\\\/\\\/schema.org\",\"@graph\":[{\"@type\":\"WebPage\",\"@id\":\"https:\\\/\\\/www.atex-tools.com\\\/cz\\\/product\\\/assortiment\\\/slijpen\\\/complete-slijpkits-surface-preparation\\\/premium-gold-solution-kit\\\/\",\"url\":\"https:\\\/\\\/www.atex-tools.com\\\/cz\\\/product\\\/assortiment\\\/slijpen\\\/complete-slijpkits-surface-preparation\\\/premium-gold-solution-kit\\\/\",\"name\":\"Premium Gold Solution Kit - Atex Tools | CZ\",\"isPartOf\":{\"@id\":\"https:\\\/\\\/www.atex-tools.com\\\/cz\\\/#website\"},\"primaryImageOfPage\":{\"@id\":\"https:\\\/\\\/www.atex-tools.com\\\/cz\\\/product\\\/assortiment\\\/slijpen\\\/complete-slijpkits-surface-preparation\\\/premium-gold-solution-kit\\\/#primaryimage\"},\"image\":{\"@id\":\"https:\\\/\\\/www.atex-tools.com\\\/cz\\\/product\\\/assortiment\\\/slijpen\\\/complete-slijpkits-surface-preparation\\\/premium-gold-solution-kit\\\/#primaryimage\"},\"thumbnailUrl\":\"https:\\\/\\\/www.atex-tools.com\\\/cz\\\/wp-content\\\/uploads\\\/sites\\\/4\\\/2022\\\/09\\\/Premium-Gold-solution-kit-A0057-1.jpg\",\"datePublished\":\"2022-09-20T10:32:06+00:00\",\"dateModified\":\"2024-07-15T08:25:16+00:00\",\"description\":\"Als u op zoek bent naar de ultieme pakketoplossing voor vonkvrij slijpen binnen oppervlaktebehandeling, staalslijpen en corrosie verwijdering, zoek dan niet verder. De Premium Gold Solution Kit bevat het gehele assortiment aan slijpgereedschappen om te kunnen opruwen. Deze koffer wordt door klanten gebruikt die onderhoud willen uitvoeren binnen ATEX-zones en over het gehele assortiment van het slijpgereedschap wil beschikken.\",\"breadcrumb\":{\"@id\":\"https:\\\/\\\/www.atex-tools.com\\\/cz\\\/product\\\/assortiment\\\/slijpen\\\/complete-slijpkits-surface-preparation\\\/premium-gold-solution-kit\\\/#breadcrumb\"},\"inLanguage\":\"cs\",\"potentialAction\":[{\"@type\":\"ReadAction\",\"target\":[\"https:\\\/\\\/www.atex-tools.com\\\/cz\\\/product\\\/assortiment\\\/slijpen\\\/complete-slijpkits-surface-preparation\\\/premium-gold-solution-kit\\\/\"]}]},{\"@type\":\"ImageObject\",\"inLanguage\":\"cs\",\"@id\":\"https:\\\/\\\/www.atex-tools.com\\\/cz\\\/product\\\/assortiment\\\/slijpen\\\/complete-slijpkits-surface-preparation\\\/premium-gold-solution-kit\\\/#primaryimage\",\"url\":\"https:\\\/\\\/www.atex-tools.com\\\/cz\\\/wp-content\\\/uploads\\\/sites\\\/4\\\/2022\\\/09\\\/Premium-Gold-solution-kit-A0057-1.jpg\",\"contentUrl\":\"https:\\\/\\\/www.atex-tools.com\\\/cz\\\/wp-content\\\/uploads\\\/sites\\\/4\\\/2022\\\/09\\\/Premium-Gold-solution-kit-A0057-1.jpg\",\"width\":600,\"height\":600},{\"@type\":\"BreadcrumbList\",\"@id\":\"https:\\\/\\\/www.atex-tools.com\\\/cz\\\/product\\\/assortiment\\\/slijpen\\\/complete-slijpkits-surface-preparation\\\/premium-gold-solution-kit\\\/#breadcrumb\",\"itemListElement\":[{\"@type\":\"ListItem\",\"position\":1,\"name\":\"Home\",\"item\":\"https:\\\/\\\/www.atex-tools.com\\\/cz\\\/\"},{\"@type\":\"ListItem\",\"position\":2,\"name\":\"Producten\",\"item\":\"https:\\\/\\\/www.atex-tools.com\\\/cz\\\/producten\\\/\"},{\"@type\":\"ListItem\",\"position\":3,\"name\":\"Premium Gold Solution Kit\"}]},{\"@type\":\"WebSite\",\"@id\":\"https:\\\/\\\/www.atex-tools.com\\\/cz\\\/#website\",\"url\":\"https:\\\/\\\/www.atex-tools.com\\\/cz\\\/\",\"name\":\"Atex Tools | CZ\",\"description\":\"Atex Tools\",\"potentialAction\":[{\"@type\":\"SearchAction\",\"target\":{\"@type\":\"EntryPoint\",\"urlTemplate\":\"https:\\\/\\\/www.atex-tools.com\\\/cz\\\/?s={search_term_string}\"},\"query-input\":{\"@type\":\"PropertyValueSpecification\",\"valueRequired\":true,\"valueName\":\"search_term_string\"}}],\"inLanguage\":\"cs\"}]}<\/script>\n<!-- \/ Yoast SEO plugin. -->","yoast_head_json":{"title":"Premium Gold Solution Kit - Atex Tools | CZ","description":"Als u op zoek bent naar de ultieme pakketoplossing voor vonkvrij slijpen binnen oppervlaktebehandeling, staalslijpen en corrosie verwijdering, zoek dan niet verder. De Premium Gold Solution Kit bevat het gehele assortiment aan slijpgereedschappen om te kunnen opruwen. Deze koffer wordt door klanten gebruikt die onderhoud willen uitvoeren binnen ATEX-zones en over het gehele assortiment van het slijpgereedschap wil beschikken.","robots":{"index":"index","follow":"follow","max-snippet":"max-snippet:-1","max-image-preview":"max-image-preview:large","max-video-preview":"max-video-preview:-1"},"canonical":"https:\/\/www.atex-tools.com\/cz\/product\/assortiment\/slijpen\/complete-slijpkits-surface-preparation\/premium-gold-solution-kit\/","og_locale":"cs_CZ","og_type":"article","og_title":"Premium Gold Solution Kit - Atex Tools | CZ","og_description":"Als u op zoek bent naar de ultieme pakketoplossing voor vonkvrij slijpen binnen oppervlaktebehandeling, staalslijpen en corrosie verwijdering, zoek dan niet verder. De Premium Gold Solution Kit bevat het gehele assortiment aan slijpgereedschappen om te kunnen opruwen. Deze koffer wordt door klanten gebruikt die onderhoud willen uitvoeren binnen ATEX-zones en over het gehele assortiment van het slijpgereedschap wil beschikken.","og_url":"https:\/\/www.atex-tools.com\/cz\/product\/assortiment\/slijpen\/complete-slijpkits-surface-preparation\/premium-gold-solution-kit\/","og_site_name":"Atex Tools | CZ","article_modified_time":"2024-07-15T08:25:16+00:00","og_image":[{"width":600,"height":600,"url":"https:\/\/www.atex-tools.com\/cz\/wp-content\/uploads\/sites\/4\/2022\/09\/Premium-Gold-solution-kit-A0057-1.jpg","type":"image\/jpeg"}],"twitter_card":"summary_large_image","twitter_misc":{"Odhadovan\u00e1 doba \u010dten\u00ed":"2 minuty"},"schema":{"@context":"https:\/\/schema.org","@graph":[{"@type":"WebPage","@id":"https:\/\/www.atex-tools.com\/cz\/product\/assortiment\/slijpen\/complete-slijpkits-surface-preparation\/premium-gold-solution-kit\/","url":"https:\/\/www.atex-tools.com\/cz\/product\/assortiment\/slijpen\/complete-slijpkits-surface-preparation\/premium-gold-solution-kit\/","name":"Premium Gold Solution Kit - Atex Tools | CZ","isPartOf":{"@id":"https:\/\/www.atex-tools.com\/cz\/#website"},"primaryImageOfPage":{"@id":"https:\/\/www.atex-tools.com\/cz\/product\/assortiment\/slijpen\/complete-slijpkits-surface-preparation\/premium-gold-solution-kit\/#primaryimage"},"image":{"@id":"https:\/\/www.atex-tools.com\/cz\/product\/assortiment\/slijpen\/complete-slijpkits-surface-preparation\/premium-gold-solution-kit\/#primaryimage"},"thumbnailUrl":"https:\/\/www.atex-tools.com\/cz\/wp-content\/uploads\/sites\/4\/2022\/09\/Premium-Gold-solution-kit-A0057-1.jpg","datePublished":"2022-09-20T10:32:06+00:00","dateModified":"2024-07-15T08:25:16+00:00","description":"Als u op zoek bent naar de ultieme pakketoplossing voor vonkvrij slijpen binnen oppervlaktebehandeling, staalslijpen en corrosie verwijdering, zoek dan niet verder. De Premium Gold Solution Kit bevat het gehele assortiment aan slijpgereedschappen om te kunnen opruwen. Deze koffer wordt door klanten gebruikt die onderhoud willen uitvoeren binnen ATEX-zones en over het gehele assortiment van het slijpgereedschap wil beschikken.","breadcrumb":{"@id":"https:\/\/www.atex-tools.com\/cz\/product\/assortiment\/slijpen\/complete-slijpkits-surface-preparation\/premium-gold-solution-kit\/#breadcrumb"},"inLanguage":"cs","potentialAction":[{"@type":"ReadAction","target":["https:\/\/www.atex-tools.com\/cz\/product\/assortiment\/slijpen\/complete-slijpkits-surface-preparation\/premium-gold-solution-kit\/"]}]},{"@type":"ImageObject","inLanguage":"cs","@id":"https:\/\/www.atex-tools.com\/cz\/product\/assortiment\/slijpen\/complete-slijpkits-surface-preparation\/premium-gold-solution-kit\/#primaryimage","url":"https:\/\/www.atex-tools.com\/cz\/wp-content\/uploads\/sites\/4\/2022\/09\/Premium-Gold-solution-kit-A0057-1.jpg","contentUrl":"https:\/\/www.atex-tools.com\/cz\/wp-content\/uploads\/sites\/4\/2022\/09\/Premium-Gold-solution-kit-A0057-1.jpg","width":600,"height":600},{"@type":"BreadcrumbList","@id":"https:\/\/www.atex-tools.com\/cz\/product\/assortiment\/slijpen\/complete-slijpkits-surface-preparation\/premium-gold-solution-kit\/#breadcrumb","itemListElement":[{"@type":"ListItem","position":1,"name":"Home","item":"https:\/\/www.atex-tools.com\/cz\/"},{"@type":"ListItem","position":2,"name":"Producten","item":"https:\/\/www.atex-tools.com\/cz\/producten\/"},{"@type":"ListItem","position":3,"name":"Premium Gold Solution Kit"}]},{"@type":"WebSite","@id":"https:\/\/www.atex-tools.com\/cz\/#website","url":"https:\/\/www.atex-tools.com\/cz\/","name":"Atex Tools | CZ","description":"Atex Tools","potentialAction":[{"@type":"SearchAction","target":{"@type":"EntryPoint","urlTemplate":"https:\/\/www.atex-tools.com\/cz\/?s={search_term_string}"},"query-input":{"@type":"PropertyValueSpecification","valueRequired":true,"valueName":"search_term_string"}}],"inLanguage":"cs"}]}},"_links":{"self":[{"href":"https:\/\/www.atex-tools.com\/cz\/wp-json\/wp\/v2\/product\/252","targetHints":{"allow":["GET"]}}],"collection":[{"href":"https:\/\/www.atex-tools.com\/cz\/wp-json\/wp\/v2\/product"}],"about":[{"href":"https:\/\/www.atex-tools.com\/cz\/wp-json\/wp\/v2\/types\/product"}],"wp:featuredmedia":[{"embeddable":true,"href":"https:\/\/www.atex-tools.com\/cz\/wp-json\/wp\/v2\/media\/255"}],"wp:attachment":[{"href":"https:\/\/www.atex-tools.com\/cz\/wp-json\/wp\/v2\/media?parent=252"}],"wp:term":[{"taxonomy":"product_brand","embeddable":true,"href":"https:\/\/www.atex-tools.com\/cz\/wp-json\/wp\/v2\/product_brand?post=252"},{"taxonomy":"product_cat","embeddable":true,"href":"https:\/\/www.atex-tools.com\/cz\/wp-json\/wp\/v2\/product_cat?post=252"},{"taxonomy":"product_tag","embeddable":true,"href":"https:\/\/www.atex-tools.com\/cz\/wp-json\/wp\/v2\/product_tag?post=252"}],"curies":[{"name":"wp","href":"https:\/\/api.w.org\/{rel}","templated":true}]}}