{"id":264,"date":"2022-09-20T15:50:12","date_gmt":"2022-09-20T13:50:12","guid":{"rendered":"https:\/\/www.atex-tools.com\/?post_type=product&#038;p=264"},"modified":"2024-07-15T10:24:51","modified_gmt":"2024-07-15T08:24:51","slug":"trelawny-vl303-atex-naaldibkhamer","status":"publish","type":"product","link":"https:\/\/www.atex-tools.com\/cz\/product\/assortiment\/pneumatische-naaldbikhamers\/trelawny-vl303-atex-naaldibkhamer\/","title":{"rendered":"ATEX Naaldbikhamer VL303Ex"},"content":{"rendered":"<h2>ATEX-gecertificeerde pneumatische naaldbikhamer met stofafzuiging<\/h2>\n<p>De Vibro-Lo\u2122 naaldbikhamers met ATEX-certificering voor gas zone 1 en stof zone 21 bieden onge\u00ebvenaarde trillingsreductie, effectieve stofbeheersing en bescherming tegen vallen. De VL Ex-serie is de oplossing voor corrosiebeheer in omgevingen met een hoog risico, zoals aardgasinstallaties, olie- en LNG-tankers, gasfabrieken, olieboorplatforms, raffinaderijen, petrochemische fabrieken en scheepswerven. De optionele stofopvang en valbescherming bieden operators de veiligste optie voor het werken in gevaarlijke omgevingen waar explosies, gevaarlijke materialen en toegangsrisico's in overweging genomen moeten worden.<\/p>\n<h2>Download datasheet<\/h2>\n<p><a href=\"https:\/\/www.atex-tools.com\/wp-content\/uploads\/sites\/4\/2022\/09\/Ex-VL-Needle-Scaler.pdf\">Ex VL-Needle-Scaler<\/a><\/p>\n<h2>Toepassingsgebieden<\/h2>\n<ul>\n<li>Verwijderen van coatings, corrosie en andere opgehoopte materialen<\/li>\n<li>Plaatselijke reparaties van coatings (spotrepairs)<\/li>\n<li>Schoonmaken van lassen<\/li>\n<li>Reiniging van machines en uitrusting in fabrieken<\/li>\n<li>Voor Gas Ex Zone: toepassingen op booreilanden, petrochemische fabrieken<br \/>\npijpleidingen, schepen en scheepswerven<\/li>\n<li>Voor Stof Ex Zones: toepassingen zoals het reinigen van machines in<br \/>\nverwerkende industrie\u00ebn waar stoffen aanwezig zijn.<\/li>\n<\/ul>\n<h2>Specificaties<\/h2>\n<table width=\"100%\">\n<tbody>\n<tr>\n<td width=\"183\">Part Number<\/td>\n<td width=\"135\">196.3007<\/td>\n<\/tr>\n<tr>\n<td width=\"183\">IMPA Part Number<\/td>\n<td width=\"135\">N.A<\/td>\n<\/tr>\n<tr>\n<td width=\"183\">ISSA Part Number<\/td>\n<td width=\"135\">N.A<\/td>\n<\/tr>\n<tr>\n<td width=\"183\">Type<\/td>\n<td width=\"135\">Pistol Grip<\/td>\n<\/tr>\n<tr>\n<td width=\"183\">Needle\/Chisel Supplied<\/td>\n<td width=\"135\">28 x 3mm<\/td>\n<\/tr>\n<tr>\n<td width=\"183\">Weight (kg)<\/td>\n<td width=\"135\">3.51<\/td>\n<\/tr>\n<tr>\n<td width=\"183\">Blows Per Minute<\/td>\n<td width=\"135\">3000<\/td>\n<\/tr>\n<tr>\n<td width=\"183\">Air Consumption (lps \u2013 cfm)<\/td>\n<td width=\"135\">2.6 \u2013 5.5<\/td>\n<\/tr>\n<tr>\n<td width=\"183\">Air Inlet Size (BSP)<\/td>\n<td width=\"135\">1\/4<\/td>\n<\/tr>\n<tr>\n<td width=\"183\">Noise Level (LwA db(A))<\/td>\n<td width=\"135\">109.5<\/td>\n<\/tr>\n<tr>\n<td width=\"183\">Vibration Level (Aeq m\/s\u00b2)<\/td>\n<td width=\"135\">2.3<\/td>\n<\/tr>\n<\/tbody>\n<\/table>\n<p>&nbsp;<\/p>\n<p><iframe loading=\"lazy\" title=\"Trelawny SPT Vibro-Lo\u2122 Needle &amp; Chisel Scalers Maintenance &amp; Application\" width=\"980\" height=\"551\" src=\"https:\/\/www.youtube.com\/embed\/9DnSc22pMlU?feature=oembed\" frameborder=\"0\" allow=\"accelerometer; autoplay; clipboard-write; encrypted-media; gyroscope; picture-in-picture; web-share\" allowfullscreen><\/iframe><\/p>\n","protected":false},"excerpt":{"rendered":"<p><a href=\"https:\/\/www.atex-tools.com\/trelawny\/\">Trelawny\u2019s<\/a> VL303Ex is een pneumatische heavy duty naaldbikhamer voor veeleisende toepassingen met laag trillingsniveau. De naaldbikhamer met pistoolgreep maakt licht werk van het verwijderen van zware coatings en corrosie in ATEX-zones. Gecertificeerd voor gebruik in gaszone 1 en stofzone 21, VL-Ex naaldbikhamers bieden de veiligste optie voor oppervlaktevoorbereiding zonder de noodzaak van aanvullende heetwerk vergunningen of kostbare inperkingsmaatregelen. Het Vibro Lo\u2122 vibratiereductiesysteem verzekert de VL-serie onge\u00ebvenaarde prestaties, betrouwbaarheid en vermindering van schadelijke trillingsniveaus. Aangeboden als naald- en beitelmodel of als kit met beide opzetstukken voor meerdere toepassingen.<\/p>\n<p>&nbsp;<\/p>\n","protected":false},"featured_media":266,"template":"","meta":{"_acf_changed":false,"content-type":"","editor_notices":[]},"product_brand":[],"product_cat":[30,82],"product_tag":[],"class_list":{"0":"post-264","1":"product","2":"type-product","3":"status-publish","4":"has-post-thumbnail","6":"product_cat-assortiment","7":"product_cat-pneumatische-naaldbikhamers","9":"first","10":"instock","11":"taxable","12":"shipping-taxable","13":"product-type-simple"},"acf":[],"yoast_head":"<!-- This site is optimized with the Yoast SEO plugin v27.3 - https:\/\/yoast.com\/product\/yoast-seo-wordpress\/ -->\n<title>ATEX Naaldbikhamer VL303Ex - Atex Tools | CZ<\/title>\n<meta name=\"description\" content=\"Trelawny\u2019s ATEX-gecertificeerde VL303Ex is een pneumatische heavy duty naaldbikhamer voor veeleisende toepassingen met laag trillingsniveau.\" \/>\n<meta name=\"robots\" content=\"index, follow, max-snippet:-1, max-image-preview:large, max-video-preview:-1\" \/>\n<link rel=\"canonical\" href=\"https:\/\/www.atex-tools.com\/cz\/product\/assortiment\/pneumatische-naaldbikhamers\/trelawny-vl303-atex-naaldibkhamer\/\" \/>\n<meta property=\"og:locale\" content=\"cs_CZ\" \/>\n<meta property=\"og:type\" content=\"article\" \/>\n<meta property=\"og:title\" content=\"ATEX Naaldbikhamer VL303Ex - Atex Tools | CZ\" \/>\n<meta property=\"og:description\" content=\"Trelawny\u2019s ATEX-gecertificeerde VL303Ex is een pneumatische heavy duty naaldbikhamer voor veeleisende toepassingen met laag trillingsniveau.\" \/>\n<meta property=\"og:url\" content=\"https:\/\/www.atex-tools.com\/cz\/product\/assortiment\/pneumatische-naaldbikhamers\/trelawny-vl303-atex-naaldibkhamer\/\" \/>\n<meta property=\"og:site_name\" content=\"Atex Tools | CZ\" \/>\n<meta property=\"article:modified_time\" content=\"2024-07-15T08:24:51+00:00\" \/>\n<meta property=\"og:image\" content=\"https:\/\/www.atex-tools.com\/cz\/wp-content\/uploads\/sites\/4\/2022\/09\/ATEX-Naaldbikhamer-VL303.jpg\" \/>\n\t<meta property=\"og:image:width\" content=\"1024\" \/>\n\t<meta property=\"og:image:height\" content=\"768\" \/>\n\t<meta property=\"og:image:type\" content=\"image\/jpeg\" \/>\n<meta name=\"twitter:card\" content=\"summary_large_image\" \/>\n<meta name=\"twitter:label1\" content=\"Odhadovan\u00e1 doba \u010dten\u00ed\" \/>\n\t<meta name=\"twitter:data1\" content=\"1 minuta\" \/>\n<script type=\"application\/ld+json\" class=\"yoast-schema-graph\">{\"@context\":\"https:\\\/\\\/schema.org\",\"@graph\":[{\"@type\":\"WebPage\",\"@id\":\"https:\\\/\\\/www.atex-tools.com\\\/cz\\\/product\\\/assortiment\\\/pneumatische-naaldbikhamers\\\/trelawny-vl303-atex-naaldibkhamer\\\/\",\"url\":\"https:\\\/\\\/www.atex-tools.com\\\/cz\\\/product\\\/assortiment\\\/pneumatische-naaldbikhamers\\\/trelawny-vl303-atex-naaldibkhamer\\\/\",\"name\":\"ATEX Naaldbikhamer VL303Ex - Atex Tools | CZ\",\"isPartOf\":{\"@id\":\"https:\\\/\\\/www.atex-tools.com\\\/cz\\\/#website\"},\"primaryImageOfPage\":{\"@id\":\"https:\\\/\\\/www.atex-tools.com\\\/cz\\\/product\\\/assortiment\\\/pneumatische-naaldbikhamers\\\/trelawny-vl303-atex-naaldibkhamer\\\/#primaryimage\"},\"image\":{\"@id\":\"https:\\\/\\\/www.atex-tools.com\\\/cz\\\/product\\\/assortiment\\\/pneumatische-naaldbikhamers\\\/trelawny-vl303-atex-naaldibkhamer\\\/#primaryimage\"},\"thumbnailUrl\":\"https:\\\/\\\/www.atex-tools.com\\\/cz\\\/wp-content\\\/uploads\\\/sites\\\/4\\\/2022\\\/09\\\/ATEX-Naaldbikhamer-VL303.jpg\",\"datePublished\":\"2022-09-20T13:50:12+00:00\",\"dateModified\":\"2024-07-15T08:24:51+00:00\",\"description\":\"Trelawny\u2019s ATEX-gecertificeerde VL303Ex is een pneumatische heavy duty naaldbikhamer voor veeleisende toepassingen met laag trillingsniveau.\",\"breadcrumb\":{\"@id\":\"https:\\\/\\\/www.atex-tools.com\\\/cz\\\/product\\\/assortiment\\\/pneumatische-naaldbikhamers\\\/trelawny-vl303-atex-naaldibkhamer\\\/#breadcrumb\"},\"inLanguage\":\"cs\",\"potentialAction\":[{\"@type\":\"ReadAction\",\"target\":[\"https:\\\/\\\/www.atex-tools.com\\\/cz\\\/product\\\/assortiment\\\/pneumatische-naaldbikhamers\\\/trelawny-vl303-atex-naaldibkhamer\\\/\"]}]},{\"@type\":\"ImageObject\",\"inLanguage\":\"cs\",\"@id\":\"https:\\\/\\\/www.atex-tools.com\\\/cz\\\/product\\\/assortiment\\\/pneumatische-naaldbikhamers\\\/trelawny-vl303-atex-naaldibkhamer\\\/#primaryimage\",\"url\":\"https:\\\/\\\/www.atex-tools.com\\\/cz\\\/wp-content\\\/uploads\\\/sites\\\/4\\\/2022\\\/09\\\/ATEX-Naaldbikhamer-VL303.jpg\",\"contentUrl\":\"https:\\\/\\\/www.atex-tools.com\\\/cz\\\/wp-content\\\/uploads\\\/sites\\\/4\\\/2022\\\/09\\\/ATEX-Naaldbikhamer-VL303.jpg\",\"width\":1024,\"height\":768},{\"@type\":\"BreadcrumbList\",\"@id\":\"https:\\\/\\\/www.atex-tools.com\\\/cz\\\/product\\\/assortiment\\\/pneumatische-naaldbikhamers\\\/trelawny-vl303-atex-naaldibkhamer\\\/#breadcrumb\",\"itemListElement\":[{\"@type\":\"ListItem\",\"position\":1,\"name\":\"Home\",\"item\":\"https:\\\/\\\/www.atex-tools.com\\\/cz\\\/\"},{\"@type\":\"ListItem\",\"position\":2,\"name\":\"Producten\",\"item\":\"https:\\\/\\\/www.atex-tools.com\\\/cz\\\/producten\\\/\"},{\"@type\":\"ListItem\",\"position\":3,\"name\":\"ATEX Naaldbikhamer VL303Ex\"}]},{\"@type\":\"WebSite\",\"@id\":\"https:\\\/\\\/www.atex-tools.com\\\/cz\\\/#website\",\"url\":\"https:\\\/\\\/www.atex-tools.com\\\/cz\\\/\",\"name\":\"Atex Tools | CZ\",\"description\":\"Atex Tools\",\"potentialAction\":[{\"@type\":\"SearchAction\",\"target\":{\"@type\":\"EntryPoint\",\"urlTemplate\":\"https:\\\/\\\/www.atex-tools.com\\\/cz\\\/?s={search_term_string}\"},\"query-input\":{\"@type\":\"PropertyValueSpecification\",\"valueRequired\":true,\"valueName\":\"search_term_string\"}}],\"inLanguage\":\"cs\"}]}<\/script>\n<!-- \/ Yoast SEO plugin. -->","yoast_head_json":{"title":"ATEX Naaldbikhamer VL303Ex - Atex Tools | CZ","description":"Trelawny\u2019s ATEX-gecertificeerde VL303Ex is een pneumatische heavy duty naaldbikhamer voor veeleisende toepassingen met laag trillingsniveau.","robots":{"index":"index","follow":"follow","max-snippet":"max-snippet:-1","max-image-preview":"max-image-preview:large","max-video-preview":"max-video-preview:-1"},"canonical":"https:\/\/www.atex-tools.com\/cz\/product\/assortiment\/pneumatische-naaldbikhamers\/trelawny-vl303-atex-naaldibkhamer\/","og_locale":"cs_CZ","og_type":"article","og_title":"ATEX Naaldbikhamer VL303Ex - Atex Tools | CZ","og_description":"Trelawny\u2019s ATEX-gecertificeerde VL303Ex is een pneumatische heavy duty naaldbikhamer voor veeleisende toepassingen met laag trillingsniveau.","og_url":"https:\/\/www.atex-tools.com\/cz\/product\/assortiment\/pneumatische-naaldbikhamers\/trelawny-vl303-atex-naaldibkhamer\/","og_site_name":"Atex Tools | CZ","article_modified_time":"2024-07-15T08:24:51+00:00","og_image":[{"width":1024,"height":768,"url":"https:\/\/www.atex-tools.com\/cz\/wp-content\/uploads\/sites\/4\/2022\/09\/ATEX-Naaldbikhamer-VL303.jpg","type":"image\/jpeg"}],"twitter_card":"summary_large_image","twitter_misc":{"Odhadovan\u00e1 doba \u010dten\u00ed":"1 minuta"},"schema":{"@context":"https:\/\/schema.org","@graph":[{"@type":"WebPage","@id":"https:\/\/www.atex-tools.com\/cz\/product\/assortiment\/pneumatische-naaldbikhamers\/trelawny-vl303-atex-naaldibkhamer\/","url":"https:\/\/www.atex-tools.com\/cz\/product\/assortiment\/pneumatische-naaldbikhamers\/trelawny-vl303-atex-naaldibkhamer\/","name":"ATEX Naaldbikhamer VL303Ex - Atex Tools | CZ","isPartOf":{"@id":"https:\/\/www.atex-tools.com\/cz\/#website"},"primaryImageOfPage":{"@id":"https:\/\/www.atex-tools.com\/cz\/product\/assortiment\/pneumatische-naaldbikhamers\/trelawny-vl303-atex-naaldibkhamer\/#primaryimage"},"image":{"@id":"https:\/\/www.atex-tools.com\/cz\/product\/assortiment\/pneumatische-naaldbikhamers\/trelawny-vl303-atex-naaldibkhamer\/#primaryimage"},"thumbnailUrl":"https:\/\/www.atex-tools.com\/cz\/wp-content\/uploads\/sites\/4\/2022\/09\/ATEX-Naaldbikhamer-VL303.jpg","datePublished":"2022-09-20T13:50:12+00:00","dateModified":"2024-07-15T08:24:51+00:00","description":"Trelawny\u2019s ATEX-gecertificeerde VL303Ex is een pneumatische heavy duty naaldbikhamer voor veeleisende toepassingen met laag trillingsniveau.","breadcrumb":{"@id":"https:\/\/www.atex-tools.com\/cz\/product\/assortiment\/pneumatische-naaldbikhamers\/trelawny-vl303-atex-naaldibkhamer\/#breadcrumb"},"inLanguage":"cs","potentialAction":[{"@type":"ReadAction","target":["https:\/\/www.atex-tools.com\/cz\/product\/assortiment\/pneumatische-naaldbikhamers\/trelawny-vl303-atex-naaldibkhamer\/"]}]},{"@type":"ImageObject","inLanguage":"cs","@id":"https:\/\/www.atex-tools.com\/cz\/product\/assortiment\/pneumatische-naaldbikhamers\/trelawny-vl303-atex-naaldibkhamer\/#primaryimage","url":"https:\/\/www.atex-tools.com\/cz\/wp-content\/uploads\/sites\/4\/2022\/09\/ATEX-Naaldbikhamer-VL303.jpg","contentUrl":"https:\/\/www.atex-tools.com\/cz\/wp-content\/uploads\/sites\/4\/2022\/09\/ATEX-Naaldbikhamer-VL303.jpg","width":1024,"height":768},{"@type":"BreadcrumbList","@id":"https:\/\/www.atex-tools.com\/cz\/product\/assortiment\/pneumatische-naaldbikhamers\/trelawny-vl303-atex-naaldibkhamer\/#breadcrumb","itemListElement":[{"@type":"ListItem","position":1,"name":"Home","item":"https:\/\/www.atex-tools.com\/cz\/"},{"@type":"ListItem","position":2,"name":"Producten","item":"https:\/\/www.atex-tools.com\/cz\/producten\/"},{"@type":"ListItem","position":3,"name":"ATEX Naaldbikhamer VL303Ex"}]},{"@type":"WebSite","@id":"https:\/\/www.atex-tools.com\/cz\/#website","url":"https:\/\/www.atex-tools.com\/cz\/","name":"Atex Tools | CZ","description":"Atex Tools","potentialAction":[{"@type":"SearchAction","target":{"@type":"EntryPoint","urlTemplate":"https:\/\/www.atex-tools.com\/cz\/?s={search_term_string}"},"query-input":{"@type":"PropertyValueSpecification","valueRequired":true,"valueName":"search_term_string"}}],"inLanguage":"cs"}]}},"_links":{"self":[{"href":"https:\/\/www.atex-tools.com\/cz\/wp-json\/wp\/v2\/product\/264","targetHints":{"allow":["GET"]}}],"collection":[{"href":"https:\/\/www.atex-tools.com\/cz\/wp-json\/wp\/v2\/product"}],"about":[{"href":"https:\/\/www.atex-tools.com\/cz\/wp-json\/wp\/v2\/types\/product"}],"wp:featuredmedia":[{"embeddable":true,"href":"https:\/\/www.atex-tools.com\/cz\/wp-json\/wp\/v2\/media\/266"}],"wp:attachment":[{"href":"https:\/\/www.atex-tools.com\/cz\/wp-json\/wp\/v2\/media?parent=264"}],"wp:term":[{"taxonomy":"product_brand","embeddable":true,"href":"https:\/\/www.atex-tools.com\/cz\/wp-json\/wp\/v2\/product_brand?post=264"},{"taxonomy":"product_cat","embeddable":true,"href":"https:\/\/www.atex-tools.com\/cz\/wp-json\/wp\/v2\/product_cat?post=264"},{"taxonomy":"product_tag","embeddable":true,"href":"https:\/\/www.atex-tools.com\/cz\/wp-json\/wp\/v2\/product_tag?post=264"}],"curies":[{"name":"wp","href":"https:\/\/api.w.org\/{rel}","templated":true}]}}