{"id":358,"date":"2022-09-28T09:50:35","date_gmt":"2022-09-28T07:50:35","guid":{"rendered":"https:\/\/www.atex-tools.com\/?post_type=product&#038;p=358"},"modified":"2024-07-15T10:21:08","modified_gmt":"2024-07-15T08:21:08","slug":"atex-reciprozaag","status":"publish","type":"product","link":"https:\/\/www.atex-tools.com\/cz\/product\/assortiment\/zagen\/atex-reciprozaag\/","title":{"rendered":"ATEX Reciprozaag"},"content":{"rendered":"<h2>Zagen in ATEX-zone<\/h2>\n<p>Volledig metalen, pneumatische reciprozaag\u00a0 voor gebruik in omgevingen met explosiegevaar voor het zagen van steunen en leidingen. De zaag kan worden uitgerust met een ge\u00efntegreerde klemmechanisme die dieper zagen mogelijk maakt - tot 300 mm (11,81 inch). De ge\u00efntegreerde snelheidsregelaar zorgt voor perfecte en constante zaagomstandigheden<\/p>\n<h2>Motorvermogen reciprozaag<\/h2>\n<ul>\n<li>Motorvermogen bij luchtdruk 4,5 bar: 0,9 kW (1,2 pk).<\/li>\n<li>Motorvermogen bij luchtdruk 6,3 bar: 1,5 kW (2,0 HP).<\/li>\n<\/ul>\n<h2>Uniek in zijn soort<\/h2>\n<p>De flexibele constructie, het hoge vermogen, het gebruik van verschillende materialen en hun toepassing, verzekeren een effici\u00ebnt snijvermogen van steunen, leidingen en andere industri\u00eble objecten. De snelheidsregelaar zorgt voor perfecte en constante snijcondities. Onze reciprozaag is uitgerust met een snel reagerende snelheidsregelaar, die de maximale motorvermogen gebruikt om de zaagsnede constant te houden.<\/p>\n<h2>Zeer duurzaam<\/h2>\n<p>Door de effici\u00ebnte en goed geteste constructie, is deze zaag zeer betrouwbaar en vereist een lage onderhoudsinvestering, zelfs bij gebruik van 24\/7 werkzaamheden.<\/p>\n<h2>Eenvoudige bediening<\/h2>\n<p>Een eenvoudige bediening, zelfs bij grote grote secties, is mogelijk dankzij het ge\u00efntegreerde klemsysteem<\/p>\n","protected":false},"excerpt":{"rendered":"<p>Deze reciprozaag is ontwikkeld door het Duitse merk Deprag, wat sinds jaar en dag unieke oplossingen levert binnen de industrie. Deze zaag wordt voornamelijk gebruikt in de mijnbouw in het oosten van Europa en in Afrika, maar wordt vanwege de robuustheid ook steeds meer gebruikt binnen de westerse petro(chemische) industrie.<\/p>\n","protected":false},"featured_media":359,"template":"","meta":{"_acf_changed":false,"content-type":"","editor_notices":[]},"product_brand":[],"product_cat":[30,49],"product_tag":[],"class_list":{"0":"post-358","1":"product","2":"type-product","3":"status-publish","4":"has-post-thumbnail","6":"product_cat-assortiment","7":"product_cat-zagen","9":"first","10":"instock","11":"taxable","12":"shipping-taxable","13":"product-type-simple"},"acf":[],"yoast_head":"<!-- This site is optimized with the Yoast SEO plugin v27.3 - https:\/\/yoast.com\/product\/yoast-seo-wordpress\/ -->\n<title>ATEX Reciprozaag - Atex Tools | CZ<\/title>\n<meta name=\"description\" content=\"Volledig metalen, pneumatische reciprozaag\u00a0 voor gebruik in omgevingen met explosiegevaar voor het zagen van steunen en leidingen.\" \/>\n<meta name=\"robots\" content=\"index, follow, max-snippet:-1, max-image-preview:large, max-video-preview:-1\" \/>\n<link rel=\"canonical\" href=\"https:\/\/www.atex-tools.com\/cz\/product\/assortiment\/zagen\/atex-reciprozaag\/\" \/>\n<meta property=\"og:locale\" content=\"cs_CZ\" \/>\n<meta property=\"og:type\" content=\"article\" \/>\n<meta property=\"og:title\" content=\"ATEX Reciprozaag - Atex Tools | CZ\" \/>\n<meta property=\"og:description\" content=\"Volledig metalen, pneumatische reciprozaag\u00a0 voor gebruik in omgevingen met explosiegevaar voor het zagen van steunen en leidingen.\" \/>\n<meta property=\"og:url\" content=\"https:\/\/www.atex-tools.com\/cz\/product\/assortiment\/zagen\/atex-reciprozaag\/\" \/>\n<meta property=\"og:site_name\" content=\"Atex Tools | CZ\" \/>\n<meta property=\"article:modified_time\" content=\"2024-07-15T08:21:08+00:00\" \/>\n<meta property=\"og:image\" content=\"https:\/\/www.atex-tools.com\/cz\/wp-content\/uploads\/sites\/4\/2022\/09\/6060835a-f-2.jpg\" \/>\n\t<meta property=\"og:image:width\" content=\"1000\" \/>\n\t<meta property=\"og:image:height\" content=\"750\" \/>\n\t<meta property=\"og:image:type\" content=\"image\/jpeg\" \/>\n<meta name=\"twitter:card\" content=\"summary_large_image\" \/>\n<meta name=\"twitter:label1\" content=\"Odhadovan\u00e1 doba \u010dten\u00ed\" \/>\n\t<meta name=\"twitter:data1\" content=\"1 minuta\" \/>\n<script type=\"application\/ld+json\" class=\"yoast-schema-graph\">{\"@context\":\"https:\\\/\\\/schema.org\",\"@graph\":[{\"@type\":\"WebPage\",\"@id\":\"https:\\\/\\\/www.atex-tools.com\\\/cz\\\/product\\\/assortiment\\\/zagen\\\/atex-reciprozaag\\\/\",\"url\":\"https:\\\/\\\/www.atex-tools.com\\\/cz\\\/product\\\/assortiment\\\/zagen\\\/atex-reciprozaag\\\/\",\"name\":\"ATEX Reciprozaag - Atex Tools | CZ\",\"isPartOf\":{\"@id\":\"https:\\\/\\\/www.atex-tools.com\\\/cz\\\/#website\"},\"primaryImageOfPage\":{\"@id\":\"https:\\\/\\\/www.atex-tools.com\\\/cz\\\/product\\\/assortiment\\\/zagen\\\/atex-reciprozaag\\\/#primaryimage\"},\"image\":{\"@id\":\"https:\\\/\\\/www.atex-tools.com\\\/cz\\\/product\\\/assortiment\\\/zagen\\\/atex-reciprozaag\\\/#primaryimage\"},\"thumbnailUrl\":\"https:\\\/\\\/www.atex-tools.com\\\/cz\\\/wp-content\\\/uploads\\\/sites\\\/4\\\/2022\\\/09\\\/6060835a-f-2.jpg\",\"datePublished\":\"2022-09-28T07:50:35+00:00\",\"dateModified\":\"2024-07-15T08:21:08+00:00\",\"description\":\"Volledig metalen, pneumatische reciprozaag\u00a0 voor gebruik in omgevingen met explosiegevaar voor het zagen van steunen en leidingen.\",\"breadcrumb\":{\"@id\":\"https:\\\/\\\/www.atex-tools.com\\\/cz\\\/product\\\/assortiment\\\/zagen\\\/atex-reciprozaag\\\/#breadcrumb\"},\"inLanguage\":\"cs\",\"potentialAction\":[{\"@type\":\"ReadAction\",\"target\":[\"https:\\\/\\\/www.atex-tools.com\\\/cz\\\/product\\\/assortiment\\\/zagen\\\/atex-reciprozaag\\\/\"]}]},{\"@type\":\"ImageObject\",\"inLanguage\":\"cs\",\"@id\":\"https:\\\/\\\/www.atex-tools.com\\\/cz\\\/product\\\/assortiment\\\/zagen\\\/atex-reciprozaag\\\/#primaryimage\",\"url\":\"https:\\\/\\\/www.atex-tools.com\\\/cz\\\/wp-content\\\/uploads\\\/sites\\\/4\\\/2022\\\/09\\\/6060835a-f-2.jpg\",\"contentUrl\":\"https:\\\/\\\/www.atex-tools.com\\\/cz\\\/wp-content\\\/uploads\\\/sites\\\/4\\\/2022\\\/09\\\/6060835a-f-2.jpg\",\"width\":1000,\"height\":750},{\"@type\":\"BreadcrumbList\",\"@id\":\"https:\\\/\\\/www.atex-tools.com\\\/cz\\\/product\\\/assortiment\\\/zagen\\\/atex-reciprozaag\\\/#breadcrumb\",\"itemListElement\":[{\"@type\":\"ListItem\",\"position\":1,\"name\":\"Home\",\"item\":\"https:\\\/\\\/www.atex-tools.com\\\/cz\\\/\"},{\"@type\":\"ListItem\",\"position\":2,\"name\":\"Producten\",\"item\":\"https:\\\/\\\/www.atex-tools.com\\\/cz\\\/producten\\\/\"},{\"@type\":\"ListItem\",\"position\":3,\"name\":\"ATEX Reciprozaag\"}]},{\"@type\":\"WebSite\",\"@id\":\"https:\\\/\\\/www.atex-tools.com\\\/cz\\\/#website\",\"url\":\"https:\\\/\\\/www.atex-tools.com\\\/cz\\\/\",\"name\":\"Atex Tools | CZ\",\"description\":\"Atex Tools\",\"potentialAction\":[{\"@type\":\"SearchAction\",\"target\":{\"@type\":\"EntryPoint\",\"urlTemplate\":\"https:\\\/\\\/www.atex-tools.com\\\/cz\\\/?s={search_term_string}\"},\"query-input\":{\"@type\":\"PropertyValueSpecification\",\"valueRequired\":true,\"valueName\":\"search_term_string\"}}],\"inLanguage\":\"cs\"}]}<\/script>\n<!-- \/ Yoast SEO plugin. -->","yoast_head_json":{"title":"ATEX Reciprozaag - Atex Tools | CZ","description":"Volledig metalen, pneumatische reciprozaag\u00a0 voor gebruik in omgevingen met explosiegevaar voor het zagen van steunen en leidingen.","robots":{"index":"index","follow":"follow","max-snippet":"max-snippet:-1","max-image-preview":"max-image-preview:large","max-video-preview":"max-video-preview:-1"},"canonical":"https:\/\/www.atex-tools.com\/cz\/product\/assortiment\/zagen\/atex-reciprozaag\/","og_locale":"cs_CZ","og_type":"article","og_title":"ATEX Reciprozaag - Atex Tools | CZ","og_description":"Volledig metalen, pneumatische reciprozaag\u00a0 voor gebruik in omgevingen met explosiegevaar voor het zagen van steunen en leidingen.","og_url":"https:\/\/www.atex-tools.com\/cz\/product\/assortiment\/zagen\/atex-reciprozaag\/","og_site_name":"Atex Tools | CZ","article_modified_time":"2024-07-15T08:21:08+00:00","og_image":[{"width":1000,"height":750,"url":"https:\/\/www.atex-tools.com\/cz\/wp-content\/uploads\/sites\/4\/2022\/09\/6060835a-f-2.jpg","type":"image\/jpeg"}],"twitter_card":"summary_large_image","twitter_misc":{"Odhadovan\u00e1 doba \u010dten\u00ed":"1 minuta"},"schema":{"@context":"https:\/\/schema.org","@graph":[{"@type":"WebPage","@id":"https:\/\/www.atex-tools.com\/cz\/product\/assortiment\/zagen\/atex-reciprozaag\/","url":"https:\/\/www.atex-tools.com\/cz\/product\/assortiment\/zagen\/atex-reciprozaag\/","name":"ATEX Reciprozaag - Atex Tools | CZ","isPartOf":{"@id":"https:\/\/www.atex-tools.com\/cz\/#website"},"primaryImageOfPage":{"@id":"https:\/\/www.atex-tools.com\/cz\/product\/assortiment\/zagen\/atex-reciprozaag\/#primaryimage"},"image":{"@id":"https:\/\/www.atex-tools.com\/cz\/product\/assortiment\/zagen\/atex-reciprozaag\/#primaryimage"},"thumbnailUrl":"https:\/\/www.atex-tools.com\/cz\/wp-content\/uploads\/sites\/4\/2022\/09\/6060835a-f-2.jpg","datePublished":"2022-09-28T07:50:35+00:00","dateModified":"2024-07-15T08:21:08+00:00","description":"Volledig metalen, pneumatische reciprozaag\u00a0 voor gebruik in omgevingen met explosiegevaar voor het zagen van steunen en leidingen.","breadcrumb":{"@id":"https:\/\/www.atex-tools.com\/cz\/product\/assortiment\/zagen\/atex-reciprozaag\/#breadcrumb"},"inLanguage":"cs","potentialAction":[{"@type":"ReadAction","target":["https:\/\/www.atex-tools.com\/cz\/product\/assortiment\/zagen\/atex-reciprozaag\/"]}]},{"@type":"ImageObject","inLanguage":"cs","@id":"https:\/\/www.atex-tools.com\/cz\/product\/assortiment\/zagen\/atex-reciprozaag\/#primaryimage","url":"https:\/\/www.atex-tools.com\/cz\/wp-content\/uploads\/sites\/4\/2022\/09\/6060835a-f-2.jpg","contentUrl":"https:\/\/www.atex-tools.com\/cz\/wp-content\/uploads\/sites\/4\/2022\/09\/6060835a-f-2.jpg","width":1000,"height":750},{"@type":"BreadcrumbList","@id":"https:\/\/www.atex-tools.com\/cz\/product\/assortiment\/zagen\/atex-reciprozaag\/#breadcrumb","itemListElement":[{"@type":"ListItem","position":1,"name":"Home","item":"https:\/\/www.atex-tools.com\/cz\/"},{"@type":"ListItem","position":2,"name":"Producten","item":"https:\/\/www.atex-tools.com\/cz\/producten\/"},{"@type":"ListItem","position":3,"name":"ATEX Reciprozaag"}]},{"@type":"WebSite","@id":"https:\/\/www.atex-tools.com\/cz\/#website","url":"https:\/\/www.atex-tools.com\/cz\/","name":"Atex Tools | CZ","description":"Atex Tools","potentialAction":[{"@type":"SearchAction","target":{"@type":"EntryPoint","urlTemplate":"https:\/\/www.atex-tools.com\/cz\/?s={search_term_string}"},"query-input":{"@type":"PropertyValueSpecification","valueRequired":true,"valueName":"search_term_string"}}],"inLanguage":"cs"}]}},"_links":{"self":[{"href":"https:\/\/www.atex-tools.com\/cz\/wp-json\/wp\/v2\/product\/358","targetHints":{"allow":["GET"]}}],"collection":[{"href":"https:\/\/www.atex-tools.com\/cz\/wp-json\/wp\/v2\/product"}],"about":[{"href":"https:\/\/www.atex-tools.com\/cz\/wp-json\/wp\/v2\/types\/product"}],"wp:featuredmedia":[{"embeddable":true,"href":"https:\/\/www.atex-tools.com\/cz\/wp-json\/wp\/v2\/media\/359"}],"wp:attachment":[{"href":"https:\/\/www.atex-tools.com\/cz\/wp-json\/wp\/v2\/media?parent=358"}],"wp:term":[{"taxonomy":"product_brand","embeddable":true,"href":"https:\/\/www.atex-tools.com\/cz\/wp-json\/wp\/v2\/product_brand?post=358"},{"taxonomy":"product_cat","embeddable":true,"href":"https:\/\/www.atex-tools.com\/cz\/wp-json\/wp\/v2\/product_cat?post=358"},{"taxonomy":"product_tag","embeddable":true,"href":"https:\/\/www.atex-tools.com\/cz\/wp-json\/wp\/v2\/product_tag?post=358"}],"curies":[{"name":"wp","href":"https:\/\/api.w.org\/{rel}","templated":true}]}}