{"id":372,"date":"2022-09-28T11:19:53","date_gmt":"2022-09-28T09:19:53","guid":{"rendered":"https:\/\/www.atex-tools.com\/?post_type=product&#038;p=372"},"modified":"2024-07-15T10:19:59","modified_gmt":"2024-07-15T08:19:59","slug":"atex-slagmoersleutel-m16-m30","status":"publish","type":"product","link":"https:\/\/www.atex-tools.com\/cz\/product\/assortiment\/pneumatische-slagmoersleutels\/atex-slagmoersleutel-m16-m30\/","title":{"rendered":"3\/4\" Slagmoersleutel 1400 Nm M16-M30"},"content":{"rendered":"<h2>Pneumatische slagmoersleutel 1400 Nm<\/h2>\n<p>Voor gebruik in potentieel explosieve omgevingen.<br \/>\nATEX-conformiteitscode IM2cXII2GDcIIBT6 (80 \u00b0 C) X.<\/p>\n<h3>Hoog vermogen<\/h3>\n<p>Twin-Hammer slagmechanisme - revolutionair motorontwerp: Het speciale ontwerp van de luchtslagmoersleutels maakt hoge snelheden bij gelijktijdig hoge draaimomenten mogelijk. Dit luchtgereedschap is ontworpen om uw productie-inspanningen te verminderen door de cyclustijden sterk te verkorten.<\/p>\n<h3>3-staps koppelinstelling<\/h3>\n<p>Onze DEPRAG INDUSTRIAL ATEX slagmoersleutels zijn uitgerust met een 3-staps vermogensbegrenzer. Tijdens de vermogensregeling wordt de luchtdruk beperkt wat resulteert in een lager luchtverbruik + een zuinigere werking. 3-staps koppelregeling: De 3-traps vermogensbegrenzer werkt als volgt: de eerste instelling is het maximale koppel, de tweede instelling reduceert het koppel tot 50% en de derde instelling komt overeen met 30\u00b0 van het maximale koppel.<\/p>\n<h3>Robuust, zeer duurzaam<\/h3>\n<p>De speciale robuuste constructie van onze ATEX slagmoersleutel garandeert een lange levensduur en een betrouwbare werking in industri\u00eble toepassingen waar 24\/7 gewerkt moet worden.<\/p>\n<h3>Eenvoudige bediening<\/h3>\n<p>Ergonomische bediening en eenvoudige bediening voor verschillende toepassingen en verschillende aanhaalprocessen worden vervuld door de grote effectiviteit van deze gereedschappen. Het vereiste koppel wordt bepaald door de grootte van het slaggereedschap en het aantal slagen. De nieuwe greep is gemaakt om een evenwichtig gebruik te verzekeren, wat een vermoeidheidsvrije werking garandeert. De omkeerschuif is eenvoudig te bedienen en goed bereikbaar.<\/p>\n","protected":false},"excerpt":{"rendered":"<p>Slagmoersleutel met pistoolgreep - voor het snel en moeiteloos vast- en losdraaien van schroeven van M16 tot M30; ons slaggereedschap is bijzonder geschikt voor het aandraaien van schroeven in de montage- en onderhoudssector, die zich ook in explosiegevaarlijke omgevingen kunnen bevinden - ATEX-conform - IM2cXII2GDcIIBT6 (80 \u00b0 C) X.<\/p>\n","protected":false},"featured_media":373,"template":"","meta":{"_acf_changed":false,"content-type":"","editor_notices":[]},"product_brand":[],"product_cat":[30,43],"product_tag":[50,51,52,53],"class_list":{"0":"post-372","1":"product","2":"type-product","3":"status-publish","4":"has-post-thumbnail","6":"product_cat-assortiment","7":"product_cat-pneumatische-slagmoersleutels","8":"product_tag-pneumatisch","9":"product_tag-slagmoersleutel","10":"product_tag-atex","11":"product_tag-koppel","13":"first","14":"instock","15":"taxable","16":"shipping-taxable","17":"product-type-simple"},"acf":[],"yoast_head":"<!-- This site is optimized with the Yoast SEO plugin v27.3 - https:\/\/yoast.com\/product\/yoast-seo-wordpress\/ -->\n<title>3\/4&quot; Slagmoersleutel 1400 Nm M16-M30 - Atex Tools | CZ<\/title>\n<meta name=\"description\" content=\"Pneumatische slagmoersleutel met pistoolgreep - voor het snel en moeiteloos vast- en losdraaien van schroeven van M16 tot M30;\" \/>\n<meta name=\"robots\" content=\"index, follow, max-snippet:-1, max-image-preview:large, max-video-preview:-1\" \/>\n<link rel=\"canonical\" href=\"https:\/\/www.atex-tools.com\/cz\/product\/assortiment\/pneumatische-slagmoersleutels\/atex-slagmoersleutel-m16-m30\/\" \/>\n<meta property=\"og:locale\" content=\"cs_CZ\" \/>\n<meta property=\"og:type\" content=\"article\" \/>\n<meta property=\"og:title\" content=\"3\/4&quot; Slagmoersleutel 1400 Nm M16-M30 - Atex Tools | CZ\" \/>\n<meta property=\"og:description\" content=\"Pneumatische slagmoersleutel met pistoolgreep - voor het snel en moeiteloos vast- en losdraaien van schroeven van M16 tot M30;\" \/>\n<meta property=\"og:url\" content=\"https:\/\/www.atex-tools.com\/cz\/product\/assortiment\/pneumatische-slagmoersleutels\/atex-slagmoersleutel-m16-m30\/\" \/>\n<meta property=\"og:site_name\" content=\"Atex Tools | CZ\" \/>\n<meta property=\"article:modified_time\" content=\"2024-07-15T08:19:59+00:00\" \/>\n<meta property=\"og:image\" content=\"https:\/\/www.atex-tools.com\/cz\/wp-content\/uploads\/sites\/4\/2022\/09\/6061105A_f.jpg\" \/>\n\t<meta property=\"og:image:width\" content=\"1000\" \/>\n\t<meta property=\"og:image:height\" content=\"750\" \/>\n\t<meta property=\"og:image:type\" content=\"image\/jpeg\" \/>\n<meta name=\"twitter:card\" content=\"summary_large_image\" \/>\n<meta name=\"twitter:label1\" content=\"Odhadovan\u00e1 doba \u010dten\u00ed\" \/>\n\t<meta name=\"twitter:data1\" content=\"2 minuty\" \/>\n<script type=\"application\/ld+json\" class=\"yoast-schema-graph\">{\"@context\":\"https:\\\/\\\/schema.org\",\"@graph\":[{\"@type\":\"WebPage\",\"@id\":\"https:\\\/\\\/www.atex-tools.com\\\/cz\\\/product\\\/assortiment\\\/pneumatische-slagmoersleutels\\\/atex-slagmoersleutel-m16-m30\\\/\",\"url\":\"https:\\\/\\\/www.atex-tools.com\\\/cz\\\/product\\\/assortiment\\\/pneumatische-slagmoersleutels\\\/atex-slagmoersleutel-m16-m30\\\/\",\"name\":\"3\\\/4\\\" Slagmoersleutel 1400 Nm M16-M30 - Atex Tools | CZ\",\"isPartOf\":{\"@id\":\"https:\\\/\\\/www.atex-tools.com\\\/cz\\\/#website\"},\"primaryImageOfPage\":{\"@id\":\"https:\\\/\\\/www.atex-tools.com\\\/cz\\\/product\\\/assortiment\\\/pneumatische-slagmoersleutels\\\/atex-slagmoersleutel-m16-m30\\\/#primaryimage\"},\"image\":{\"@id\":\"https:\\\/\\\/www.atex-tools.com\\\/cz\\\/product\\\/assortiment\\\/pneumatische-slagmoersleutels\\\/atex-slagmoersleutel-m16-m30\\\/#primaryimage\"},\"thumbnailUrl\":\"https:\\\/\\\/www.atex-tools.com\\\/cz\\\/wp-content\\\/uploads\\\/sites\\\/4\\\/2022\\\/09\\\/6061105A_f.jpg\",\"datePublished\":\"2022-09-28T09:19:53+00:00\",\"dateModified\":\"2024-07-15T08:19:59+00:00\",\"description\":\"Pneumatische slagmoersleutel met pistoolgreep - voor het snel en moeiteloos vast- en losdraaien van schroeven van M16 tot M30;\",\"breadcrumb\":{\"@id\":\"https:\\\/\\\/www.atex-tools.com\\\/cz\\\/product\\\/assortiment\\\/pneumatische-slagmoersleutels\\\/atex-slagmoersleutel-m16-m30\\\/#breadcrumb\"},\"inLanguage\":\"cs\",\"potentialAction\":[{\"@type\":\"ReadAction\",\"target\":[\"https:\\\/\\\/www.atex-tools.com\\\/cz\\\/product\\\/assortiment\\\/pneumatische-slagmoersleutels\\\/atex-slagmoersleutel-m16-m30\\\/\"]}]},{\"@type\":\"ImageObject\",\"inLanguage\":\"cs\",\"@id\":\"https:\\\/\\\/www.atex-tools.com\\\/cz\\\/product\\\/assortiment\\\/pneumatische-slagmoersleutels\\\/atex-slagmoersleutel-m16-m30\\\/#primaryimage\",\"url\":\"https:\\\/\\\/www.atex-tools.com\\\/cz\\\/wp-content\\\/uploads\\\/sites\\\/4\\\/2022\\\/09\\\/6061105A_f.jpg\",\"contentUrl\":\"https:\\\/\\\/www.atex-tools.com\\\/cz\\\/wp-content\\\/uploads\\\/sites\\\/4\\\/2022\\\/09\\\/6061105A_f.jpg\",\"width\":1000,\"height\":750},{\"@type\":\"BreadcrumbList\",\"@id\":\"https:\\\/\\\/www.atex-tools.com\\\/cz\\\/product\\\/assortiment\\\/pneumatische-slagmoersleutels\\\/atex-slagmoersleutel-m16-m30\\\/#breadcrumb\",\"itemListElement\":[{\"@type\":\"ListItem\",\"position\":1,\"name\":\"Home\",\"item\":\"https:\\\/\\\/www.atex-tools.com\\\/cz\\\/\"},{\"@type\":\"ListItem\",\"position\":2,\"name\":\"Producten\",\"item\":\"https:\\\/\\\/www.atex-tools.com\\\/cz\\\/producten\\\/\"},{\"@type\":\"ListItem\",\"position\":3,\"name\":\"3\\\/4&#8243; Slagmoersleutel 1400 Nm M16-M30\"}]},{\"@type\":\"WebSite\",\"@id\":\"https:\\\/\\\/www.atex-tools.com\\\/cz\\\/#website\",\"url\":\"https:\\\/\\\/www.atex-tools.com\\\/cz\\\/\",\"name\":\"Atex Tools | CZ\",\"description\":\"Atex Tools\",\"potentialAction\":[{\"@type\":\"SearchAction\",\"target\":{\"@type\":\"EntryPoint\",\"urlTemplate\":\"https:\\\/\\\/www.atex-tools.com\\\/cz\\\/?s={search_term_string}\"},\"query-input\":{\"@type\":\"PropertyValueSpecification\",\"valueRequired\":true,\"valueName\":\"search_term_string\"}}],\"inLanguage\":\"cs\"}]}<\/script>\n<!-- \/ Yoast SEO plugin. -->","yoast_head_json":{"title":"3\/4\" Slagmoersleutel 1400 Nm M16-M30 - Atex Tools | CZ","description":"Pneumatische slagmoersleutel met pistoolgreep - voor het snel en moeiteloos vast- en losdraaien van schroeven van M16 tot M30;","robots":{"index":"index","follow":"follow","max-snippet":"max-snippet:-1","max-image-preview":"max-image-preview:large","max-video-preview":"max-video-preview:-1"},"canonical":"https:\/\/www.atex-tools.com\/cz\/product\/assortiment\/pneumatische-slagmoersleutels\/atex-slagmoersleutel-m16-m30\/","og_locale":"cs_CZ","og_type":"article","og_title":"3\/4\" Slagmoersleutel 1400 Nm M16-M30 - Atex Tools | CZ","og_description":"Pneumatische slagmoersleutel met pistoolgreep - voor het snel en moeiteloos vast- en losdraaien van schroeven van M16 tot M30;","og_url":"https:\/\/www.atex-tools.com\/cz\/product\/assortiment\/pneumatische-slagmoersleutels\/atex-slagmoersleutel-m16-m30\/","og_site_name":"Atex Tools | CZ","article_modified_time":"2024-07-15T08:19:59+00:00","og_image":[{"width":1000,"height":750,"url":"https:\/\/www.atex-tools.com\/cz\/wp-content\/uploads\/sites\/4\/2022\/09\/6061105A_f.jpg","type":"image\/jpeg"}],"twitter_card":"summary_large_image","twitter_misc":{"Odhadovan\u00e1 doba \u010dten\u00ed":"2 minuty"},"schema":{"@context":"https:\/\/schema.org","@graph":[{"@type":"WebPage","@id":"https:\/\/www.atex-tools.com\/cz\/product\/assortiment\/pneumatische-slagmoersleutels\/atex-slagmoersleutel-m16-m30\/","url":"https:\/\/www.atex-tools.com\/cz\/product\/assortiment\/pneumatische-slagmoersleutels\/atex-slagmoersleutel-m16-m30\/","name":"3\/4\" Slagmoersleutel 1400 Nm M16-M30 - Atex Tools | CZ","isPartOf":{"@id":"https:\/\/www.atex-tools.com\/cz\/#website"},"primaryImageOfPage":{"@id":"https:\/\/www.atex-tools.com\/cz\/product\/assortiment\/pneumatische-slagmoersleutels\/atex-slagmoersleutel-m16-m30\/#primaryimage"},"image":{"@id":"https:\/\/www.atex-tools.com\/cz\/product\/assortiment\/pneumatische-slagmoersleutels\/atex-slagmoersleutel-m16-m30\/#primaryimage"},"thumbnailUrl":"https:\/\/www.atex-tools.com\/cz\/wp-content\/uploads\/sites\/4\/2022\/09\/6061105A_f.jpg","datePublished":"2022-09-28T09:19:53+00:00","dateModified":"2024-07-15T08:19:59+00:00","description":"Pneumatische slagmoersleutel met pistoolgreep - voor het snel en moeiteloos vast- en losdraaien van schroeven van M16 tot M30;","breadcrumb":{"@id":"https:\/\/www.atex-tools.com\/cz\/product\/assortiment\/pneumatische-slagmoersleutels\/atex-slagmoersleutel-m16-m30\/#breadcrumb"},"inLanguage":"cs","potentialAction":[{"@type":"ReadAction","target":["https:\/\/www.atex-tools.com\/cz\/product\/assortiment\/pneumatische-slagmoersleutels\/atex-slagmoersleutel-m16-m30\/"]}]},{"@type":"ImageObject","inLanguage":"cs","@id":"https:\/\/www.atex-tools.com\/cz\/product\/assortiment\/pneumatische-slagmoersleutels\/atex-slagmoersleutel-m16-m30\/#primaryimage","url":"https:\/\/www.atex-tools.com\/cz\/wp-content\/uploads\/sites\/4\/2022\/09\/6061105A_f.jpg","contentUrl":"https:\/\/www.atex-tools.com\/cz\/wp-content\/uploads\/sites\/4\/2022\/09\/6061105A_f.jpg","width":1000,"height":750},{"@type":"BreadcrumbList","@id":"https:\/\/www.atex-tools.com\/cz\/product\/assortiment\/pneumatische-slagmoersleutels\/atex-slagmoersleutel-m16-m30\/#breadcrumb","itemListElement":[{"@type":"ListItem","position":1,"name":"Home","item":"https:\/\/www.atex-tools.com\/cz\/"},{"@type":"ListItem","position":2,"name":"Producten","item":"https:\/\/www.atex-tools.com\/cz\/producten\/"},{"@type":"ListItem","position":3,"name":"3\/4&#8243; Slagmoersleutel 1400 Nm M16-M30"}]},{"@type":"WebSite","@id":"https:\/\/www.atex-tools.com\/cz\/#website","url":"https:\/\/www.atex-tools.com\/cz\/","name":"Atex Tools | CZ","description":"Atex Tools","potentialAction":[{"@type":"SearchAction","target":{"@type":"EntryPoint","urlTemplate":"https:\/\/www.atex-tools.com\/cz\/?s={search_term_string}"},"query-input":{"@type":"PropertyValueSpecification","valueRequired":true,"valueName":"search_term_string"}}],"inLanguage":"cs"}]}},"_links":{"self":[{"href":"https:\/\/www.atex-tools.com\/cz\/wp-json\/wp\/v2\/product\/372","targetHints":{"allow":["GET"]}}],"collection":[{"href":"https:\/\/www.atex-tools.com\/cz\/wp-json\/wp\/v2\/product"}],"about":[{"href":"https:\/\/www.atex-tools.com\/cz\/wp-json\/wp\/v2\/types\/product"}],"wp:featuredmedia":[{"embeddable":true,"href":"https:\/\/www.atex-tools.com\/cz\/wp-json\/wp\/v2\/media\/373"}],"wp:attachment":[{"href":"https:\/\/www.atex-tools.com\/cz\/wp-json\/wp\/v2\/media?parent=372"}],"wp:term":[{"taxonomy":"product_brand","embeddable":true,"href":"https:\/\/www.atex-tools.com\/cz\/wp-json\/wp\/v2\/product_brand?post=372"},{"taxonomy":"product_cat","embeddable":true,"href":"https:\/\/www.atex-tools.com\/cz\/wp-json\/wp\/v2\/product_cat?post=372"},{"taxonomy":"product_tag","embeddable":true,"href":"https:\/\/www.atex-tools.com\/cz\/wp-json\/wp\/v2\/product_tag?post=372"}],"curies":[{"name":"wp","href":"https:\/\/api.w.org\/{rel}","templated":true}]}}