{"id":401,"date":"2022-09-28T16:40:27","date_gmt":"2022-09-28T14:40:27","guid":{"rendered":"https:\/\/www.atex-tools.com\/?post_type=product&#038;p=401"},"modified":"2024-07-15T10:18:53","modified_gmt":"2024-07-15T08:18:53","slug":"atex-boormachine","status":"publish","type":"product","link":"https:\/\/www.atex-tools.com\/cz\/product\/assortiment\/boormachines\/atex-boormachine\/","title":{"rendered":"ATEX boormachine"},"content":{"rendered":"<h2>Pneumatische handboormachine<\/h2>\n<p>ATEX Boormachine van het merk Deprag, geschikt voor boorwerkzaamheden binnen de zware industrie. De ATEX-boormachine is enkel rechts roterend en heeft een gewicht van 4,2 kg. De maximale diameter bij het boren in staal is 16 milimeter, de ideale druk is 6,3 bar. Overige specificaties van de ATEX boormachine leest u hieronder. Hieronder kunt u ook de veiligheid \/ operationele handleiding van de boormachine doornemen.<\/p>\n<p><span style=\"text-decoration: underline\"><strong>\u00a0<a href=\"https:\/\/www.atex-tools.com\/wp-content\/uploads\/sites\/4\/2022\/09\/015157en.pdf\">Veiligheid en operationele handleiding PV16BN<\/a><\/strong><\/span><\/p>\n<table class=\"table-hover table-striped col-md-12\" style=\"height: 687px\" width=\"1082\">\n<tbody>\n<tr>\n<th class=\"col-md-6 paddingTop5 paddingBottom5\">Max. power output<\/th>\n<td class=\"col-md-6\">500 W \/ .67 hp<\/td>\n<\/tr>\n<tr>\n<th class=\"col-md-6 paddingTop5 paddingBottom5\">Speed (no load)<\/th>\n<td class=\"col-md-6\">650 min<sup>-1<\/sup><\/td>\n<\/tr>\n<tr>\n<th class=\"col-md-6 paddingTop5 paddingBottom5\">Weight<\/th>\n<td class=\"col-md-6\">4,2 kg \/ 9,26 lbs<\/td>\n<\/tr>\n<tr>\n<th class=\"col-md-6 paddingTop5 paddingBottom5\">Drive<\/th>\n<td class=\"col-md-6\">vane motor<\/td>\n<\/tr>\n<tr>\n<th class=\"col-md-6 paddingTop5 paddingBottom5\">Assortment<\/th>\n<td class=\"col-md-6\">Additional Assortment<\/td>\n<\/tr>\n<tr>\n<th class=\"col-md-6 paddingTop5 paddingBottom5\">Start<\/th>\n<td class=\"col-md-6\">trigger<\/td>\n<\/tr>\n<tr>\n<th class=\"col-md-6 paddingTop5 paddingBottom5\">Rotation<\/th>\n<td class=\"col-md-6\">right<\/td>\n<\/tr>\n<tr>\n<th class=\"col-md-6 paddingTop5 paddingBottom5\">Air consumption (no load)<\/th>\n<td class=\"col-md-6\">0,4 m<sup>3<\/sup>\/min \/ 14.12 cfm<\/td>\n<\/tr>\n<tr>\n<th class=\"col-md-6 paddingTop5 paddingBottom5\">Air consumption (loaded)<\/th>\n<td class=\"col-md-6\">0,8 m<sup>3<\/sup>\/min \/ 28.20 cfm<\/td>\n<\/tr>\n<tr>\n<th class=\"col-md-6 paddingTop5 paddingBottom5\">I.D. of air inlet hose<\/th>\n<td class=\"col-md-6\">10 mm \/ .39 in<\/td>\n<\/tr>\n<tr>\n<th class=\"col-md-6 paddingTop5 paddingBottom5\">Max. drill-\u00d8 into steel<\/th>\n<td class=\"col-md-6\">16 mm \/ .63 in<\/td>\n<\/tr>\n<tr>\n<th class=\"col-md-6 paddingTop5 paddingBottom5\">Max. drill-\u00d8 into plastic<\/th>\n<td class=\"col-md-6\">23 mm \/ .90 in<\/td>\n<\/tr>\n<tr>\n<th class=\"col-md-6 paddingTop5 paddingBottom5\">Max. drill-\u00d8 into wood<\/th>\n<td class=\"col-md-6\">35 mm \/ 1.38 in<\/td>\n<\/tr>\n<tr>\n<th class=\"col-md-6 paddingTop5 paddingBottom5\">Air connection<\/th>\n<td class=\"col-md-6\">Rd 32<\/td>\n<\/tr>\n<tr>\n<th class=\"col-md-6 paddingTop5 paddingBottom5\">Operating pressure<\/th>\n<td class=\"col-md-6\">6,3 bar \/ 90 psi<\/td>\n<\/tr>\n<\/tbody>\n<\/table>\n","protected":false},"excerpt":{"rendered":"<p>Pneumatische boor, ontwikkeld door het Duitse merk Deprag, wordt gebruikt in potentieel explosieve omgevingen. Deprag is een Duits A-merk wat onder andere luchtmotoren produceert voor bekende pneumatische gereedschapsmerken. De gereedschappen staan bekend als robuust, duurzaam en effici\u00ebnt voor toepassingen binnen de zware industrie.<\/p>\n","protected":false},"featured_media":403,"template":"","meta":{"_acf_changed":false,"content-type":"","editor_notices":[]},"product_brand":[],"product_cat":[30,76],"product_tag":[52,58,59,60,61,62],"class_list":{"0":"post-401","1":"product","2":"type-product","3":"status-publish","4":"has-post-thumbnail","6":"product_cat-assortiment","7":"product_cat-boormachines","8":"product_tag-atex","9":"product_tag-boormachine","10":"product_tag-atex-boormachine","11":"product_tag-boren-in-atex-zone","12":"product_tag-boren","13":"product_tag-atex-boren","15":"first","16":"instock","17":"taxable","18":"shipping-taxable","19":"product-type-simple"},"acf":[],"yoast_head":"<!-- This site is optimized with the Yoast SEO plugin v27.3 - https:\/\/yoast.com\/product\/yoast-seo-wordpress\/ -->\n<title>ATEX boormachine - Atex Tools | CZ<\/title>\n<meta name=\"description\" content=\"Deze pneumatische boor wordt gebruikt in potentieel explosieve omgevingen. De boor is ontwikkeld door het Duitse merk Deprag.\" \/>\n<meta name=\"robots\" content=\"index, follow, max-snippet:-1, max-image-preview:large, max-video-preview:-1\" \/>\n<link rel=\"canonical\" href=\"https:\/\/www.atex-tools.com\/cz\/product\/assortiment\/boormachines\/atex-boormachine\/\" \/>\n<meta property=\"og:locale\" content=\"cs_CZ\" \/>\n<meta property=\"og:type\" content=\"article\" \/>\n<meta property=\"og:title\" content=\"ATEX boormachine - Atex Tools | CZ\" \/>\n<meta property=\"og:description\" content=\"Deze pneumatische boor wordt gebruikt in potentieel explosieve omgevingen. De boor is ontwikkeld door het Duitse merk Deprag.\" \/>\n<meta property=\"og:url\" content=\"https:\/\/www.atex-tools.com\/cz\/product\/assortiment\/boormachines\/atex-boormachine\/\" \/>\n<meta property=\"og:site_name\" content=\"Atex Tools | CZ\" \/>\n<meta property=\"article:modified_time\" content=\"2024-07-15T08:18:53+00:00\" \/>\n<meta property=\"og:image\" content=\"https:\/\/www.atex-tools.com\/cz\/wp-content\/uploads\/sites\/4\/2022\/09\/6060836a-f-3-2.jpg\" \/>\n\t<meta property=\"og:image:width\" content=\"1000\" \/>\n\t<meta property=\"og:image:height\" content=\"750\" \/>\n\t<meta property=\"og:image:type\" content=\"image\/jpeg\" \/>\n<meta name=\"twitter:card\" content=\"summary_large_image\" \/>\n<meta name=\"twitter:label1\" content=\"Odhadovan\u00e1 doba \u010dten\u00ed\" \/>\n\t<meta name=\"twitter:data1\" content=\"1 minuta\" \/>\n<script type=\"application\/ld+json\" class=\"yoast-schema-graph\">{\"@context\":\"https:\\\/\\\/schema.org\",\"@graph\":[{\"@type\":\"WebPage\",\"@id\":\"https:\\\/\\\/www.atex-tools.com\\\/cz\\\/product\\\/assortiment\\\/boormachines\\\/atex-boormachine\\\/\",\"url\":\"https:\\\/\\\/www.atex-tools.com\\\/cz\\\/product\\\/assortiment\\\/boormachines\\\/atex-boormachine\\\/\",\"name\":\"ATEX boormachine - Atex Tools | CZ\",\"isPartOf\":{\"@id\":\"https:\\\/\\\/www.atex-tools.com\\\/cz\\\/#website\"},\"primaryImageOfPage\":{\"@id\":\"https:\\\/\\\/www.atex-tools.com\\\/cz\\\/product\\\/assortiment\\\/boormachines\\\/atex-boormachine\\\/#primaryimage\"},\"image\":{\"@id\":\"https:\\\/\\\/www.atex-tools.com\\\/cz\\\/product\\\/assortiment\\\/boormachines\\\/atex-boormachine\\\/#primaryimage\"},\"thumbnailUrl\":\"https:\\\/\\\/www.atex-tools.com\\\/cz\\\/wp-content\\\/uploads\\\/sites\\\/4\\\/2022\\\/09\\\/6060836a-f-3-2.jpg\",\"datePublished\":\"2022-09-28T14:40:27+00:00\",\"dateModified\":\"2024-07-15T08:18:53+00:00\",\"description\":\"Deze pneumatische boor wordt gebruikt in potentieel explosieve omgevingen. De boor is ontwikkeld door het Duitse merk Deprag.\",\"breadcrumb\":{\"@id\":\"https:\\\/\\\/www.atex-tools.com\\\/cz\\\/product\\\/assortiment\\\/boormachines\\\/atex-boormachine\\\/#breadcrumb\"},\"inLanguage\":\"cs\",\"potentialAction\":[{\"@type\":\"ReadAction\",\"target\":[\"https:\\\/\\\/www.atex-tools.com\\\/cz\\\/product\\\/assortiment\\\/boormachines\\\/atex-boormachine\\\/\"]}]},{\"@type\":\"ImageObject\",\"inLanguage\":\"cs\",\"@id\":\"https:\\\/\\\/www.atex-tools.com\\\/cz\\\/product\\\/assortiment\\\/boormachines\\\/atex-boormachine\\\/#primaryimage\",\"url\":\"https:\\\/\\\/www.atex-tools.com\\\/cz\\\/wp-content\\\/uploads\\\/sites\\\/4\\\/2022\\\/09\\\/6060836a-f-3-2.jpg\",\"contentUrl\":\"https:\\\/\\\/www.atex-tools.com\\\/cz\\\/wp-content\\\/uploads\\\/sites\\\/4\\\/2022\\\/09\\\/6060836a-f-3-2.jpg\",\"width\":1000,\"height\":750},{\"@type\":\"BreadcrumbList\",\"@id\":\"https:\\\/\\\/www.atex-tools.com\\\/cz\\\/product\\\/assortiment\\\/boormachines\\\/atex-boormachine\\\/#breadcrumb\",\"itemListElement\":[{\"@type\":\"ListItem\",\"position\":1,\"name\":\"Home\",\"item\":\"https:\\\/\\\/www.atex-tools.com\\\/cz\\\/\"},{\"@type\":\"ListItem\",\"position\":2,\"name\":\"Producten\",\"item\":\"https:\\\/\\\/www.atex-tools.com\\\/cz\\\/producten\\\/\"},{\"@type\":\"ListItem\",\"position\":3,\"name\":\"ATEX boormachine\"}]},{\"@type\":\"WebSite\",\"@id\":\"https:\\\/\\\/www.atex-tools.com\\\/cz\\\/#website\",\"url\":\"https:\\\/\\\/www.atex-tools.com\\\/cz\\\/\",\"name\":\"Atex Tools | CZ\",\"description\":\"Atex Tools\",\"potentialAction\":[{\"@type\":\"SearchAction\",\"target\":{\"@type\":\"EntryPoint\",\"urlTemplate\":\"https:\\\/\\\/www.atex-tools.com\\\/cz\\\/?s={search_term_string}\"},\"query-input\":{\"@type\":\"PropertyValueSpecification\",\"valueRequired\":true,\"valueName\":\"search_term_string\"}}],\"inLanguage\":\"cs\"}]}<\/script>\n<!-- \/ Yoast SEO plugin. -->","yoast_head_json":{"title":"ATEX boormachine - Atex Tools | CZ","description":"Deze pneumatische boor wordt gebruikt in potentieel explosieve omgevingen. De boor is ontwikkeld door het Duitse merk Deprag.","robots":{"index":"index","follow":"follow","max-snippet":"max-snippet:-1","max-image-preview":"max-image-preview:large","max-video-preview":"max-video-preview:-1"},"canonical":"https:\/\/www.atex-tools.com\/cz\/product\/assortiment\/boormachines\/atex-boormachine\/","og_locale":"cs_CZ","og_type":"article","og_title":"ATEX boormachine - Atex Tools | CZ","og_description":"Deze pneumatische boor wordt gebruikt in potentieel explosieve omgevingen. De boor is ontwikkeld door het Duitse merk Deprag.","og_url":"https:\/\/www.atex-tools.com\/cz\/product\/assortiment\/boormachines\/atex-boormachine\/","og_site_name":"Atex Tools | CZ","article_modified_time":"2024-07-15T08:18:53+00:00","og_image":[{"width":1000,"height":750,"url":"https:\/\/www.atex-tools.com\/cz\/wp-content\/uploads\/sites\/4\/2022\/09\/6060836a-f-3-2.jpg","type":"image\/jpeg"}],"twitter_card":"summary_large_image","twitter_misc":{"Odhadovan\u00e1 doba \u010dten\u00ed":"1 minuta"},"schema":{"@context":"https:\/\/schema.org","@graph":[{"@type":"WebPage","@id":"https:\/\/www.atex-tools.com\/cz\/product\/assortiment\/boormachines\/atex-boormachine\/","url":"https:\/\/www.atex-tools.com\/cz\/product\/assortiment\/boormachines\/atex-boormachine\/","name":"ATEX boormachine - Atex Tools | CZ","isPartOf":{"@id":"https:\/\/www.atex-tools.com\/cz\/#website"},"primaryImageOfPage":{"@id":"https:\/\/www.atex-tools.com\/cz\/product\/assortiment\/boormachines\/atex-boormachine\/#primaryimage"},"image":{"@id":"https:\/\/www.atex-tools.com\/cz\/product\/assortiment\/boormachines\/atex-boormachine\/#primaryimage"},"thumbnailUrl":"https:\/\/www.atex-tools.com\/cz\/wp-content\/uploads\/sites\/4\/2022\/09\/6060836a-f-3-2.jpg","datePublished":"2022-09-28T14:40:27+00:00","dateModified":"2024-07-15T08:18:53+00:00","description":"Deze pneumatische boor wordt gebruikt in potentieel explosieve omgevingen. De boor is ontwikkeld door het Duitse merk Deprag.","breadcrumb":{"@id":"https:\/\/www.atex-tools.com\/cz\/product\/assortiment\/boormachines\/atex-boormachine\/#breadcrumb"},"inLanguage":"cs","potentialAction":[{"@type":"ReadAction","target":["https:\/\/www.atex-tools.com\/cz\/product\/assortiment\/boormachines\/atex-boormachine\/"]}]},{"@type":"ImageObject","inLanguage":"cs","@id":"https:\/\/www.atex-tools.com\/cz\/product\/assortiment\/boormachines\/atex-boormachine\/#primaryimage","url":"https:\/\/www.atex-tools.com\/cz\/wp-content\/uploads\/sites\/4\/2022\/09\/6060836a-f-3-2.jpg","contentUrl":"https:\/\/www.atex-tools.com\/cz\/wp-content\/uploads\/sites\/4\/2022\/09\/6060836a-f-3-2.jpg","width":1000,"height":750},{"@type":"BreadcrumbList","@id":"https:\/\/www.atex-tools.com\/cz\/product\/assortiment\/boormachines\/atex-boormachine\/#breadcrumb","itemListElement":[{"@type":"ListItem","position":1,"name":"Home","item":"https:\/\/www.atex-tools.com\/cz\/"},{"@type":"ListItem","position":2,"name":"Producten","item":"https:\/\/www.atex-tools.com\/cz\/producten\/"},{"@type":"ListItem","position":3,"name":"ATEX boormachine"}]},{"@type":"WebSite","@id":"https:\/\/www.atex-tools.com\/cz\/#website","url":"https:\/\/www.atex-tools.com\/cz\/","name":"Atex Tools | CZ","description":"Atex Tools","potentialAction":[{"@type":"SearchAction","target":{"@type":"EntryPoint","urlTemplate":"https:\/\/www.atex-tools.com\/cz\/?s={search_term_string}"},"query-input":{"@type":"PropertyValueSpecification","valueRequired":true,"valueName":"search_term_string"}}],"inLanguage":"cs"}]}},"_links":{"self":[{"href":"https:\/\/www.atex-tools.com\/cz\/wp-json\/wp\/v2\/product\/401","targetHints":{"allow":["GET"]}}],"collection":[{"href":"https:\/\/www.atex-tools.com\/cz\/wp-json\/wp\/v2\/product"}],"about":[{"href":"https:\/\/www.atex-tools.com\/cz\/wp-json\/wp\/v2\/types\/product"}],"wp:featuredmedia":[{"embeddable":true,"href":"https:\/\/www.atex-tools.com\/cz\/wp-json\/wp\/v2\/media\/403"}],"wp:attachment":[{"href":"https:\/\/www.atex-tools.com\/cz\/wp-json\/wp\/v2\/media?parent=401"}],"wp:term":[{"taxonomy":"product_brand","embeddable":true,"href":"https:\/\/www.atex-tools.com\/cz\/wp-json\/wp\/v2\/product_brand?post=401"},{"taxonomy":"product_cat","embeddable":true,"href":"https:\/\/www.atex-tools.com\/cz\/wp-json\/wp\/v2\/product_cat?post=401"},{"taxonomy":"product_tag","embeddable":true,"href":"https:\/\/www.atex-tools.com\/cz\/wp-json\/wp\/v2\/product_tag?post=401"}],"curies":[{"name":"wp","href":"https:\/\/api.w.org\/{rel}","templated":true}]}}