{"id":453,"date":"2022-12-19T14:50:24","date_gmt":"2022-12-19T12:50:24","guid":{"rendered":"https:\/\/www.atex-tools.com\/?post_type=product&#038;p=453"},"modified":"2024-07-15T14:41:08","modified_gmt":"2024-07-15T12:41:08","slug":"a-0104-haakseslijper-2000-rpm","status":"publish","type":"product","link":"https:\/\/www.atex-tools.com\/cz\/product\/assortiment\/slijpen\/airtools\/a-0104-haakseslijper-2000-rpm\/","title":{"rendered":"A-0104 Haakseslijper 2000 RPM"},"content":{"rendered":"<h2>(Mogenlijk) te gebruiken slijpstukken:<\/h2>\n<ul>\n<li><a href=\"\/product-category\/assortiment\/slijpen\/slijpkoppen\/\">A-0001 - Slim<\/a><\/li>\n<li><a href=\"\/product-category\/assortiment\/slijpen\/slijpkoppen\/\">A-0002 - Bow cone<\/a><\/li>\n<li><a href=\"\/product-category\/assortiment\/slijpen\/slijpkoppen\/\">A-0003 - Straight Cone<\/a><\/li>\n<li><a href=\"\/product-category\/assortiment\/slijpen\/slijpkoppen\/\">A-0004 - Little papa<\/a><\/li>\n<li><a href=\"\/product-category\/assortiment\/slijpen\/slijpkoppen\/\">A-0005 - Round boy<\/a><\/li>\n<li><a href=\"\/product-category\/assortiment\/slijpen\/slijpkoppen\/\">A-0006 - Al-Ti-Char<\/a><\/li>\n<li>A-<a href=\"\/product-category\/assortiment\/slijpen\/slijpkoppen\/\">0007 - Shorty<\/a><\/li>\n<li><a href=\"\/product-category\/assortiment\/slijpen\/slijpkoppen\/\">A-0008 - Big papa<\/a><\/li>\n<li><a href=\"\/product-category\/assortiment\/slijpen\/slijpkoppen\/\">A-0009B - Big boy B<\/a><\/li>\n<\/ul>\n<h2>(Mogenlijk) te gebruiken accessoires<\/h2>\n<ul>\n<li><a href=\"\/product\/assortiment\/slijpen\/accessoires-slijpen\/a-0060-handle-for-rough-boy\/\">A-0060 - Handle<\/a><\/li>\n<li><a href=\"\/product\/assortiment\/slijpen\/accessoires-slijpen\/a-0068-drop-safety-device\/\">A-0068 - Drop safety<\/a><\/li>\n<\/ul>\n","protected":false},"excerpt":{"rendered":"<p>Deze speciaal ontwikkelde airtool is exclusief verkrijgbaar bij Perspect Industrial Products. De airtool is speciaal ontworpen en gecertificeerd voor 'koud' gebruik in explosiegevaarlijke werkomgevingen.<\/p>\n<p>De airtool en slijpstukken van Allmet Safety Tools zijn uit veiligheidsoverwegingen speciaal ontworpen en aangepast. Deze aanpassingen zorgen ervoor dat er geen andere slijpstukken dan die van Allmet, op de airtool kunnen worden gemonteerd. Alle artikelen van Allmet zijn gecertificeerd voor veilig gebruik in gas zone 1 &amp; 2, en 'dust zone 21 &amp; 22'.<\/p>\n","protected":false},"featured_media":511,"template":"","meta":{"_acf_changed":false,"content-type":"","editor_notices":[]},"product_brand":[],"product_cat":[30,70,72],"product_tag":[],"class_list":{"0":"post-453","1":"product","2":"type-product","3":"status-publish","4":"has-post-thumbnail","6":"product_cat-assortiment","7":"product_cat-slijpen","8":"product_cat-airtools","10":"first","11":"instock","12":"taxable","13":"shipping-taxable","14":"product-type-simple"},"acf":[],"yoast_head":"<!-- This site is optimized with the Yoast SEO plugin v27.3 - https:\/\/yoast.com\/product\/yoast-seo-wordpress\/ -->\n<title>A-0104 Haakseslijper 2000 RPM - Atex Tools | CZ<\/title>\n<meta name=\"robots\" content=\"index, follow, max-snippet:-1, max-image-preview:large, max-video-preview:-1\" \/>\n<link rel=\"canonical\" href=\"https:\/\/www.atex-tools.com\/cz\/product\/assortiment\/slijpen\/airtools\/a-0104-haakseslijper-2000-rpm\/\" \/>\n<meta property=\"og:locale\" content=\"cs_CZ\" \/>\n<meta property=\"og:type\" content=\"article\" \/>\n<meta property=\"og:title\" content=\"A-0104 Haakseslijper 2000 RPM - Atex Tools | CZ\" \/>\n<meta property=\"og:description\" content=\"Deze speciaal ontwikkelde airtool is exclusief verkrijgbaar bij Perspect Industrial Products. De airtool is speciaal ontworpen en gecertificeerd voor &#039;koud&#039; gebruik in explosiegevaarlijke werkomgevingen.  De airtool en slijpstukken van Allmet Safety Tools zijn uit veiligheidsoverwegingen speciaal ontworpen en aangepast. Deze aanpassingen zorgen ervoor dat er geen andere slijpstukken dan die van Allmet, op de airtool kunnen worden gemonteerd. Alle artikelen van Allmet zijn gecertificeerd voor veilig gebruik in gas zone 1 &amp; 2, en &#039;dust zone 21 &amp; 22&#039;.\" \/>\n<meta property=\"og:url\" content=\"https:\/\/www.atex-tools.com\/cz\/product\/assortiment\/slijpen\/airtools\/a-0104-haakseslijper-2000-rpm\/\" \/>\n<meta property=\"og:site_name\" content=\"Atex Tools | CZ\" \/>\n<meta property=\"article:modified_time\" content=\"2024-07-15T12:41:08+00:00\" \/>\n<meta property=\"og:image\" content=\"https:\/\/www.atex-tools.com\/cz\/wp-content\/uploads\/sites\/4\/2022\/12\/airtool-A-0104-Fuji-Angle-Grinder-FCD-6X-51.jpg\" \/>\n\t<meta property=\"og:image:width\" content=\"800\" \/>\n\t<meta property=\"og:image:height\" content=\"800\" \/>\n\t<meta property=\"og:image:type\" content=\"image\/jpeg\" \/>\n<meta name=\"twitter:card\" content=\"summary_large_image\" \/>\n<meta name=\"twitter:label1\" content=\"Odhadovan\u00e1 doba \u010dten\u00ed\" \/>\n\t<meta name=\"twitter:data1\" content=\"1 minuta\" \/>\n<script type=\"application\/ld+json\" class=\"yoast-schema-graph\">{\"@context\":\"https:\\\/\\\/schema.org\",\"@graph\":[{\"@type\":\"WebPage\",\"@id\":\"https:\\\/\\\/www.atex-tools.com\\\/cz\\\/product\\\/assortiment\\\/slijpen\\\/airtools\\\/a-0104-haakseslijper-2000-rpm\\\/\",\"url\":\"https:\\\/\\\/www.atex-tools.com\\\/cz\\\/product\\\/assortiment\\\/slijpen\\\/airtools\\\/a-0104-haakseslijper-2000-rpm\\\/\",\"name\":\"A-0104 Haakseslijper 2000 RPM - Atex Tools | CZ\",\"isPartOf\":{\"@id\":\"https:\\\/\\\/www.atex-tools.com\\\/cz\\\/#website\"},\"primaryImageOfPage\":{\"@id\":\"https:\\\/\\\/www.atex-tools.com\\\/cz\\\/product\\\/assortiment\\\/slijpen\\\/airtools\\\/a-0104-haakseslijper-2000-rpm\\\/#primaryimage\"},\"image\":{\"@id\":\"https:\\\/\\\/www.atex-tools.com\\\/cz\\\/product\\\/assortiment\\\/slijpen\\\/airtools\\\/a-0104-haakseslijper-2000-rpm\\\/#primaryimage\"},\"thumbnailUrl\":\"https:\\\/\\\/www.atex-tools.com\\\/cz\\\/wp-content\\\/uploads\\\/sites\\\/4\\\/2022\\\/12\\\/airtool-A-0104-Fuji-Angle-Grinder-FCD-6X-51.jpg\",\"datePublished\":\"2022-12-19T12:50:24+00:00\",\"dateModified\":\"2024-07-15T12:41:08+00:00\",\"breadcrumb\":{\"@id\":\"https:\\\/\\\/www.atex-tools.com\\\/cz\\\/product\\\/assortiment\\\/slijpen\\\/airtools\\\/a-0104-haakseslijper-2000-rpm\\\/#breadcrumb\"},\"inLanguage\":\"cs\",\"potentialAction\":[{\"@type\":\"ReadAction\",\"target\":[\"https:\\\/\\\/www.atex-tools.com\\\/cz\\\/product\\\/assortiment\\\/slijpen\\\/airtools\\\/a-0104-haakseslijper-2000-rpm\\\/\"]}]},{\"@type\":\"ImageObject\",\"inLanguage\":\"cs\",\"@id\":\"https:\\\/\\\/www.atex-tools.com\\\/cz\\\/product\\\/assortiment\\\/slijpen\\\/airtools\\\/a-0104-haakseslijper-2000-rpm\\\/#primaryimage\",\"url\":\"https:\\\/\\\/www.atex-tools.com\\\/cz\\\/wp-content\\\/uploads\\\/sites\\\/4\\\/2022\\\/12\\\/airtool-A-0104-Fuji-Angle-Grinder-FCD-6X-51.jpg\",\"contentUrl\":\"https:\\\/\\\/www.atex-tools.com\\\/cz\\\/wp-content\\\/uploads\\\/sites\\\/4\\\/2022\\\/12\\\/airtool-A-0104-Fuji-Angle-Grinder-FCD-6X-51.jpg\",\"width\":800,\"height\":800},{\"@type\":\"BreadcrumbList\",\"@id\":\"https:\\\/\\\/www.atex-tools.com\\\/cz\\\/product\\\/assortiment\\\/slijpen\\\/airtools\\\/a-0104-haakseslijper-2000-rpm\\\/#breadcrumb\",\"itemListElement\":[{\"@type\":\"ListItem\",\"position\":1,\"name\":\"Home\",\"item\":\"https:\\\/\\\/www.atex-tools.com\\\/cz\\\/\"},{\"@type\":\"ListItem\",\"position\":2,\"name\":\"Producten\",\"item\":\"https:\\\/\\\/www.atex-tools.com\\\/cz\\\/producten\\\/\"},{\"@type\":\"ListItem\",\"position\":3,\"name\":\"A-0104 Haakseslijper 2000 RPM\"}]},{\"@type\":\"WebSite\",\"@id\":\"https:\\\/\\\/www.atex-tools.com\\\/cz\\\/#website\",\"url\":\"https:\\\/\\\/www.atex-tools.com\\\/cz\\\/\",\"name\":\"Atex Tools | CZ\",\"description\":\"Atex Tools\",\"potentialAction\":[{\"@type\":\"SearchAction\",\"target\":{\"@type\":\"EntryPoint\",\"urlTemplate\":\"https:\\\/\\\/www.atex-tools.com\\\/cz\\\/?s={search_term_string}\"},\"query-input\":{\"@type\":\"PropertyValueSpecification\",\"valueRequired\":true,\"valueName\":\"search_term_string\"}}],\"inLanguage\":\"cs\"}]}<\/script>\n<!-- \/ Yoast SEO plugin. -->","yoast_head_json":{"title":"A-0104 Haakseslijper 2000 RPM - Atex Tools | CZ","robots":{"index":"index","follow":"follow","max-snippet":"max-snippet:-1","max-image-preview":"max-image-preview:large","max-video-preview":"max-video-preview:-1"},"canonical":"https:\/\/www.atex-tools.com\/cz\/product\/assortiment\/slijpen\/airtools\/a-0104-haakseslijper-2000-rpm\/","og_locale":"cs_CZ","og_type":"article","og_title":"A-0104 Haakseslijper 2000 RPM - Atex Tools | CZ","og_description":"Deze speciaal ontwikkelde airtool is exclusief verkrijgbaar bij Perspect Industrial Products. De airtool is speciaal ontworpen en gecertificeerd voor 'koud' gebruik in explosiegevaarlijke werkomgevingen.  De airtool en slijpstukken van Allmet Safety Tools zijn uit veiligheidsoverwegingen speciaal ontworpen en aangepast. Deze aanpassingen zorgen ervoor dat er geen andere slijpstukken dan die van Allmet, op de airtool kunnen worden gemonteerd. Alle artikelen van Allmet zijn gecertificeerd voor veilig gebruik in gas zone 1 &amp; 2, en 'dust zone 21 &amp; 22'.","og_url":"https:\/\/www.atex-tools.com\/cz\/product\/assortiment\/slijpen\/airtools\/a-0104-haakseslijper-2000-rpm\/","og_site_name":"Atex Tools | CZ","article_modified_time":"2024-07-15T12:41:08+00:00","og_image":[{"width":800,"height":800,"url":"https:\/\/www.atex-tools.com\/cz\/wp-content\/uploads\/sites\/4\/2022\/12\/airtool-A-0104-Fuji-Angle-Grinder-FCD-6X-51.jpg","type":"image\/jpeg"}],"twitter_card":"summary_large_image","twitter_misc":{"Odhadovan\u00e1 doba \u010dten\u00ed":"1 minuta"},"schema":{"@context":"https:\/\/schema.org","@graph":[{"@type":"WebPage","@id":"https:\/\/www.atex-tools.com\/cz\/product\/assortiment\/slijpen\/airtools\/a-0104-haakseslijper-2000-rpm\/","url":"https:\/\/www.atex-tools.com\/cz\/product\/assortiment\/slijpen\/airtools\/a-0104-haakseslijper-2000-rpm\/","name":"A-0104 Haakseslijper 2000 RPM - Atex Tools | CZ","isPartOf":{"@id":"https:\/\/www.atex-tools.com\/cz\/#website"},"primaryImageOfPage":{"@id":"https:\/\/www.atex-tools.com\/cz\/product\/assortiment\/slijpen\/airtools\/a-0104-haakseslijper-2000-rpm\/#primaryimage"},"image":{"@id":"https:\/\/www.atex-tools.com\/cz\/product\/assortiment\/slijpen\/airtools\/a-0104-haakseslijper-2000-rpm\/#primaryimage"},"thumbnailUrl":"https:\/\/www.atex-tools.com\/cz\/wp-content\/uploads\/sites\/4\/2022\/12\/airtool-A-0104-Fuji-Angle-Grinder-FCD-6X-51.jpg","datePublished":"2022-12-19T12:50:24+00:00","dateModified":"2024-07-15T12:41:08+00:00","breadcrumb":{"@id":"https:\/\/www.atex-tools.com\/cz\/product\/assortiment\/slijpen\/airtools\/a-0104-haakseslijper-2000-rpm\/#breadcrumb"},"inLanguage":"cs","potentialAction":[{"@type":"ReadAction","target":["https:\/\/www.atex-tools.com\/cz\/product\/assortiment\/slijpen\/airtools\/a-0104-haakseslijper-2000-rpm\/"]}]},{"@type":"ImageObject","inLanguage":"cs","@id":"https:\/\/www.atex-tools.com\/cz\/product\/assortiment\/slijpen\/airtools\/a-0104-haakseslijper-2000-rpm\/#primaryimage","url":"https:\/\/www.atex-tools.com\/cz\/wp-content\/uploads\/sites\/4\/2022\/12\/airtool-A-0104-Fuji-Angle-Grinder-FCD-6X-51.jpg","contentUrl":"https:\/\/www.atex-tools.com\/cz\/wp-content\/uploads\/sites\/4\/2022\/12\/airtool-A-0104-Fuji-Angle-Grinder-FCD-6X-51.jpg","width":800,"height":800},{"@type":"BreadcrumbList","@id":"https:\/\/www.atex-tools.com\/cz\/product\/assortiment\/slijpen\/airtools\/a-0104-haakseslijper-2000-rpm\/#breadcrumb","itemListElement":[{"@type":"ListItem","position":1,"name":"Home","item":"https:\/\/www.atex-tools.com\/cz\/"},{"@type":"ListItem","position":2,"name":"Producten","item":"https:\/\/www.atex-tools.com\/cz\/producten\/"},{"@type":"ListItem","position":3,"name":"A-0104 Haakseslijper 2000 RPM"}]},{"@type":"WebSite","@id":"https:\/\/www.atex-tools.com\/cz\/#website","url":"https:\/\/www.atex-tools.com\/cz\/","name":"Atex Tools | CZ","description":"Atex Tools","potentialAction":[{"@type":"SearchAction","target":{"@type":"EntryPoint","urlTemplate":"https:\/\/www.atex-tools.com\/cz\/?s={search_term_string}"},"query-input":{"@type":"PropertyValueSpecification","valueRequired":true,"valueName":"search_term_string"}}],"inLanguage":"cs"}]}},"_links":{"self":[{"href":"https:\/\/www.atex-tools.com\/cz\/wp-json\/wp\/v2\/product\/453","targetHints":{"allow":["GET"]}}],"collection":[{"href":"https:\/\/www.atex-tools.com\/cz\/wp-json\/wp\/v2\/product"}],"about":[{"href":"https:\/\/www.atex-tools.com\/cz\/wp-json\/wp\/v2\/types\/product"}],"wp:featuredmedia":[{"embeddable":true,"href":"https:\/\/www.atex-tools.com\/cz\/wp-json\/wp\/v2\/media\/511"}],"wp:attachment":[{"href":"https:\/\/www.atex-tools.com\/cz\/wp-json\/wp\/v2\/media?parent=453"}],"wp:term":[{"taxonomy":"product_brand","embeddable":true,"href":"https:\/\/www.atex-tools.com\/cz\/wp-json\/wp\/v2\/product_brand?post=453"},{"taxonomy":"product_cat","embeddable":true,"href":"https:\/\/www.atex-tools.com\/cz\/wp-json\/wp\/v2\/product_cat?post=453"},{"taxonomy":"product_tag","embeddable":true,"href":"https:\/\/www.atex-tools.com\/cz\/wp-json\/wp\/v2\/product_tag?post=453"}],"curies":[{"name":"wp","href":"https:\/\/api.w.org\/{rel}","templated":true}]}}