{"id":457,"date":"2022-12-19T14:56:01","date_gmt":"2022-12-19T12:56:01","guid":{"rendered":"https:\/\/www.atex-tools.com\/?post_type=product&#038;p=457"},"modified":"2024-07-15T14:39:37","modified_gmt":"2024-07-15T12:39:37","slug":"a-0300-doorslijpen-en-lassen-uitslijpen-combi-kit","status":"publish","type":"product","link":"https:\/\/www.atex-tools.com\/cz\/product\/assortiment\/slijpen\/slijpgereedschap-cutting-weld-seam-removal\/a-0300-doorslijpen-en-lassen-uitslijpen-combi-kit\/","title":{"rendered":"Combined cutting and weld seam removal system"},"content":{"rendered":"<h2>Airtools<\/h2>\n<ul>\n<li>A-0105 Angle 1000 - 5 (2x)<\/li>\n<\/ul>\n<h2>Discs<\/h2>\n<ul>\n<li>A-0502 Cutting disc<\/li>\n<li>A-0503 Weld removal disc<\/li>\n<\/ul>\n<h2>Custom special tool<\/h2>\n<ul>\n<li>A-0310 Water control box<\/li>\n<\/ul>\n<h2>Accessories<\/h2>\n<ul>\n<li>A-0207 Allen key - 6<\/li>\n<li>A-0206 Chuck key<\/li>\n<li>A-0073 Cutting guard<\/li>\n<li>A-0074 Weld removal guard<\/li>\n<li>A-0086 STA Cutting and weldseam koffer<\/li>\n<li>A-0071 Armoured hose<\/li>\n<\/ul>\n","protected":false},"excerpt":{"rendered":"<p>Slijpen en lassen uitslijpen in ATEX zones kan zonder downtime door middel van dit ATEX gecertificeerd gereedschap. Deze gehele koffer is ATEX gecertificeerd voor gas zone 1 en 2.<\/p>\n<p>&nbsp;<\/p>\n","protected":false},"featured_media":655,"template":"","meta":{"_acf_changed":false,"content-type":"","editor_notices":[]},"product_brand":[],"product_cat":[30,70,74],"product_tag":[],"class_list":{"0":"post-457","1":"product","2":"type-product","3":"status-publish","4":"has-post-thumbnail","6":"product_cat-assortiment","7":"product_cat-slijpen","8":"product_cat-slijpgereedschap-cutting-weld-seam-removal","10":"first","11":"instock","12":"taxable","13":"shipping-taxable","14":"product-type-simple"},"acf":[],"yoast_head":"<!-- This site is optimized with the Yoast SEO plugin v27.3 - https:\/\/yoast.com\/product\/yoast-seo-wordpress\/ -->\n<title>Combined cutting and weld seam removal system - Atex Tools | CZ<\/title>\n<meta name=\"robots\" content=\"index, follow, max-snippet:-1, max-image-preview:large, max-video-preview:-1\" \/>\n<link rel=\"canonical\" href=\"https:\/\/www.atex-tools.com\/cz\/product\/assortiment\/slijpen\/slijpgereedschap-cutting-weld-seam-removal\/a-0300-doorslijpen-en-lassen-uitslijpen-combi-kit\/\" \/>\n<meta property=\"og:locale\" content=\"cs_CZ\" \/>\n<meta property=\"og:type\" content=\"article\" \/>\n<meta property=\"og:title\" content=\"Combined cutting and weld seam removal system - Atex Tools | CZ\" \/>\n<meta property=\"og:description\" content=\"Slijpen en lassen uitslijpen in ATEX zones kan zonder downtime door middel van dit ATEX gecertificeerd gereedschap. Deze gehele koffer is ATEX gecertificeerd voor gas zone 1 en 2.  &nbsp;\" \/>\n<meta property=\"og:url\" content=\"https:\/\/www.atex-tools.com\/cz\/product\/assortiment\/slijpen\/slijpgereedschap-cutting-weld-seam-removal\/a-0300-doorslijpen-en-lassen-uitslijpen-combi-kit\/\" \/>\n<meta property=\"og:site_name\" content=\"Atex Tools | CZ\" \/>\n<meta property=\"article:modified_time\" content=\"2024-07-15T12:39:37+00:00\" \/>\n<meta property=\"og:image\" content=\"https:\/\/www.atex-tools.com\/cz\/wp-content\/uploads\/sites\/4\/2022\/12\/Inside-jpg.jpg\" \/>\n\t<meta property=\"og:image:width\" content=\"600\" \/>\n\t<meta property=\"og:image:height\" content=\"600\" \/>\n\t<meta property=\"og:image:type\" content=\"image\/jpeg\" \/>\n<meta name=\"twitter:card\" content=\"summary_large_image\" \/>\n<meta name=\"twitter:label1\" content=\"Odhadovan\u00e1 doba \u010dten\u00ed\" \/>\n\t<meta name=\"twitter:data1\" content=\"1 minuta\" \/>\n<script type=\"application\/ld+json\" class=\"yoast-schema-graph\">{\"@context\":\"https:\\\/\\\/schema.org\",\"@graph\":[{\"@type\":\"WebPage\",\"@id\":\"https:\\\/\\\/www.atex-tools.com\\\/cz\\\/product\\\/assortiment\\\/slijpen\\\/slijpgereedschap-cutting-weld-seam-removal\\\/a-0300-doorslijpen-en-lassen-uitslijpen-combi-kit\\\/\",\"url\":\"https:\\\/\\\/www.atex-tools.com\\\/cz\\\/product\\\/assortiment\\\/slijpen\\\/slijpgereedschap-cutting-weld-seam-removal\\\/a-0300-doorslijpen-en-lassen-uitslijpen-combi-kit\\\/\",\"name\":\"Combined cutting and weld seam removal system - Atex Tools | CZ\",\"isPartOf\":{\"@id\":\"https:\\\/\\\/www.atex-tools.com\\\/cz\\\/#website\"},\"primaryImageOfPage\":{\"@id\":\"https:\\\/\\\/www.atex-tools.com\\\/cz\\\/product\\\/assortiment\\\/slijpen\\\/slijpgereedschap-cutting-weld-seam-removal\\\/a-0300-doorslijpen-en-lassen-uitslijpen-combi-kit\\\/#primaryimage\"},\"image\":{\"@id\":\"https:\\\/\\\/www.atex-tools.com\\\/cz\\\/product\\\/assortiment\\\/slijpen\\\/slijpgereedschap-cutting-weld-seam-removal\\\/a-0300-doorslijpen-en-lassen-uitslijpen-combi-kit\\\/#primaryimage\"},\"thumbnailUrl\":\"https:\\\/\\\/www.atex-tools.com\\\/cz\\\/wp-content\\\/uploads\\\/sites\\\/4\\\/2022\\\/12\\\/Inside-jpg.jpg\",\"datePublished\":\"2022-12-19T12:56:01+00:00\",\"dateModified\":\"2024-07-15T12:39:37+00:00\",\"breadcrumb\":{\"@id\":\"https:\\\/\\\/www.atex-tools.com\\\/cz\\\/product\\\/assortiment\\\/slijpen\\\/slijpgereedschap-cutting-weld-seam-removal\\\/a-0300-doorslijpen-en-lassen-uitslijpen-combi-kit\\\/#breadcrumb\"},\"inLanguage\":\"cs\",\"potentialAction\":[{\"@type\":\"ReadAction\",\"target\":[\"https:\\\/\\\/www.atex-tools.com\\\/cz\\\/product\\\/assortiment\\\/slijpen\\\/slijpgereedschap-cutting-weld-seam-removal\\\/a-0300-doorslijpen-en-lassen-uitslijpen-combi-kit\\\/\"]}]},{\"@type\":\"ImageObject\",\"inLanguage\":\"cs\",\"@id\":\"https:\\\/\\\/www.atex-tools.com\\\/cz\\\/product\\\/assortiment\\\/slijpen\\\/slijpgereedschap-cutting-weld-seam-removal\\\/a-0300-doorslijpen-en-lassen-uitslijpen-combi-kit\\\/#primaryimage\",\"url\":\"https:\\\/\\\/www.atex-tools.com\\\/cz\\\/wp-content\\\/uploads\\\/sites\\\/4\\\/2022\\\/12\\\/Inside-jpg.jpg\",\"contentUrl\":\"https:\\\/\\\/www.atex-tools.com\\\/cz\\\/wp-content\\\/uploads\\\/sites\\\/4\\\/2022\\\/12\\\/Inside-jpg.jpg\",\"width\":600,\"height\":600},{\"@type\":\"BreadcrumbList\",\"@id\":\"https:\\\/\\\/www.atex-tools.com\\\/cz\\\/product\\\/assortiment\\\/slijpen\\\/slijpgereedschap-cutting-weld-seam-removal\\\/a-0300-doorslijpen-en-lassen-uitslijpen-combi-kit\\\/#breadcrumb\",\"itemListElement\":[{\"@type\":\"ListItem\",\"position\":1,\"name\":\"Home\",\"item\":\"https:\\\/\\\/www.atex-tools.com\\\/cz\\\/\"},{\"@type\":\"ListItem\",\"position\":2,\"name\":\"Producten\",\"item\":\"https:\\\/\\\/www.atex-tools.com\\\/cz\\\/producten\\\/\"},{\"@type\":\"ListItem\",\"position\":3,\"name\":\"Combined cutting and weld seam removal system\"}]},{\"@type\":\"WebSite\",\"@id\":\"https:\\\/\\\/www.atex-tools.com\\\/cz\\\/#website\",\"url\":\"https:\\\/\\\/www.atex-tools.com\\\/cz\\\/\",\"name\":\"Atex Tools | CZ\",\"description\":\"Atex Tools\",\"potentialAction\":[{\"@type\":\"SearchAction\",\"target\":{\"@type\":\"EntryPoint\",\"urlTemplate\":\"https:\\\/\\\/www.atex-tools.com\\\/cz\\\/?s={search_term_string}\"},\"query-input\":{\"@type\":\"PropertyValueSpecification\",\"valueRequired\":true,\"valueName\":\"search_term_string\"}}],\"inLanguage\":\"cs\"}]}<\/script>\n<!-- \/ Yoast SEO plugin. -->","yoast_head_json":{"title":"Combined cutting and weld seam removal system - Atex Tools | CZ","robots":{"index":"index","follow":"follow","max-snippet":"max-snippet:-1","max-image-preview":"max-image-preview:large","max-video-preview":"max-video-preview:-1"},"canonical":"https:\/\/www.atex-tools.com\/cz\/product\/assortiment\/slijpen\/slijpgereedschap-cutting-weld-seam-removal\/a-0300-doorslijpen-en-lassen-uitslijpen-combi-kit\/","og_locale":"cs_CZ","og_type":"article","og_title":"Combined cutting and weld seam removal system - Atex Tools | CZ","og_description":"Slijpen en lassen uitslijpen in ATEX zones kan zonder downtime door middel van dit ATEX gecertificeerd gereedschap. Deze gehele koffer is ATEX gecertificeerd voor gas zone 1 en 2.  &nbsp;","og_url":"https:\/\/www.atex-tools.com\/cz\/product\/assortiment\/slijpen\/slijpgereedschap-cutting-weld-seam-removal\/a-0300-doorslijpen-en-lassen-uitslijpen-combi-kit\/","og_site_name":"Atex Tools | CZ","article_modified_time":"2024-07-15T12:39:37+00:00","og_image":[{"width":600,"height":600,"url":"https:\/\/www.atex-tools.com\/cz\/wp-content\/uploads\/sites\/4\/2022\/12\/Inside-jpg.jpg","type":"image\/jpeg"}],"twitter_card":"summary_large_image","twitter_misc":{"Odhadovan\u00e1 doba \u010dten\u00ed":"1 minuta"},"schema":{"@context":"https:\/\/schema.org","@graph":[{"@type":"WebPage","@id":"https:\/\/www.atex-tools.com\/cz\/product\/assortiment\/slijpen\/slijpgereedschap-cutting-weld-seam-removal\/a-0300-doorslijpen-en-lassen-uitslijpen-combi-kit\/","url":"https:\/\/www.atex-tools.com\/cz\/product\/assortiment\/slijpen\/slijpgereedschap-cutting-weld-seam-removal\/a-0300-doorslijpen-en-lassen-uitslijpen-combi-kit\/","name":"Combined cutting and weld seam removal system - Atex Tools | CZ","isPartOf":{"@id":"https:\/\/www.atex-tools.com\/cz\/#website"},"primaryImageOfPage":{"@id":"https:\/\/www.atex-tools.com\/cz\/product\/assortiment\/slijpen\/slijpgereedschap-cutting-weld-seam-removal\/a-0300-doorslijpen-en-lassen-uitslijpen-combi-kit\/#primaryimage"},"image":{"@id":"https:\/\/www.atex-tools.com\/cz\/product\/assortiment\/slijpen\/slijpgereedschap-cutting-weld-seam-removal\/a-0300-doorslijpen-en-lassen-uitslijpen-combi-kit\/#primaryimage"},"thumbnailUrl":"https:\/\/www.atex-tools.com\/cz\/wp-content\/uploads\/sites\/4\/2022\/12\/Inside-jpg.jpg","datePublished":"2022-12-19T12:56:01+00:00","dateModified":"2024-07-15T12:39:37+00:00","breadcrumb":{"@id":"https:\/\/www.atex-tools.com\/cz\/product\/assortiment\/slijpen\/slijpgereedschap-cutting-weld-seam-removal\/a-0300-doorslijpen-en-lassen-uitslijpen-combi-kit\/#breadcrumb"},"inLanguage":"cs","potentialAction":[{"@type":"ReadAction","target":["https:\/\/www.atex-tools.com\/cz\/product\/assortiment\/slijpen\/slijpgereedschap-cutting-weld-seam-removal\/a-0300-doorslijpen-en-lassen-uitslijpen-combi-kit\/"]}]},{"@type":"ImageObject","inLanguage":"cs","@id":"https:\/\/www.atex-tools.com\/cz\/product\/assortiment\/slijpen\/slijpgereedschap-cutting-weld-seam-removal\/a-0300-doorslijpen-en-lassen-uitslijpen-combi-kit\/#primaryimage","url":"https:\/\/www.atex-tools.com\/cz\/wp-content\/uploads\/sites\/4\/2022\/12\/Inside-jpg.jpg","contentUrl":"https:\/\/www.atex-tools.com\/cz\/wp-content\/uploads\/sites\/4\/2022\/12\/Inside-jpg.jpg","width":600,"height":600},{"@type":"BreadcrumbList","@id":"https:\/\/www.atex-tools.com\/cz\/product\/assortiment\/slijpen\/slijpgereedschap-cutting-weld-seam-removal\/a-0300-doorslijpen-en-lassen-uitslijpen-combi-kit\/#breadcrumb","itemListElement":[{"@type":"ListItem","position":1,"name":"Home","item":"https:\/\/www.atex-tools.com\/cz\/"},{"@type":"ListItem","position":2,"name":"Producten","item":"https:\/\/www.atex-tools.com\/cz\/producten\/"},{"@type":"ListItem","position":3,"name":"Combined cutting and weld seam removal system"}]},{"@type":"WebSite","@id":"https:\/\/www.atex-tools.com\/cz\/#website","url":"https:\/\/www.atex-tools.com\/cz\/","name":"Atex Tools | CZ","description":"Atex Tools","potentialAction":[{"@type":"SearchAction","target":{"@type":"EntryPoint","urlTemplate":"https:\/\/www.atex-tools.com\/cz\/?s={search_term_string}"},"query-input":{"@type":"PropertyValueSpecification","valueRequired":true,"valueName":"search_term_string"}}],"inLanguage":"cs"}]}},"_links":{"self":[{"href":"https:\/\/www.atex-tools.com\/cz\/wp-json\/wp\/v2\/product\/457","targetHints":{"allow":["GET"]}}],"collection":[{"href":"https:\/\/www.atex-tools.com\/cz\/wp-json\/wp\/v2\/product"}],"about":[{"href":"https:\/\/www.atex-tools.com\/cz\/wp-json\/wp\/v2\/types\/product"}],"wp:featuredmedia":[{"embeddable":true,"href":"https:\/\/www.atex-tools.com\/cz\/wp-json\/wp\/v2\/media\/655"}],"wp:attachment":[{"href":"https:\/\/www.atex-tools.com\/cz\/wp-json\/wp\/v2\/media?parent=457"}],"wp:term":[{"taxonomy":"product_brand","embeddable":true,"href":"https:\/\/www.atex-tools.com\/cz\/wp-json\/wp\/v2\/product_brand?post=457"},{"taxonomy":"product_cat","embeddable":true,"href":"https:\/\/www.atex-tools.com\/cz\/wp-json\/wp\/v2\/product_cat?post=457"},{"taxonomy":"product_tag","embeddable":true,"href":"https:\/\/www.atex-tools.com\/cz\/wp-json\/wp\/v2\/product_tag?post=457"}],"curies":[{"name":"wp","href":"https:\/\/api.w.org\/{rel}","templated":true}]}}