{"id":459,"date":"2022-12-19T14:57:20","date_gmt":"2022-12-19T12:57:20","guid":{"rendered":"https:\/\/www.atex-tools.com\/?post_type=product&#038;p=459"},"modified":"2024-07-15T14:39:17","modified_gmt":"2024-07-15T12:39:17","slug":"a-0302-atex-gecertificeerd-lassen-uitslijpen","status":"publish","type":"product","link":"https:\/\/www.atex-tools.com\/cz\/product\/assortiment\/slijpen\/slijpgereedschap-cutting-weld-seam-removal\/a-0302-atex-gecertificeerd-lassen-uitslijpen\/","title":{"rendered":"Weld seam removal system"},"content":{"rendered":"<h2>Duurzaamheid<\/h2>\n<blockquote><p><em>Safety Tools Allmet Weld Removal Discs are very durable. With an experienced user the disk will remove a 8 mm fillet weld, one meter an hour. The water from our water control box acts as a lubricant to add life to our discs. It also brings our Weld Removal Solution down to a T4 rating<\/em><\/p><\/blockquote>\n<h2>Airtools<\/h2>\n<ul>\n<li>A-0105 Angle 1000-5<\/li>\n<\/ul>\n<h2>Disc<\/h2>\n<ul>\n<li>A-0503 Weld removal disk<\/li>\n<\/ul>\n<h2>Custom tool<\/h2>\n<ul>\n<li>A-0310 Water control box<\/li>\n<\/ul>\n<h2>Accesories<\/h2>\n<ul>\n<li>A-0071 Armoured hose<\/li>\n<li>A-0074 Weld removal guard<\/li>\n<li>A-0086 STA cutting and weldseam pelicase<\/li>\n<\/ul>\n","protected":false},"excerpt":{"rendered":"<p>Geen heetwerkvergunningen meer nodig bij gebruik van de ATEX-tools van Perspect Industrial Products. In deze koffer zitten alle benodigdheden om op een veilige, ATEX gecertificeerde manier lasnaden te verwijderen.<\/p>\n","protected":false},"featured_media":644,"template":"","meta":{"_acf_changed":false,"content-type":"","editor_notices":[]},"product_brand":[],"product_cat":[30,70,74],"product_tag":[],"class_list":{"0":"post-459","1":"product","2":"type-product","3":"status-publish","4":"has-post-thumbnail","6":"product_cat-assortiment","7":"product_cat-slijpen","8":"product_cat-slijpgereedschap-cutting-weld-seam-removal","10":"first","11":"instock","12":"taxable","13":"shipping-taxable","14":"product-type-simple"},"acf":[],"yoast_head":"<!-- This site is optimized with the Yoast SEO plugin v27.3 - https:\/\/yoast.com\/product\/yoast-seo-wordpress\/ -->\n<title>Weld seam removal system - Atex Tools | CZ<\/title>\n<meta name=\"robots\" content=\"index, follow, max-snippet:-1, max-image-preview:large, max-video-preview:-1\" \/>\n<link rel=\"canonical\" href=\"https:\/\/www.atex-tools.com\/cz\/product\/assortiment\/slijpen\/slijpgereedschap-cutting-weld-seam-removal\/a-0302-atex-gecertificeerd-lassen-uitslijpen\/\" \/>\n<meta property=\"og:locale\" content=\"cs_CZ\" \/>\n<meta property=\"og:type\" content=\"article\" \/>\n<meta property=\"og:title\" content=\"Weld seam removal system - Atex Tools | CZ\" \/>\n<meta property=\"og:description\" content=\"Geen heetwerkvergunningen meer nodig bij gebruik van de ATEX-tools van Perspect Industrial Products. In deze koffer zitten alle benodigdheden om op een veilige, ATEX gecertificeerde manier lasnaden te verwijderen.\" \/>\n<meta property=\"og:url\" content=\"https:\/\/www.atex-tools.com\/cz\/product\/assortiment\/slijpen\/slijpgereedschap-cutting-weld-seam-removal\/a-0302-atex-gecertificeerd-lassen-uitslijpen\/\" \/>\n<meta property=\"og:site_name\" content=\"Atex Tools | CZ\" \/>\n<meta property=\"article:modified_time\" content=\"2024-07-15T12:39:17+00:00\" \/>\n<meta property=\"og:image\" content=\"https:\/\/www.atex-tools.com\/cz\/wp-content\/uploads\/sites\/4\/2022\/12\/0302-jpg-1.jpg\" \/>\n\t<meta property=\"og:image:width\" content=\"600\" \/>\n\t<meta property=\"og:image:height\" content=\"600\" \/>\n\t<meta property=\"og:image:type\" content=\"image\/jpeg\" \/>\n<meta name=\"twitter:card\" content=\"summary_large_image\" \/>\n<meta name=\"twitter:label1\" content=\"Odhadovan\u00e1 doba \u010dten\u00ed\" \/>\n\t<meta name=\"twitter:data1\" content=\"1 minuta\" \/>\n<script type=\"application\/ld+json\" class=\"yoast-schema-graph\">{\"@context\":\"https:\\\/\\\/schema.org\",\"@graph\":[{\"@type\":\"WebPage\",\"@id\":\"https:\\\/\\\/www.atex-tools.com\\\/cz\\\/product\\\/assortiment\\\/slijpen\\\/slijpgereedschap-cutting-weld-seam-removal\\\/a-0302-atex-gecertificeerd-lassen-uitslijpen\\\/\",\"url\":\"https:\\\/\\\/www.atex-tools.com\\\/cz\\\/product\\\/assortiment\\\/slijpen\\\/slijpgereedschap-cutting-weld-seam-removal\\\/a-0302-atex-gecertificeerd-lassen-uitslijpen\\\/\",\"name\":\"Weld seam removal system - Atex Tools | CZ\",\"isPartOf\":{\"@id\":\"https:\\\/\\\/www.atex-tools.com\\\/cz\\\/#website\"},\"primaryImageOfPage\":{\"@id\":\"https:\\\/\\\/www.atex-tools.com\\\/cz\\\/product\\\/assortiment\\\/slijpen\\\/slijpgereedschap-cutting-weld-seam-removal\\\/a-0302-atex-gecertificeerd-lassen-uitslijpen\\\/#primaryimage\"},\"image\":{\"@id\":\"https:\\\/\\\/www.atex-tools.com\\\/cz\\\/product\\\/assortiment\\\/slijpen\\\/slijpgereedschap-cutting-weld-seam-removal\\\/a-0302-atex-gecertificeerd-lassen-uitslijpen\\\/#primaryimage\"},\"thumbnailUrl\":\"https:\\\/\\\/www.atex-tools.com\\\/cz\\\/wp-content\\\/uploads\\\/sites\\\/4\\\/2022\\\/12\\\/0302-jpg-1.jpg\",\"datePublished\":\"2022-12-19T12:57:20+00:00\",\"dateModified\":\"2024-07-15T12:39:17+00:00\",\"breadcrumb\":{\"@id\":\"https:\\\/\\\/www.atex-tools.com\\\/cz\\\/product\\\/assortiment\\\/slijpen\\\/slijpgereedschap-cutting-weld-seam-removal\\\/a-0302-atex-gecertificeerd-lassen-uitslijpen\\\/#breadcrumb\"},\"inLanguage\":\"cs\",\"potentialAction\":[{\"@type\":\"ReadAction\",\"target\":[\"https:\\\/\\\/www.atex-tools.com\\\/cz\\\/product\\\/assortiment\\\/slijpen\\\/slijpgereedschap-cutting-weld-seam-removal\\\/a-0302-atex-gecertificeerd-lassen-uitslijpen\\\/\"]}]},{\"@type\":\"ImageObject\",\"inLanguage\":\"cs\",\"@id\":\"https:\\\/\\\/www.atex-tools.com\\\/cz\\\/product\\\/assortiment\\\/slijpen\\\/slijpgereedschap-cutting-weld-seam-removal\\\/a-0302-atex-gecertificeerd-lassen-uitslijpen\\\/#primaryimage\",\"url\":\"https:\\\/\\\/www.atex-tools.com\\\/cz\\\/wp-content\\\/uploads\\\/sites\\\/4\\\/2022\\\/12\\\/0302-jpg-1.jpg\",\"contentUrl\":\"https:\\\/\\\/www.atex-tools.com\\\/cz\\\/wp-content\\\/uploads\\\/sites\\\/4\\\/2022\\\/12\\\/0302-jpg-1.jpg\",\"width\":600,\"height\":600},{\"@type\":\"BreadcrumbList\",\"@id\":\"https:\\\/\\\/www.atex-tools.com\\\/cz\\\/product\\\/assortiment\\\/slijpen\\\/slijpgereedschap-cutting-weld-seam-removal\\\/a-0302-atex-gecertificeerd-lassen-uitslijpen\\\/#breadcrumb\",\"itemListElement\":[{\"@type\":\"ListItem\",\"position\":1,\"name\":\"Home\",\"item\":\"https:\\\/\\\/www.atex-tools.com\\\/cz\\\/\"},{\"@type\":\"ListItem\",\"position\":2,\"name\":\"Producten\",\"item\":\"https:\\\/\\\/www.atex-tools.com\\\/cz\\\/producten\\\/\"},{\"@type\":\"ListItem\",\"position\":3,\"name\":\"Weld seam removal system\"}]},{\"@type\":\"WebSite\",\"@id\":\"https:\\\/\\\/www.atex-tools.com\\\/cz\\\/#website\",\"url\":\"https:\\\/\\\/www.atex-tools.com\\\/cz\\\/\",\"name\":\"Atex Tools | CZ\",\"description\":\"Atex Tools\",\"potentialAction\":[{\"@type\":\"SearchAction\",\"target\":{\"@type\":\"EntryPoint\",\"urlTemplate\":\"https:\\\/\\\/www.atex-tools.com\\\/cz\\\/?s={search_term_string}\"},\"query-input\":{\"@type\":\"PropertyValueSpecification\",\"valueRequired\":true,\"valueName\":\"search_term_string\"}}],\"inLanguage\":\"cs\"}]}<\/script>\n<!-- \/ Yoast SEO plugin. -->","yoast_head_json":{"title":"Weld seam removal system - Atex Tools | CZ","robots":{"index":"index","follow":"follow","max-snippet":"max-snippet:-1","max-image-preview":"max-image-preview:large","max-video-preview":"max-video-preview:-1"},"canonical":"https:\/\/www.atex-tools.com\/cz\/product\/assortiment\/slijpen\/slijpgereedschap-cutting-weld-seam-removal\/a-0302-atex-gecertificeerd-lassen-uitslijpen\/","og_locale":"cs_CZ","og_type":"article","og_title":"Weld seam removal system - Atex Tools | CZ","og_description":"Geen heetwerkvergunningen meer nodig bij gebruik van de ATEX-tools van Perspect Industrial Products. In deze koffer zitten alle benodigdheden om op een veilige, ATEX gecertificeerde manier lasnaden te verwijderen.","og_url":"https:\/\/www.atex-tools.com\/cz\/product\/assortiment\/slijpen\/slijpgereedschap-cutting-weld-seam-removal\/a-0302-atex-gecertificeerd-lassen-uitslijpen\/","og_site_name":"Atex Tools | CZ","article_modified_time":"2024-07-15T12:39:17+00:00","og_image":[{"width":600,"height":600,"url":"https:\/\/www.atex-tools.com\/cz\/wp-content\/uploads\/sites\/4\/2022\/12\/0302-jpg-1.jpg","type":"image\/jpeg"}],"twitter_card":"summary_large_image","twitter_misc":{"Odhadovan\u00e1 doba \u010dten\u00ed":"1 minuta"},"schema":{"@context":"https:\/\/schema.org","@graph":[{"@type":"WebPage","@id":"https:\/\/www.atex-tools.com\/cz\/product\/assortiment\/slijpen\/slijpgereedschap-cutting-weld-seam-removal\/a-0302-atex-gecertificeerd-lassen-uitslijpen\/","url":"https:\/\/www.atex-tools.com\/cz\/product\/assortiment\/slijpen\/slijpgereedschap-cutting-weld-seam-removal\/a-0302-atex-gecertificeerd-lassen-uitslijpen\/","name":"Weld seam removal system - Atex Tools | CZ","isPartOf":{"@id":"https:\/\/www.atex-tools.com\/cz\/#website"},"primaryImageOfPage":{"@id":"https:\/\/www.atex-tools.com\/cz\/product\/assortiment\/slijpen\/slijpgereedschap-cutting-weld-seam-removal\/a-0302-atex-gecertificeerd-lassen-uitslijpen\/#primaryimage"},"image":{"@id":"https:\/\/www.atex-tools.com\/cz\/product\/assortiment\/slijpen\/slijpgereedschap-cutting-weld-seam-removal\/a-0302-atex-gecertificeerd-lassen-uitslijpen\/#primaryimage"},"thumbnailUrl":"https:\/\/www.atex-tools.com\/cz\/wp-content\/uploads\/sites\/4\/2022\/12\/0302-jpg-1.jpg","datePublished":"2022-12-19T12:57:20+00:00","dateModified":"2024-07-15T12:39:17+00:00","breadcrumb":{"@id":"https:\/\/www.atex-tools.com\/cz\/product\/assortiment\/slijpen\/slijpgereedschap-cutting-weld-seam-removal\/a-0302-atex-gecertificeerd-lassen-uitslijpen\/#breadcrumb"},"inLanguage":"cs","potentialAction":[{"@type":"ReadAction","target":["https:\/\/www.atex-tools.com\/cz\/product\/assortiment\/slijpen\/slijpgereedschap-cutting-weld-seam-removal\/a-0302-atex-gecertificeerd-lassen-uitslijpen\/"]}]},{"@type":"ImageObject","inLanguage":"cs","@id":"https:\/\/www.atex-tools.com\/cz\/product\/assortiment\/slijpen\/slijpgereedschap-cutting-weld-seam-removal\/a-0302-atex-gecertificeerd-lassen-uitslijpen\/#primaryimage","url":"https:\/\/www.atex-tools.com\/cz\/wp-content\/uploads\/sites\/4\/2022\/12\/0302-jpg-1.jpg","contentUrl":"https:\/\/www.atex-tools.com\/cz\/wp-content\/uploads\/sites\/4\/2022\/12\/0302-jpg-1.jpg","width":600,"height":600},{"@type":"BreadcrumbList","@id":"https:\/\/www.atex-tools.com\/cz\/product\/assortiment\/slijpen\/slijpgereedschap-cutting-weld-seam-removal\/a-0302-atex-gecertificeerd-lassen-uitslijpen\/#breadcrumb","itemListElement":[{"@type":"ListItem","position":1,"name":"Home","item":"https:\/\/www.atex-tools.com\/cz\/"},{"@type":"ListItem","position":2,"name":"Producten","item":"https:\/\/www.atex-tools.com\/cz\/producten\/"},{"@type":"ListItem","position":3,"name":"Weld seam removal system"}]},{"@type":"WebSite","@id":"https:\/\/www.atex-tools.com\/cz\/#website","url":"https:\/\/www.atex-tools.com\/cz\/","name":"Atex Tools | CZ","description":"Atex Tools","potentialAction":[{"@type":"SearchAction","target":{"@type":"EntryPoint","urlTemplate":"https:\/\/www.atex-tools.com\/cz\/?s={search_term_string}"},"query-input":{"@type":"PropertyValueSpecification","valueRequired":true,"valueName":"search_term_string"}}],"inLanguage":"cs"}]}},"_links":{"self":[{"href":"https:\/\/www.atex-tools.com\/cz\/wp-json\/wp\/v2\/product\/459","targetHints":{"allow":["GET"]}}],"collection":[{"href":"https:\/\/www.atex-tools.com\/cz\/wp-json\/wp\/v2\/product"}],"about":[{"href":"https:\/\/www.atex-tools.com\/cz\/wp-json\/wp\/v2\/types\/product"}],"wp:featuredmedia":[{"embeddable":true,"href":"https:\/\/www.atex-tools.com\/cz\/wp-json\/wp\/v2\/media\/644"}],"wp:attachment":[{"href":"https:\/\/www.atex-tools.com\/cz\/wp-json\/wp\/v2\/media?parent=459"}],"wp:term":[{"taxonomy":"product_brand","embeddable":true,"href":"https:\/\/www.atex-tools.com\/cz\/wp-json\/wp\/v2\/product_brand?post=459"},{"taxonomy":"product_cat","embeddable":true,"href":"https:\/\/www.atex-tools.com\/cz\/wp-json\/wp\/v2\/product_cat?post=459"},{"taxonomy":"product_tag","embeddable":true,"href":"https:\/\/www.atex-tools.com\/cz\/wp-json\/wp\/v2\/product_tag?post=459"}],"curies":[{"name":"wp","href":"https:\/\/api.w.org\/{rel}","templated":true}]}}