{"id":480,"date":"2022-12-19T15:33:10","date_gmt":"2022-12-19T13:33:10","guid":{"rendered":"https:\/\/www.atex-tools.com\/?post_type=product&#038;p=480"},"modified":"2024-07-15T12:48:46","modified_gmt":"2024-07-15T10:48:46","slug":"kettingzaag-voor-explosiegevaarlijke-omgevingen","status":"publish","type":"product","link":"https:\/\/www.atex-tools.com\/cz\/product\/assortiment\/zagen\/kettingzaag-voor-explosiegevaarlijke-omgevingen\/","title":{"rendered":"Kettingzaag voor explosiegevaarlijke omgevingen"},"content":{"rendered":"<h2>Voordelen<\/h2>\n<ul>\n<li>Hoog vermogen, hoge snijsnelheid<\/li>\n<li>Met ge\u00efntegreerde handbeveiliging, kettingrem<\/li>\n<li>Automatische kettingsmering<\/li>\n<li>Mogelijke relatie tussen motortoerental door middel van hendel\u00a0Eenvoudig te bedienen en te onderhouden<\/li>\n<\/ul>\n","protected":false},"excerpt":{"rendered":"<p>Kettingzaag \u2013 Conform ATEX IM2cXIIGcIIBT4 (130\u00b0C) X<\/p>\n<p>Kettingzaag - voor 24\/7 gebruik in zowel industri\u00eble als handmatige bewerkingen, zoals machinebouw, de houtverwerkende industrie en zelfs voor gebruik in explosiegevaarlijke omgevingen<\/p>\n","protected":false},"featured_media":565,"template":"","meta":{"_acf_changed":false,"content-type":"","editor_notices":[]},"product_brand":[],"product_cat":[30,49],"product_tag":[],"class_list":{"0":"post-480","1":"product","2":"type-product","3":"status-publish","4":"has-post-thumbnail","6":"product_cat-assortiment","7":"product_cat-zagen","9":"first","10":"instock","11":"taxable","12":"shipping-taxable","13":"product-type-simple"},"acf":[],"yoast_head":"<!-- This site is optimized with the Yoast SEO plugin v27.3 - https:\/\/yoast.com\/product\/yoast-seo-wordpress\/ -->\n<title>Kettingzaag voor explosiegevaarlijke omgevingen - Atex Tools | CZ<\/title>\n<meta name=\"robots\" content=\"index, follow, max-snippet:-1, max-image-preview:large, max-video-preview:-1\" \/>\n<link rel=\"canonical\" href=\"https:\/\/www.atex-tools.com\/cz\/product\/assortiment\/zagen\/kettingzaag-voor-explosiegevaarlijke-omgevingen\/\" \/>\n<meta property=\"og:locale\" content=\"cs_CZ\" \/>\n<meta property=\"og:type\" content=\"article\" \/>\n<meta property=\"og:title\" content=\"Kettingzaag voor explosiegevaarlijke omgevingen - Atex Tools | CZ\" \/>\n<meta property=\"og:description\" content=\"Kettingzaag \u2013 Conform ATEX IM2cXIIGcIIBT4 (130\u00b0C) X  Kettingzaag - voor 24\/7 gebruik in zowel industri\u00eble als handmatige bewerkingen, zoals machinebouw, de houtverwerkende industrie en zelfs voor gebruik in explosiegevaarlijke omgevingen\" \/>\n<meta property=\"og:url\" content=\"https:\/\/www.atex-tools.com\/cz\/product\/assortiment\/zagen\/kettingzaag-voor-explosiegevaarlijke-omgevingen\/\" \/>\n<meta property=\"og:site_name\" content=\"Atex Tools | CZ\" \/>\n<meta property=\"article:modified_time\" content=\"2024-07-15T10:48:46+00:00\" \/>\n<meta property=\"og:image\" content=\"https:\/\/www.atex-tools.com\/cz\/wp-content\/uploads\/sites\/4\/2022\/12\/6061125A.jpg\" \/>\n\t<meta property=\"og:image:width\" content=\"800\" \/>\n\t<meta property=\"og:image:height\" content=\"600\" \/>\n\t<meta property=\"og:image:type\" content=\"image\/jpeg\" \/>\n<meta name=\"twitter:card\" content=\"summary_large_image\" \/>\n<meta name=\"twitter:label1\" content=\"Odhadovan\u00e1 doba \u010dten\u00ed\" \/>\n\t<meta name=\"twitter:data1\" content=\"1 minuta\" \/>\n<script type=\"application\/ld+json\" class=\"yoast-schema-graph\">{\"@context\":\"https:\\\/\\\/schema.org\",\"@graph\":[{\"@type\":\"WebPage\",\"@id\":\"https:\\\/\\\/www.atex-tools.com\\\/cz\\\/product\\\/assortiment\\\/zagen\\\/kettingzaag-voor-explosiegevaarlijke-omgevingen\\\/\",\"url\":\"https:\\\/\\\/www.atex-tools.com\\\/cz\\\/product\\\/assortiment\\\/zagen\\\/kettingzaag-voor-explosiegevaarlijke-omgevingen\\\/\",\"name\":\"Kettingzaag voor explosiegevaarlijke omgevingen - Atex Tools | CZ\",\"isPartOf\":{\"@id\":\"https:\\\/\\\/www.atex-tools.com\\\/cz\\\/#website\"},\"primaryImageOfPage\":{\"@id\":\"https:\\\/\\\/www.atex-tools.com\\\/cz\\\/product\\\/assortiment\\\/zagen\\\/kettingzaag-voor-explosiegevaarlijke-omgevingen\\\/#primaryimage\"},\"image\":{\"@id\":\"https:\\\/\\\/www.atex-tools.com\\\/cz\\\/product\\\/assortiment\\\/zagen\\\/kettingzaag-voor-explosiegevaarlijke-omgevingen\\\/#primaryimage\"},\"thumbnailUrl\":\"https:\\\/\\\/www.atex-tools.com\\\/cz\\\/wp-content\\\/uploads\\\/sites\\\/4\\\/2022\\\/12\\\/6061125A.jpg\",\"datePublished\":\"2022-12-19T13:33:10+00:00\",\"dateModified\":\"2024-07-15T10:48:46+00:00\",\"breadcrumb\":{\"@id\":\"https:\\\/\\\/www.atex-tools.com\\\/cz\\\/product\\\/assortiment\\\/zagen\\\/kettingzaag-voor-explosiegevaarlijke-omgevingen\\\/#breadcrumb\"},\"inLanguage\":\"cs\",\"potentialAction\":[{\"@type\":\"ReadAction\",\"target\":[\"https:\\\/\\\/www.atex-tools.com\\\/cz\\\/product\\\/assortiment\\\/zagen\\\/kettingzaag-voor-explosiegevaarlijke-omgevingen\\\/\"]}]},{\"@type\":\"ImageObject\",\"inLanguage\":\"cs\",\"@id\":\"https:\\\/\\\/www.atex-tools.com\\\/cz\\\/product\\\/assortiment\\\/zagen\\\/kettingzaag-voor-explosiegevaarlijke-omgevingen\\\/#primaryimage\",\"url\":\"https:\\\/\\\/www.atex-tools.com\\\/cz\\\/wp-content\\\/uploads\\\/sites\\\/4\\\/2022\\\/12\\\/6061125A.jpg\",\"contentUrl\":\"https:\\\/\\\/www.atex-tools.com\\\/cz\\\/wp-content\\\/uploads\\\/sites\\\/4\\\/2022\\\/12\\\/6061125A.jpg\",\"width\":800,\"height\":600},{\"@type\":\"BreadcrumbList\",\"@id\":\"https:\\\/\\\/www.atex-tools.com\\\/cz\\\/product\\\/assortiment\\\/zagen\\\/kettingzaag-voor-explosiegevaarlijke-omgevingen\\\/#breadcrumb\",\"itemListElement\":[{\"@type\":\"ListItem\",\"position\":1,\"name\":\"Home\",\"item\":\"https:\\\/\\\/www.atex-tools.com\\\/cz\\\/\"},{\"@type\":\"ListItem\",\"position\":2,\"name\":\"Producten\",\"item\":\"https:\\\/\\\/www.atex-tools.com\\\/cz\\\/producten\\\/\"},{\"@type\":\"ListItem\",\"position\":3,\"name\":\"Kettingzaag voor explosiegevaarlijke omgevingen\"}]},{\"@type\":\"WebSite\",\"@id\":\"https:\\\/\\\/www.atex-tools.com\\\/cz\\\/#website\",\"url\":\"https:\\\/\\\/www.atex-tools.com\\\/cz\\\/\",\"name\":\"Atex Tools | CZ\",\"description\":\"Atex Tools\",\"potentialAction\":[{\"@type\":\"SearchAction\",\"target\":{\"@type\":\"EntryPoint\",\"urlTemplate\":\"https:\\\/\\\/www.atex-tools.com\\\/cz\\\/?s={search_term_string}\"},\"query-input\":{\"@type\":\"PropertyValueSpecification\",\"valueRequired\":true,\"valueName\":\"search_term_string\"}}],\"inLanguage\":\"cs\"}]}<\/script>\n<!-- \/ Yoast SEO plugin. -->","yoast_head_json":{"title":"Kettingzaag voor explosiegevaarlijke omgevingen - Atex Tools | CZ","robots":{"index":"index","follow":"follow","max-snippet":"max-snippet:-1","max-image-preview":"max-image-preview:large","max-video-preview":"max-video-preview:-1"},"canonical":"https:\/\/www.atex-tools.com\/cz\/product\/assortiment\/zagen\/kettingzaag-voor-explosiegevaarlijke-omgevingen\/","og_locale":"cs_CZ","og_type":"article","og_title":"Kettingzaag voor explosiegevaarlijke omgevingen - Atex Tools | CZ","og_description":"Kettingzaag \u2013 Conform ATEX IM2cXIIGcIIBT4 (130\u00b0C) X  Kettingzaag - voor 24\/7 gebruik in zowel industri\u00eble als handmatige bewerkingen, zoals machinebouw, de houtverwerkende industrie en zelfs voor gebruik in explosiegevaarlijke omgevingen","og_url":"https:\/\/www.atex-tools.com\/cz\/product\/assortiment\/zagen\/kettingzaag-voor-explosiegevaarlijke-omgevingen\/","og_site_name":"Atex Tools | CZ","article_modified_time":"2024-07-15T10:48:46+00:00","og_image":[{"width":800,"height":600,"url":"https:\/\/www.atex-tools.com\/cz\/wp-content\/uploads\/sites\/4\/2022\/12\/6061125A.jpg","type":"image\/jpeg"}],"twitter_card":"summary_large_image","twitter_misc":{"Odhadovan\u00e1 doba \u010dten\u00ed":"1 minuta"},"schema":{"@context":"https:\/\/schema.org","@graph":[{"@type":"WebPage","@id":"https:\/\/www.atex-tools.com\/cz\/product\/assortiment\/zagen\/kettingzaag-voor-explosiegevaarlijke-omgevingen\/","url":"https:\/\/www.atex-tools.com\/cz\/product\/assortiment\/zagen\/kettingzaag-voor-explosiegevaarlijke-omgevingen\/","name":"Kettingzaag voor explosiegevaarlijke omgevingen - Atex Tools | CZ","isPartOf":{"@id":"https:\/\/www.atex-tools.com\/cz\/#website"},"primaryImageOfPage":{"@id":"https:\/\/www.atex-tools.com\/cz\/product\/assortiment\/zagen\/kettingzaag-voor-explosiegevaarlijke-omgevingen\/#primaryimage"},"image":{"@id":"https:\/\/www.atex-tools.com\/cz\/product\/assortiment\/zagen\/kettingzaag-voor-explosiegevaarlijke-omgevingen\/#primaryimage"},"thumbnailUrl":"https:\/\/www.atex-tools.com\/cz\/wp-content\/uploads\/sites\/4\/2022\/12\/6061125A.jpg","datePublished":"2022-12-19T13:33:10+00:00","dateModified":"2024-07-15T10:48:46+00:00","breadcrumb":{"@id":"https:\/\/www.atex-tools.com\/cz\/product\/assortiment\/zagen\/kettingzaag-voor-explosiegevaarlijke-omgevingen\/#breadcrumb"},"inLanguage":"cs","potentialAction":[{"@type":"ReadAction","target":["https:\/\/www.atex-tools.com\/cz\/product\/assortiment\/zagen\/kettingzaag-voor-explosiegevaarlijke-omgevingen\/"]}]},{"@type":"ImageObject","inLanguage":"cs","@id":"https:\/\/www.atex-tools.com\/cz\/product\/assortiment\/zagen\/kettingzaag-voor-explosiegevaarlijke-omgevingen\/#primaryimage","url":"https:\/\/www.atex-tools.com\/cz\/wp-content\/uploads\/sites\/4\/2022\/12\/6061125A.jpg","contentUrl":"https:\/\/www.atex-tools.com\/cz\/wp-content\/uploads\/sites\/4\/2022\/12\/6061125A.jpg","width":800,"height":600},{"@type":"BreadcrumbList","@id":"https:\/\/www.atex-tools.com\/cz\/product\/assortiment\/zagen\/kettingzaag-voor-explosiegevaarlijke-omgevingen\/#breadcrumb","itemListElement":[{"@type":"ListItem","position":1,"name":"Home","item":"https:\/\/www.atex-tools.com\/cz\/"},{"@type":"ListItem","position":2,"name":"Producten","item":"https:\/\/www.atex-tools.com\/cz\/producten\/"},{"@type":"ListItem","position":3,"name":"Kettingzaag voor explosiegevaarlijke omgevingen"}]},{"@type":"WebSite","@id":"https:\/\/www.atex-tools.com\/cz\/#website","url":"https:\/\/www.atex-tools.com\/cz\/","name":"Atex Tools | CZ","description":"Atex Tools","potentialAction":[{"@type":"SearchAction","target":{"@type":"EntryPoint","urlTemplate":"https:\/\/www.atex-tools.com\/cz\/?s={search_term_string}"},"query-input":{"@type":"PropertyValueSpecification","valueRequired":true,"valueName":"search_term_string"}}],"inLanguage":"cs"}]}},"_links":{"self":[{"href":"https:\/\/www.atex-tools.com\/cz\/wp-json\/wp\/v2\/product\/480","targetHints":{"allow":["GET"]}}],"collection":[{"href":"https:\/\/www.atex-tools.com\/cz\/wp-json\/wp\/v2\/product"}],"about":[{"href":"https:\/\/www.atex-tools.com\/cz\/wp-json\/wp\/v2\/types\/product"}],"wp:featuredmedia":[{"embeddable":true,"href":"https:\/\/www.atex-tools.com\/cz\/wp-json\/wp\/v2\/media\/565"}],"wp:attachment":[{"href":"https:\/\/www.atex-tools.com\/cz\/wp-json\/wp\/v2\/media?parent=480"}],"wp:term":[{"taxonomy":"product_brand","embeddable":true,"href":"https:\/\/www.atex-tools.com\/cz\/wp-json\/wp\/v2\/product_brand?post=480"},{"taxonomy":"product_cat","embeddable":true,"href":"https:\/\/www.atex-tools.com\/cz\/wp-json\/wp\/v2\/product_cat?post=480"},{"taxonomy":"product_tag","embeddable":true,"href":"https:\/\/www.atex-tools.com\/cz\/wp-json\/wp\/v2\/product_tag?post=480"}],"curies":[{"name":"wp","href":"https:\/\/api.w.org\/{rel}","templated":true}]}}