{"id":721,"date":"2023-09-07T20:55:57","date_gmt":"2023-09-07T18:55:57","guid":{"rendered":"https:\/\/www.atex-tools.com\/?post_type=product&#038;p=721"},"modified":"2024-07-15T12:48:08","modified_gmt":"2024-07-15T10:48:08","slug":"pinovo-stofvrij-stralen-piwalk","status":"publish","type":"product","link":"https:\/\/www.atex-tools.com\/cz\/product\/verhuur\/vacuumstralen-verhuur\/pinovo-stofvrij-stralen-piwalk\/","title":{"rendered":"Pinovo PiWalk"},"content":{"rendered":"<p>De PiWalk tool is de meest effici\u00ebnte tool binnen de range van de Pinovo vacu\u00fcmstraalmachines. Deze tool wordt ingezet bij projecten waar er op grote schaal onderhoud moet worden uitgevoerd in een live-productie omgeving. Door het stofvrije stralen en het ATEX-certificaat wordt de dagelijkse productie en gang van zaken niet gestoord.<\/p>\n<p>Wanneer er een verticale oppervlakte wordt gestraald gebruikt de uitvoerder een veer balanceer met magneet vanwege de ergonomische voordelen. Soms komt de uitvoerder een object tegen die niet met de Pinovo PiWalk tool te stralen valt, in een dergelijk geval wordt er gebruik gemaakt van het <a href=\"https:\/\/www.atex-tools.com\/product\/assortiment\/vacuumstraalmachines\/pinovo-pihab\/\">Pinovo PiHab systeem<\/a>.<\/p>\n<p><iframe loading=\"lazy\" title=\"PiWalk\u2122 - a dust free blasting tool by PINOVO\" width=\"980\" height=\"551\" src=\"https:\/\/www.youtube.com\/embed\/2IzBxd_wV1s?feature=oembed\" frameborder=\"0\" allow=\"accelerometer; autoplay; clipboard-write; encrypted-media; gyroscope; picture-in-picture; web-share\" allowfullscreen><\/iframe><\/p>\n","protected":false},"excerpt":{"rendered":"<p>Met de Pinovo PiWalk tool is het mogelijk om 'grote' vlakke objecten te vacu\u00fcmstralen. De Pinovo PiWalk is ATEX-gecertificeerd en is hierdoor een ideale oplossing voor het uitvoeren van onderhoud in een live omgeving. Met PiWalk tool worden distillatie kolommen stofvrij gestraald, vloeroppervlaktes in fabrieken, reactorvaten en tankdaken.<\/p>\n","protected":false},"featured_media":632,"template":"","meta":{"_acf_changed":false,"content-type":"","editor_notices":[]},"product_brand":[],"product_cat":[22,38],"product_tag":[],"class_list":{"0":"post-721","1":"product","2":"type-product","3":"status-publish","4":"has-post-thumbnail","6":"product_cat-vacuumstraalmachines","7":"product_cat-vacuumstralen-verhuur","9":"first","10":"instock","11":"taxable","12":"shipping-taxable","13":"product-type-simple"},"acf":[],"yoast_head":"<!-- This site is optimized with the Yoast SEO plugin v27.3 - https:\/\/yoast.com\/product\/yoast-seo-wordpress\/ -->\n<title>Pinovo PiWalk - Atex Tools | CZ<\/title>\n<meta name=\"robots\" content=\"index, follow, max-snippet:-1, max-image-preview:large, max-video-preview:-1\" \/>\n<link rel=\"canonical\" href=\"https:\/\/www.atex-tools.com\/cz\/product\/verhuur\/vacuumstralen-verhuur\/pinovo-stofvrij-stralen-piwalk\/\" \/>\n<meta property=\"og:locale\" content=\"cs_CZ\" \/>\n<meta property=\"og:type\" content=\"article\" \/>\n<meta property=\"og:title\" content=\"Pinovo PiWalk - Atex Tools | CZ\" \/>\n<meta property=\"og:description\" content=\"Met de Pinovo PiWalk tool is het mogelijk om &#039;grote&#039; vlakke objecten te vacu\u00fcmstralen. De Pinovo PiWalk is ATEX-gecertificeerd en is hierdoor een ideale oplossing voor het uitvoeren van onderhoud in een live omgeving. Met PiWalk tool worden distillatie kolommen stofvrij gestraald, vloeroppervlaktes in fabrieken, reactorvaten en tankdaken.\" \/>\n<meta property=\"og:url\" content=\"https:\/\/www.atex-tools.com\/cz\/product\/verhuur\/vacuumstralen-verhuur\/pinovo-stofvrij-stralen-piwalk\/\" \/>\n<meta property=\"og:site_name\" content=\"Atex Tools | CZ\" \/>\n<meta property=\"article:modified_time\" content=\"2024-07-15T10:48:08+00:00\" \/>\n<meta property=\"og:image\" content=\"https:\/\/www.atex-tools.com\/cz\/wp-content\/uploads\/sites\/4\/2022\/09\/IMG-20220701-WA0012-2.jpg\" \/>\n\t<meta property=\"og:image:width\" content=\"1512\" \/>\n\t<meta property=\"og:image:height\" content=\"2016\" \/>\n\t<meta property=\"og:image:type\" content=\"image\/jpeg\" \/>\n<meta name=\"twitter:card\" content=\"summary_large_image\" \/>\n<meta name=\"twitter:label1\" content=\"Odhadovan\u00e1 doba \u010dten\u00ed\" \/>\n\t<meta name=\"twitter:data1\" content=\"1 minuta\" \/>\n<script type=\"application\/ld+json\" class=\"yoast-schema-graph\">{\"@context\":\"https:\\\/\\\/schema.org\",\"@graph\":[{\"@type\":\"WebPage\",\"@id\":\"https:\\\/\\\/www.atex-tools.com\\\/cz\\\/product\\\/verhuur\\\/vacuumstralen-verhuur\\\/pinovo-stofvrij-stralen-piwalk\\\/\",\"url\":\"https:\\\/\\\/www.atex-tools.com\\\/cz\\\/product\\\/verhuur\\\/vacuumstralen-verhuur\\\/pinovo-stofvrij-stralen-piwalk\\\/\",\"name\":\"Pinovo PiWalk - Atex Tools | CZ\",\"isPartOf\":{\"@id\":\"https:\\\/\\\/www.atex-tools.com\\\/cz\\\/#website\"},\"primaryImageOfPage\":{\"@id\":\"https:\\\/\\\/www.atex-tools.com\\\/cz\\\/product\\\/verhuur\\\/vacuumstralen-verhuur\\\/pinovo-stofvrij-stralen-piwalk\\\/#primaryimage\"},\"image\":{\"@id\":\"https:\\\/\\\/www.atex-tools.com\\\/cz\\\/product\\\/verhuur\\\/vacuumstralen-verhuur\\\/pinovo-stofvrij-stralen-piwalk\\\/#primaryimage\"},\"thumbnailUrl\":\"https:\\\/\\\/www.atex-tools.com\\\/cz\\\/wp-content\\\/uploads\\\/sites\\\/4\\\/2022\\\/09\\\/IMG-20220701-WA0012-2.jpg\",\"datePublished\":\"2023-09-07T18:55:57+00:00\",\"dateModified\":\"2024-07-15T10:48:08+00:00\",\"breadcrumb\":{\"@id\":\"https:\\\/\\\/www.atex-tools.com\\\/cz\\\/product\\\/verhuur\\\/vacuumstralen-verhuur\\\/pinovo-stofvrij-stralen-piwalk\\\/#breadcrumb\"},\"inLanguage\":\"cs\",\"potentialAction\":[{\"@type\":\"ReadAction\",\"target\":[\"https:\\\/\\\/www.atex-tools.com\\\/cz\\\/product\\\/verhuur\\\/vacuumstralen-verhuur\\\/pinovo-stofvrij-stralen-piwalk\\\/\"]}]},{\"@type\":\"ImageObject\",\"inLanguage\":\"cs\",\"@id\":\"https:\\\/\\\/www.atex-tools.com\\\/cz\\\/product\\\/verhuur\\\/vacuumstralen-verhuur\\\/pinovo-stofvrij-stralen-piwalk\\\/#primaryimage\",\"url\":\"https:\\\/\\\/www.atex-tools.com\\\/cz\\\/wp-content\\\/uploads\\\/sites\\\/4\\\/2022\\\/09\\\/IMG-20220701-WA0012-2.jpg\",\"contentUrl\":\"https:\\\/\\\/www.atex-tools.com\\\/cz\\\/wp-content\\\/uploads\\\/sites\\\/4\\\/2022\\\/09\\\/IMG-20220701-WA0012-2.jpg\",\"width\":1512,\"height\":2016},{\"@type\":\"BreadcrumbList\",\"@id\":\"https:\\\/\\\/www.atex-tools.com\\\/cz\\\/product\\\/verhuur\\\/vacuumstralen-verhuur\\\/pinovo-stofvrij-stralen-piwalk\\\/#breadcrumb\",\"itemListElement\":[{\"@type\":\"ListItem\",\"position\":1,\"name\":\"Home\",\"item\":\"https:\\\/\\\/www.atex-tools.com\\\/cz\\\/\"},{\"@type\":\"ListItem\",\"position\":2,\"name\":\"Producten\",\"item\":\"https:\\\/\\\/www.atex-tools.com\\\/cz\\\/producten\\\/\"},{\"@type\":\"ListItem\",\"position\":3,\"name\":\"Pinovo PiWalk\"}]},{\"@type\":\"WebSite\",\"@id\":\"https:\\\/\\\/www.atex-tools.com\\\/cz\\\/#website\",\"url\":\"https:\\\/\\\/www.atex-tools.com\\\/cz\\\/\",\"name\":\"Atex Tools | CZ\",\"description\":\"Atex Tools\",\"potentialAction\":[{\"@type\":\"SearchAction\",\"target\":{\"@type\":\"EntryPoint\",\"urlTemplate\":\"https:\\\/\\\/www.atex-tools.com\\\/cz\\\/?s={search_term_string}\"},\"query-input\":{\"@type\":\"PropertyValueSpecification\",\"valueRequired\":true,\"valueName\":\"search_term_string\"}}],\"inLanguage\":\"cs\"}]}<\/script>\n<!-- \/ Yoast SEO plugin. -->","yoast_head_json":{"title":"Pinovo PiWalk - Atex Tools | CZ","robots":{"index":"index","follow":"follow","max-snippet":"max-snippet:-1","max-image-preview":"max-image-preview:large","max-video-preview":"max-video-preview:-1"},"canonical":"https:\/\/www.atex-tools.com\/cz\/product\/verhuur\/vacuumstralen-verhuur\/pinovo-stofvrij-stralen-piwalk\/","og_locale":"cs_CZ","og_type":"article","og_title":"Pinovo PiWalk - Atex Tools | CZ","og_description":"Met de Pinovo PiWalk tool is het mogelijk om 'grote' vlakke objecten te vacu\u00fcmstralen. De Pinovo PiWalk is ATEX-gecertificeerd en is hierdoor een ideale oplossing voor het uitvoeren van onderhoud in een live omgeving. Met PiWalk tool worden distillatie kolommen stofvrij gestraald, vloeroppervlaktes in fabrieken, reactorvaten en tankdaken.","og_url":"https:\/\/www.atex-tools.com\/cz\/product\/verhuur\/vacuumstralen-verhuur\/pinovo-stofvrij-stralen-piwalk\/","og_site_name":"Atex Tools | CZ","article_modified_time":"2024-07-15T10:48:08+00:00","og_image":[{"width":1512,"height":2016,"url":"https:\/\/www.atex-tools.com\/cz\/wp-content\/uploads\/sites\/4\/2022\/09\/IMG-20220701-WA0012-2.jpg","type":"image\/jpeg"}],"twitter_card":"summary_large_image","twitter_misc":{"Odhadovan\u00e1 doba \u010dten\u00ed":"1 minuta"},"schema":{"@context":"https:\/\/schema.org","@graph":[{"@type":"WebPage","@id":"https:\/\/www.atex-tools.com\/cz\/product\/verhuur\/vacuumstralen-verhuur\/pinovo-stofvrij-stralen-piwalk\/","url":"https:\/\/www.atex-tools.com\/cz\/product\/verhuur\/vacuumstralen-verhuur\/pinovo-stofvrij-stralen-piwalk\/","name":"Pinovo PiWalk - Atex Tools | CZ","isPartOf":{"@id":"https:\/\/www.atex-tools.com\/cz\/#website"},"primaryImageOfPage":{"@id":"https:\/\/www.atex-tools.com\/cz\/product\/verhuur\/vacuumstralen-verhuur\/pinovo-stofvrij-stralen-piwalk\/#primaryimage"},"image":{"@id":"https:\/\/www.atex-tools.com\/cz\/product\/verhuur\/vacuumstralen-verhuur\/pinovo-stofvrij-stralen-piwalk\/#primaryimage"},"thumbnailUrl":"https:\/\/www.atex-tools.com\/cz\/wp-content\/uploads\/sites\/4\/2022\/09\/IMG-20220701-WA0012-2.jpg","datePublished":"2023-09-07T18:55:57+00:00","dateModified":"2024-07-15T10:48:08+00:00","breadcrumb":{"@id":"https:\/\/www.atex-tools.com\/cz\/product\/verhuur\/vacuumstralen-verhuur\/pinovo-stofvrij-stralen-piwalk\/#breadcrumb"},"inLanguage":"cs","potentialAction":[{"@type":"ReadAction","target":["https:\/\/www.atex-tools.com\/cz\/product\/verhuur\/vacuumstralen-verhuur\/pinovo-stofvrij-stralen-piwalk\/"]}]},{"@type":"ImageObject","inLanguage":"cs","@id":"https:\/\/www.atex-tools.com\/cz\/product\/verhuur\/vacuumstralen-verhuur\/pinovo-stofvrij-stralen-piwalk\/#primaryimage","url":"https:\/\/www.atex-tools.com\/cz\/wp-content\/uploads\/sites\/4\/2022\/09\/IMG-20220701-WA0012-2.jpg","contentUrl":"https:\/\/www.atex-tools.com\/cz\/wp-content\/uploads\/sites\/4\/2022\/09\/IMG-20220701-WA0012-2.jpg","width":1512,"height":2016},{"@type":"BreadcrumbList","@id":"https:\/\/www.atex-tools.com\/cz\/product\/verhuur\/vacuumstralen-verhuur\/pinovo-stofvrij-stralen-piwalk\/#breadcrumb","itemListElement":[{"@type":"ListItem","position":1,"name":"Home","item":"https:\/\/www.atex-tools.com\/cz\/"},{"@type":"ListItem","position":2,"name":"Producten","item":"https:\/\/www.atex-tools.com\/cz\/producten\/"},{"@type":"ListItem","position":3,"name":"Pinovo PiWalk"}]},{"@type":"WebSite","@id":"https:\/\/www.atex-tools.com\/cz\/#website","url":"https:\/\/www.atex-tools.com\/cz\/","name":"Atex Tools | CZ","description":"Atex Tools","potentialAction":[{"@type":"SearchAction","target":{"@type":"EntryPoint","urlTemplate":"https:\/\/www.atex-tools.com\/cz\/?s={search_term_string}"},"query-input":{"@type":"PropertyValueSpecification","valueRequired":true,"valueName":"search_term_string"}}],"inLanguage":"cs"}]}},"_links":{"self":[{"href":"https:\/\/www.atex-tools.com\/cz\/wp-json\/wp\/v2\/product\/721","targetHints":{"allow":["GET"]}}],"collection":[{"href":"https:\/\/www.atex-tools.com\/cz\/wp-json\/wp\/v2\/product"}],"about":[{"href":"https:\/\/www.atex-tools.com\/cz\/wp-json\/wp\/v2\/types\/product"}],"wp:featuredmedia":[{"embeddable":true,"href":"https:\/\/www.atex-tools.com\/cz\/wp-json\/wp\/v2\/media\/632"}],"wp:attachment":[{"href":"https:\/\/www.atex-tools.com\/cz\/wp-json\/wp\/v2\/media?parent=721"}],"wp:term":[{"taxonomy":"product_brand","embeddable":true,"href":"https:\/\/www.atex-tools.com\/cz\/wp-json\/wp\/v2\/product_brand?post=721"},{"taxonomy":"product_cat","embeddable":true,"href":"https:\/\/www.atex-tools.com\/cz\/wp-json\/wp\/v2\/product_cat?post=721"},{"taxonomy":"product_tag","embeddable":true,"href":"https:\/\/www.atex-tools.com\/cz\/wp-json\/wp\/v2\/product_tag?post=721"}],"curies":[{"name":"wp","href":"https:\/\/api.w.org\/{rel}","templated":true}]}}