{"id":748,"date":"2023-09-27T13:57:15","date_gmt":"2023-09-27T11:57:15","guid":{"rendered":"https:\/\/www.atex-tools.com\/?post_type=product&#038;p=748"},"modified":"2024-07-15T12:47:31","modified_gmt":"2024-07-15T10:47:31","slug":"vl223-pneumatische-naadbikhamer","status":"publish","type":"product","link":"https:\/\/www.atex-tools.com\/cz\/product\/assortiment\/pneumatische-naaldbikhamers\/vl223-pneumatische-naadbikhamer\/","title":{"rendered":"ATEX Naaldbikhamer VL223Ex"},"content":{"rendered":"<h2>ATEX-gecertificeerde pneumtische naaldbikhamer<\/h2>\n<p>De Vibro-Lo\u2122 naaldbikhamers met ATEX-certificering staan bekend om het kwaliteitsontwerp met minimale trillingen en worden al geruime tijd als beste keuze beschouwd voor het verwijderen van kalkaanslag. De naaldbikhamer biedt\u00a0 voordelen, zoals onge\u00ebvenaarde trillingsreductie, effectieve stofbeheersing en bescherming tegen vallen. De VL Ex-serie is gebaseerd op het ontwerp van de VL303 &amp; VL203 pistoolgreep\u00a0 en het VL223 in-line ontwerp. De VL Ex-serie is de oplossing voor corrosiebeheer in omgevingen met een hoog risico, zoals aardgasinstallaties, olie- en LNG-tankers, gasfabrieken, olieboorplatforms, raffinaderijen, petrochemische fabrieken en scheepswerven.<\/p>\n<h2>Download datasheet<\/h2>\n<h2><a href=\"https:\/\/www.atex-tools.com\/wp-content\/uploads\/sites\/4\/2023\/09\/VL-Needle-Scaler.pdf\">VL-Needle-Scaler<\/a><\/h2>\n<h2><\/h2>\n<h2>Toepassingsgebieden<\/h2>\n<ul>\n<li>Verwijderen van coatings, corrosie en andere opgehoopte materialen<\/li>\n<li>Slak verwijderen en lassen spanningsvrij maken<\/li>\n<li>Beton reinigen voor reparatie<\/li>\n<li>Reinigen van mixers, bekistingen en machines<\/li>\n<\/ul>\n<h2>Specificaties<\/h2>\n<table dir=\"ltr\" border=\"1\" cellspacing=\"0\" cellpadding=\"0\">\n<colgroup>\n<col width=\"300\" \/>\n<col width=\"100\" \/><\/colgroup>\n<tbody>\n<tr>\n<td data-sheets-value=\"{&quot;1&quot;:2,&quot;2&quot;:&quot;Part Number&quot;}\">Part Number<\/td>\n<td data-sheets-value=\"{&quot;1&quot;:3,&quot;3&quot;:196.2107}\">196.2107<\/td>\n<\/tr>\n<tr>\n<td data-sheets-value=\"{&quot;1&quot;:2,&quot;2&quot;:&quot;IMPA Part Number&quot;}\">IMPA Part Number<\/td>\n<td data-sheets-value=\"{&quot;1&quot;:2,&quot;2&quot;:&quot;N.A&quot;}\">N.A<\/td>\n<\/tr>\n<tr>\n<td data-sheets-value=\"{&quot;1&quot;:2,&quot;2&quot;:&quot;ISSA Part Number&quot;}\">ISSA Part Number<\/td>\n<td data-sheets-value=\"{&quot;1&quot;:2,&quot;2&quot;:&quot;N.A&quot;}\">N.A<\/td>\n<\/tr>\n<tr>\n<td data-sheets-value=\"{&quot;1&quot;:2,&quot;2&quot;:&quot;Type&quot;}\">Type<\/td>\n<td data-sheets-value=\"{&quot;1&quot;:2,&quot;2&quot;:&quot;In-line&quot;}\">In-line<\/td>\n<\/tr>\n<tr>\n<td data-sheets-value=\"{&quot;1&quot;:2,&quot;2&quot;:&quot;Needle\/Chisel Supplied&quot;}\">Needle\/Chisel Supplied<\/td>\n<td data-sheets-value=\"{&quot;1&quot;:2,&quot;2&quot;:&quot;19 x 3mm&quot;}\">19 x 3mm<\/td>\n<\/tr>\n<tr>\n<td data-sheets-value=\"{&quot;1&quot;:2,&quot;2&quot;:&quot;Weight (kg)&quot;}\">Weight (kg)<\/td>\n<td data-sheets-value=\"{&quot;1&quot;:3,&quot;3&quot;:2.35}\">2.35<\/td>\n<\/tr>\n<tr>\n<td data-sheets-value=\"{&quot;1&quot;:2,&quot;2&quot;:&quot;Blows Per Minute&quot;}\">Blows Per Minute<\/td>\n<td data-sheets-value=\"{&quot;1&quot;:3,&quot;3&quot;:2400}\">2400<\/td>\n<\/tr>\n<tr>\n<td data-sheets-value=\"{&quot;1&quot;:2,&quot;2&quot;:&quot;Air Consumption (lps - cfm)&quot;}\">Air Consumption (lps \u2013 cfm)<\/td>\n<td data-sheets-value=\"{&quot;1&quot;:2,&quot;2&quot;:&quot;1.89 - 4&quot;}\">1.89 \u2013 4<\/td>\n<\/tr>\n<tr>\n<td data-sheets-value=\"{&quot;1&quot;:2,&quot;2&quot;:&quot;Air Inlet Size (BSP)&quot;}\">Air Inlet Size (BSP)<\/td>\n<td data-sheets-value=\"{&quot;1&quot;:3,&quot;3&quot;:44565}\" data-sheets-numberformat=\"{&quot;1&quot;:5,&quot;2&quot;:&quot;m\/d&quot;,&quot;3&quot;:1}\">1\/4<\/td>\n<\/tr>\n<tr>\n<td data-sheets-value=\"{&quot;1&quot;:2,&quot;2&quot;:&quot;Noise Level (LwA db(A))&quot;}\">Noise Level (LwA db(A))<\/td>\n<td data-sheets-value=\"{&quot;1&quot;:3,&quot;3&quot;:90.7}\">90.7<\/td>\n<\/tr>\n<tr>\n<td data-sheets-value=\"{&quot;1&quot;:2,&quot;2&quot;:&quot;Vibration Level (Aeq m\/s\u00b2)&quot;}\">Vibration Level (Aeq m\/s\u00b2)<\/td>\n<td data-sheets-value=\"{&quot;1&quot;:3,&quot;3&quot;:2.56}\">2.56<\/td>\n<\/tr>\n<\/tbody>\n<\/table>\n<p><iframe loading=\"lazy\" title=\"Trelawny SPT Vibro-Lo\u2122 Needle &amp; Chisel Scalers Maintenance &amp; Application\" width=\"980\" height=\"551\" src=\"https:\/\/www.youtube.com\/embed\/9DnSc22pMlU?feature=oembed\" frameborder=\"0\" allow=\"accelerometer; autoplay; clipboard-write; encrypted-media; gyroscope; picture-in-picture; web-share\" allowfullscreen><\/iframe><\/p>\n","protected":false},"excerpt":{"rendered":"<p><a href=\"https:\/\/www.atex-tools.com\/trelawny\/\">Trelawny's<\/a> VL223 is een middelzware pneumatische naaldbikhamer met laag trillingsniveau. De in-line naaldbikhamer biedt de ideale balans tussen gewicht en prestaties voor veel scalingtoepassingen. \u00a0Het Vibro Lo\u2122 vibratiereductiesysteem verzekert de VL-serie onge\u00ebvenaarde prestaties, betrouwbaarheid en vermindering van schadelijke trillingsniveaus. Aangeboden als naald- en beitelmodel of als kit met beide opzetstukken voor meerdere toepassingen.<\/p>\n","protected":false},"featured_media":779,"template":"","meta":{"_acf_changed":false,"content-type":"","editor_notices":[]},"product_brand":[],"product_cat":[30,82],"product_tag":[],"class_list":{"0":"post-748","1":"product","2":"type-product","3":"status-publish","4":"has-post-thumbnail","6":"product_cat-assortiment","7":"product_cat-pneumatische-naaldbikhamers","9":"first","10":"instock","11":"taxable","12":"shipping-taxable","13":"product-type-simple"},"acf":[],"yoast_head":"<!-- This site is optimized with the Yoast SEO plugin v27.3 - https:\/\/yoast.com\/product\/yoast-seo-wordpress\/ -->\n<title>ATEX Naaldbikhamer VL223Ex - Atex Tools | CZ<\/title>\n<meta name=\"description\" content=\"ATEX-gecertificeerde VL223 middelzware in-line naaldbikhamer biedt de ideale balans tussen gewicht en prestaties voor veel scalingtoepassingen.\" \/>\n<meta name=\"robots\" content=\"index, follow, max-snippet:-1, max-image-preview:large, max-video-preview:-1\" \/>\n<link rel=\"canonical\" href=\"https:\/\/www.atex-tools.com\/cz\/product\/assortiment\/pneumatische-naaldbikhamers\/vl223-pneumatische-naadbikhamer\/\" \/>\n<meta property=\"og:locale\" content=\"cs_CZ\" \/>\n<meta property=\"og:type\" content=\"article\" \/>\n<meta property=\"og:title\" content=\"ATEX Naaldbikhamer VL223Ex - Atex Tools | CZ\" \/>\n<meta property=\"og:description\" content=\"ATEX-gecertificeerde VL223 middelzware in-line naaldbikhamer biedt de ideale balans tussen gewicht en prestaties voor veel scalingtoepassingen.\" \/>\n<meta property=\"og:url\" content=\"https:\/\/www.atex-tools.com\/cz\/product\/assortiment\/pneumatische-naaldbikhamers\/vl223-pneumatische-naadbikhamer\/\" \/>\n<meta property=\"og:site_name\" content=\"Atex Tools | CZ\" \/>\n<meta property=\"article:modified_time\" content=\"2024-07-15T10:47:31+00:00\" \/>\n<meta property=\"og:image\" content=\"https:\/\/www.atex-tools.com\/cz\/wp-content\/uploads\/sites\/4\/2023\/09\/1-1.png\" \/>\n\t<meta property=\"og:image:width\" content=\"2000\" \/>\n\t<meta property=\"og:image:height\" content=\"1429\" \/>\n\t<meta property=\"og:image:type\" content=\"image\/png\" \/>\n<meta name=\"twitter:card\" content=\"summary_large_image\" \/>\n<meta name=\"twitter:label1\" content=\"Odhadovan\u00e1 doba \u010dten\u00ed\" \/>\n\t<meta name=\"twitter:data1\" content=\"1 minuta\" \/>\n<script type=\"application\/ld+json\" class=\"yoast-schema-graph\">{\"@context\":\"https:\\\/\\\/schema.org\",\"@graph\":[{\"@type\":\"WebPage\",\"@id\":\"https:\\\/\\\/www.atex-tools.com\\\/cz\\\/product\\\/assortiment\\\/pneumatische-naaldbikhamers\\\/vl223-pneumatische-naadbikhamer\\\/\",\"url\":\"https:\\\/\\\/www.atex-tools.com\\\/cz\\\/product\\\/assortiment\\\/pneumatische-naaldbikhamers\\\/vl223-pneumatische-naadbikhamer\\\/\",\"name\":\"ATEX Naaldbikhamer VL223Ex - Atex Tools | CZ\",\"isPartOf\":{\"@id\":\"https:\\\/\\\/www.atex-tools.com\\\/cz\\\/#website\"},\"primaryImageOfPage\":{\"@id\":\"https:\\\/\\\/www.atex-tools.com\\\/cz\\\/product\\\/assortiment\\\/pneumatische-naaldbikhamers\\\/vl223-pneumatische-naadbikhamer\\\/#primaryimage\"},\"image\":{\"@id\":\"https:\\\/\\\/www.atex-tools.com\\\/cz\\\/product\\\/assortiment\\\/pneumatische-naaldbikhamers\\\/vl223-pneumatische-naadbikhamer\\\/#primaryimage\"},\"thumbnailUrl\":\"https:\\\/\\\/www.atex-tools.com\\\/cz\\\/wp-content\\\/uploads\\\/sites\\\/4\\\/2023\\\/09\\\/1-1.png\",\"datePublished\":\"2023-09-27T11:57:15+00:00\",\"dateModified\":\"2024-07-15T10:47:31+00:00\",\"description\":\"ATEX-gecertificeerde VL223 middelzware in-line naaldbikhamer biedt de ideale balans tussen gewicht en prestaties voor veel scalingtoepassingen.\",\"breadcrumb\":{\"@id\":\"https:\\\/\\\/www.atex-tools.com\\\/cz\\\/product\\\/assortiment\\\/pneumatische-naaldbikhamers\\\/vl223-pneumatische-naadbikhamer\\\/#breadcrumb\"},\"inLanguage\":\"cs\",\"potentialAction\":[{\"@type\":\"ReadAction\",\"target\":[\"https:\\\/\\\/www.atex-tools.com\\\/cz\\\/product\\\/assortiment\\\/pneumatische-naaldbikhamers\\\/vl223-pneumatische-naadbikhamer\\\/\"]}]},{\"@type\":\"ImageObject\",\"inLanguage\":\"cs\",\"@id\":\"https:\\\/\\\/www.atex-tools.com\\\/cz\\\/product\\\/assortiment\\\/pneumatische-naaldbikhamers\\\/vl223-pneumatische-naadbikhamer\\\/#primaryimage\",\"url\":\"https:\\\/\\\/www.atex-tools.com\\\/cz\\\/wp-content\\\/uploads\\\/sites\\\/4\\\/2023\\\/09\\\/1-1.png\",\"contentUrl\":\"https:\\\/\\\/www.atex-tools.com\\\/cz\\\/wp-content\\\/uploads\\\/sites\\\/4\\\/2023\\\/09\\\/1-1.png\",\"width\":2000,\"height\":1429},{\"@type\":\"BreadcrumbList\",\"@id\":\"https:\\\/\\\/www.atex-tools.com\\\/cz\\\/product\\\/assortiment\\\/pneumatische-naaldbikhamers\\\/vl223-pneumatische-naadbikhamer\\\/#breadcrumb\",\"itemListElement\":[{\"@type\":\"ListItem\",\"position\":1,\"name\":\"Home\",\"item\":\"https:\\\/\\\/www.atex-tools.com\\\/cz\\\/\"},{\"@type\":\"ListItem\",\"position\":2,\"name\":\"Producten\",\"item\":\"https:\\\/\\\/www.atex-tools.com\\\/cz\\\/producten\\\/\"},{\"@type\":\"ListItem\",\"position\":3,\"name\":\"ATEX Naaldbikhamer VL223Ex\"}]},{\"@type\":\"WebSite\",\"@id\":\"https:\\\/\\\/www.atex-tools.com\\\/cz\\\/#website\",\"url\":\"https:\\\/\\\/www.atex-tools.com\\\/cz\\\/\",\"name\":\"Atex Tools | CZ\",\"description\":\"Atex Tools\",\"potentialAction\":[{\"@type\":\"SearchAction\",\"target\":{\"@type\":\"EntryPoint\",\"urlTemplate\":\"https:\\\/\\\/www.atex-tools.com\\\/cz\\\/?s={search_term_string}\"},\"query-input\":{\"@type\":\"PropertyValueSpecification\",\"valueRequired\":true,\"valueName\":\"search_term_string\"}}],\"inLanguage\":\"cs\"}]}<\/script>\n<!-- \/ Yoast SEO plugin. -->","yoast_head_json":{"title":"ATEX Naaldbikhamer VL223Ex - Atex Tools | CZ","description":"ATEX-gecertificeerde VL223 middelzware in-line naaldbikhamer biedt de ideale balans tussen gewicht en prestaties voor veel scalingtoepassingen.","robots":{"index":"index","follow":"follow","max-snippet":"max-snippet:-1","max-image-preview":"max-image-preview:large","max-video-preview":"max-video-preview:-1"},"canonical":"https:\/\/www.atex-tools.com\/cz\/product\/assortiment\/pneumatische-naaldbikhamers\/vl223-pneumatische-naadbikhamer\/","og_locale":"cs_CZ","og_type":"article","og_title":"ATEX Naaldbikhamer VL223Ex - Atex Tools | CZ","og_description":"ATEX-gecertificeerde VL223 middelzware in-line naaldbikhamer biedt de ideale balans tussen gewicht en prestaties voor veel scalingtoepassingen.","og_url":"https:\/\/www.atex-tools.com\/cz\/product\/assortiment\/pneumatische-naaldbikhamers\/vl223-pneumatische-naadbikhamer\/","og_site_name":"Atex Tools | CZ","article_modified_time":"2024-07-15T10:47:31+00:00","og_image":[{"width":2000,"height":1429,"url":"https:\/\/www.atex-tools.com\/cz\/wp-content\/uploads\/sites\/4\/2023\/09\/1-1.png","type":"image\/png"}],"twitter_card":"summary_large_image","twitter_misc":{"Odhadovan\u00e1 doba \u010dten\u00ed":"1 minuta"},"schema":{"@context":"https:\/\/schema.org","@graph":[{"@type":"WebPage","@id":"https:\/\/www.atex-tools.com\/cz\/product\/assortiment\/pneumatische-naaldbikhamers\/vl223-pneumatische-naadbikhamer\/","url":"https:\/\/www.atex-tools.com\/cz\/product\/assortiment\/pneumatische-naaldbikhamers\/vl223-pneumatische-naadbikhamer\/","name":"ATEX Naaldbikhamer VL223Ex - Atex Tools | CZ","isPartOf":{"@id":"https:\/\/www.atex-tools.com\/cz\/#website"},"primaryImageOfPage":{"@id":"https:\/\/www.atex-tools.com\/cz\/product\/assortiment\/pneumatische-naaldbikhamers\/vl223-pneumatische-naadbikhamer\/#primaryimage"},"image":{"@id":"https:\/\/www.atex-tools.com\/cz\/product\/assortiment\/pneumatische-naaldbikhamers\/vl223-pneumatische-naadbikhamer\/#primaryimage"},"thumbnailUrl":"https:\/\/www.atex-tools.com\/cz\/wp-content\/uploads\/sites\/4\/2023\/09\/1-1.png","datePublished":"2023-09-27T11:57:15+00:00","dateModified":"2024-07-15T10:47:31+00:00","description":"ATEX-gecertificeerde VL223 middelzware in-line naaldbikhamer biedt de ideale balans tussen gewicht en prestaties voor veel scalingtoepassingen.","breadcrumb":{"@id":"https:\/\/www.atex-tools.com\/cz\/product\/assortiment\/pneumatische-naaldbikhamers\/vl223-pneumatische-naadbikhamer\/#breadcrumb"},"inLanguage":"cs","potentialAction":[{"@type":"ReadAction","target":["https:\/\/www.atex-tools.com\/cz\/product\/assortiment\/pneumatische-naaldbikhamers\/vl223-pneumatische-naadbikhamer\/"]}]},{"@type":"ImageObject","inLanguage":"cs","@id":"https:\/\/www.atex-tools.com\/cz\/product\/assortiment\/pneumatische-naaldbikhamers\/vl223-pneumatische-naadbikhamer\/#primaryimage","url":"https:\/\/www.atex-tools.com\/cz\/wp-content\/uploads\/sites\/4\/2023\/09\/1-1.png","contentUrl":"https:\/\/www.atex-tools.com\/cz\/wp-content\/uploads\/sites\/4\/2023\/09\/1-1.png","width":2000,"height":1429},{"@type":"BreadcrumbList","@id":"https:\/\/www.atex-tools.com\/cz\/product\/assortiment\/pneumatische-naaldbikhamers\/vl223-pneumatische-naadbikhamer\/#breadcrumb","itemListElement":[{"@type":"ListItem","position":1,"name":"Home","item":"https:\/\/www.atex-tools.com\/cz\/"},{"@type":"ListItem","position":2,"name":"Producten","item":"https:\/\/www.atex-tools.com\/cz\/producten\/"},{"@type":"ListItem","position":3,"name":"ATEX Naaldbikhamer VL223Ex"}]},{"@type":"WebSite","@id":"https:\/\/www.atex-tools.com\/cz\/#website","url":"https:\/\/www.atex-tools.com\/cz\/","name":"Atex Tools | CZ","description":"Atex Tools","potentialAction":[{"@type":"SearchAction","target":{"@type":"EntryPoint","urlTemplate":"https:\/\/www.atex-tools.com\/cz\/?s={search_term_string}"},"query-input":{"@type":"PropertyValueSpecification","valueRequired":true,"valueName":"search_term_string"}}],"inLanguage":"cs"}]}},"_links":{"self":[{"href":"https:\/\/www.atex-tools.com\/cz\/wp-json\/wp\/v2\/product\/748","targetHints":{"allow":["GET"]}}],"collection":[{"href":"https:\/\/www.atex-tools.com\/cz\/wp-json\/wp\/v2\/product"}],"about":[{"href":"https:\/\/www.atex-tools.com\/cz\/wp-json\/wp\/v2\/types\/product"}],"wp:featuredmedia":[{"embeddable":true,"href":"https:\/\/www.atex-tools.com\/cz\/wp-json\/wp\/v2\/media\/779"}],"wp:attachment":[{"href":"https:\/\/www.atex-tools.com\/cz\/wp-json\/wp\/v2\/media?parent=748"}],"wp:term":[{"taxonomy":"product_brand","embeddable":true,"href":"https:\/\/www.atex-tools.com\/cz\/wp-json\/wp\/v2\/product_brand?post=748"},{"taxonomy":"product_cat","embeddable":true,"href":"https:\/\/www.atex-tools.com\/cz\/wp-json\/wp\/v2\/product_cat?post=748"},{"taxonomy":"product_tag","embeddable":true,"href":"https:\/\/www.atex-tools.com\/cz\/wp-json\/wp\/v2\/product_tag?post=748"}],"curies":[{"name":"wp","href":"https:\/\/api.w.org\/{rel}","templated":true}]}}