{"id":881,"date":"2023-10-18T17:02:18","date_gmt":"2023-10-18T15:02:18","guid":{"rendered":"https:\/\/www.atex-tools.com\/?post_type=product&#038;p=881"},"modified":"2024-07-15T10:28:05","modified_gmt":"2024-07-15T08:28:05","slug":"beitelhamer-2b","status":"publish","type":"product","link":"https:\/\/www.atex-tools.com\/cz\/product\/assortiment\/beitelhamers\/beitelhamer-2b\/","title":{"rendered":"Beitelhamer 2B"},"content":{"rendered":"<h2>B-serie pneumatische beitelhamer<\/h2>\n<p>De beitelhamers uit de \u201cB\u201d-serie hebben een eenvoudig, robuust ontwerp dat betrouwbare en langdurige service en prestaties biedt.<\/p>\n<h2>Download datasheet<\/h2>\n<p><a href=\"https:\/\/www.atex-tools.com\/wp-content\/uploads\/sites\/4\/2023\/10\/B-Series-Needle-Scaler-Range-Datasheet-1.pdf\">B-Series-Needle-Scaler-Range-Datasheet<\/a><\/p>\n<h2>Toepassingen<\/h2>\n<ul>\n<li>Verwijderen van coatings, corrosie en andere opgehoopte materialen<\/li>\n<li>Slak verwijderen en lassen spanningsvrij maken<\/li>\n<li>Beton reinigen voor reparatie<\/li>\n<li>Reinigen van mixers, bekistingen en machines<\/li>\n<\/ul>\n<h2>Specificaties<\/h2>\n<table class=\"tborder\" width=\"100%\">\n<tbody>\n<tr>\n<td width=\"241\">Part Number<\/td>\n<td width=\"134\">124.2200<\/td>\n<\/tr>\n<tr>\n<td>Type<\/td>\n<td>In-line<\/td>\n<\/tr>\n<tr>\n<td>Piston Diameter<\/td>\n<td>23.5mm<\/td>\n<\/tr>\n<tr>\n<td>Piston Stroke<\/td>\n<td>35.6mm<\/td>\n<\/tr>\n<tr>\n<td>Blows Per Minute<\/td>\n<td>3000<\/td>\n<\/tr>\n<tr>\n<td>Air Consumption (1\/4\u2033 BSP Air Inlet)<\/td>\n<td>2.6 lps (5.5 cfm)<\/td>\n<\/tr>\n<tr>\n<td>Air Inlet Size (BSP)<\/td>\n<td>1\/4<\/td>\n<\/tr>\n<tr>\n<td>Handle Type<\/td>\n<td>Straight<\/td>\n<\/tr>\n<tr>\n<td>Overall Length<\/td>\n<td>343mm<\/td>\n<\/tr>\n<tr>\n<td>Nett Weight (kg)<\/td>\n<td>2.0<\/td>\n<\/tr>\n<tr>\n<td>Noise Level Lpa db(A)<\/td>\n<td>85.6<\/td>\n<\/tr>\n<tr>\n<td>Noise Level Lwa db(A)<\/td>\n<td>98.6<\/td>\n<\/tr>\n<tr>\n<td>Vibration Level AEQ \u2013 H1<\/td>\n<td>15.48(K=2.53m\/s\u00b2)<\/td>\n<\/tr>\n<tr>\n<td>Vibration Level AEQ \u2013 H2<\/td>\n<td>19.51 (K=1.08m\/s\u00b2)<\/td>\n<\/tr>\n<tr>\n<td>Complete With<\/td>\n<td>\u00a0 Chisel 704.1101<\/td>\n<\/tr>\n<\/tbody>\n<\/table>\n<p><iframe loading=\"lazy\" title=\"Trelawny SPT Vibro-Lo\u2122 Needle &amp; Chisel Scalers Maintenance &amp; Application\" width=\"980\" height=\"551\" src=\"https:\/\/www.youtube.com\/embed\/9DnSc22pMlU?feature=oembed\" frameborder=\"0\" allow=\"accelerometer; autoplay; clipboard-write; encrypted-media; gyroscope; picture-in-picture; web-share\" allowfullscreen><\/iframe><\/p>\n<h2>Beitels<\/h2>\n<table class=\"tborder\" width=\"100%\">\n<tbody>\n<tr>\n<td width=\"60\"><strong>Image<\/strong><\/td>\n<td width=\"104\"><strong>Trelawny Part No:<\/strong><\/td>\n<td width=\"74\"><strong>Shank Type<\/strong><\/td>\n<td width=\"75\"><strong>Length (mm)<\/strong><\/td>\n<td width=\"75\"><strong>Blade Width (mm)<\/strong><\/td>\n<td width=\"107\"><strong>Applications<\/strong><\/td>\n<\/tr>\n<tr>\n<td width=\"60\"><img loading=\"lazy\" decoding=\"async\" class=\"alignnone size-full wp-image-1263 entered lazyloaded\" src=\"https:\/\/trelawny.wpenginepowered.com\/wp-content\/uploads\/2019\/02\/704.3101.png\" alt=\"\" width=\"200\" height=\"200\" data-lazy-srcset=\"https:\/\/trelawny.wpenginepowered.com\/wp-content\/uploads\/2019\/02\/704.3101.png 200w, https:\/\/trelawny.wpenginepowered.com\/wp-content\/uploads\/2019\/02\/704.3101-150x150.png 150w\" data-lazy-sizes=\"(max-width: 200px) 100vw, 200px\" data-lazy-src=\"https:\/\/trelawny.wpenginepowered.com\/wp-content\/uploads\/2019\/02\/704.3101.png\" data-ll-status=\"loaded\" \/><\/td>\n<td width=\"104\">704.1101<\/td>\n<td width=\"74\">\u00bd Square<\/td>\n<td width=\"75\">178mm<\/td>\n<td width=\"75\">19mm<\/td>\n<td width=\"107\"><strong>Weld spatter removal &amp; Chipping rust<\/strong><\/td>\n<\/tr>\n<tr>\n<td width=\"60\"><img loading=\"lazy\" decoding=\"async\" class=\"alignnone size-full wp-image-1264 entered lazyloaded\" src=\"https:\/\/trelawny.wpenginepowered.com\/wp-content\/uploads\/2019\/02\/704.3103.png\" alt=\"\" width=\"200\" height=\"200\" data-lazy-srcset=\"https:\/\/trelawny.wpenginepowered.com\/wp-content\/uploads\/2019\/02\/704.3103.png 200w, https:\/\/trelawny.wpenginepowered.com\/wp-content\/uploads\/2019\/02\/704.3103-150x150.png 150w\" data-lazy-sizes=\"(max-width: 200px) 100vw, 200px\" data-lazy-src=\"https:\/\/trelawny.wpenginepowered.com\/wp-content\/uploads\/2019\/02\/704.3103.png\" data-ll-status=\"loaded\" \/><\/td>\n<td width=\"104\">704.1103<\/td>\n<td width=\"74\">\u00bd Square<\/td>\n<td width=\"75\">178mm<\/td>\n<td width=\"75\">64mm<\/td>\n<td width=\"107\"><strong>Wide Flat Chisel for the removal of peeling paint and rust<\/strong><\/td>\n<\/tr>\n<tr>\n<td width=\"60\"><img loading=\"lazy\" decoding=\"async\" class=\"alignnone size-full wp-image-1266 entered lazyloaded\" src=\"https:\/\/trelawny.wpenginepowered.com\/wp-content\/uploads\/2019\/02\/704.3107.png\" alt=\"\" width=\"200\" height=\"200\" data-lazy-srcset=\"https:\/\/trelawny.wpenginepowered.com\/wp-content\/uploads\/2019\/02\/704.3107.png 200w, https:\/\/trelawny.wpenginepowered.com\/wp-content\/uploads\/2019\/02\/704.3107-150x150.png 150w\" data-lazy-sizes=\"(max-width: 200px) 100vw, 200px\" data-lazy-src=\"https:\/\/trelawny.wpenginepowered.com\/wp-content\/uploads\/2019\/02\/704.3107.png\" data-ll-status=\"loaded\" \/><\/td>\n<td width=\"104\">704.1107<\/td>\n<td width=\"74\">\u00bd Square<\/td>\n<td width=\"75\">254mm<\/td>\n<td width=\"75\">19mm<\/td>\n<td width=\"107\"><strong>Flat chisel for weld spatter and sand cast cleaning<\/strong><\/td>\n<\/tr>\n<tr>\n<td width=\"60\"><img loading=\"lazy\" decoding=\"async\" class=\"alignnone size-full wp-image-1542 entered lazyloaded\" src=\"https:\/\/trelawny.wpenginepowered.com\/wp-content\/uploads\/2019\/03\/704.3110_704.1110.png\" alt=\"\" width=\"200\" height=\"200\" data-lazy-srcset=\"https:\/\/trelawny.wpenginepowered.com\/wp-content\/uploads\/2019\/03\/704.3110_704.1110.png 200w, https:\/\/trelawny.wpenginepowered.com\/wp-content\/uploads\/2019\/03\/704.3110_704.1110-150x150.png 150w\" data-lazy-sizes=\"(max-width: 200px) 100vw, 200px\" data-lazy-src=\"https:\/\/trelawny.wpenginepowered.com\/wp-content\/uploads\/2019\/03\/704.3110_704.1110.png\" data-ll-status=\"loaded\" \/><\/td>\n<td width=\"104\">704.1110<\/td>\n<td width=\"74\">\u00bd Square<\/td>\n<td width=\"75\">178mm<\/td>\n<td width=\"75\">50mm<\/td>\n<td width=\"107\"><strong>Spark resistant aluminium bronze for use in hazardous areas<\/strong><\/td>\n<\/tr>\n<tr>\n<td width=\"60\"><img loading=\"lazy\" decoding=\"async\" class=\"alignnone size-full wp-image-1268 entered lazyloaded\" src=\"https:\/\/trelawny.wpenginepowered.com\/wp-content\/uploads\/2019\/02\/704.3205.png\" alt=\"\" width=\"200\" height=\"200\" data-lazy-srcset=\"https:\/\/trelawny.wpenginepowered.com\/wp-content\/uploads\/2019\/02\/704.3205.png 200w, https:\/\/trelawny.wpenginepowered.com\/wp-content\/uploads\/2019\/02\/704.3205-150x150.png 150w\" data-lazy-sizes=\"(max-width: 200px) 100vw, 200px\" data-lazy-src=\"https:\/\/trelawny.wpenginepowered.com\/wp-content\/uploads\/2019\/02\/704.3205.png\" data-ll-status=\"loaded\" \/><\/td>\n<td width=\"104\">704.2105<\/td>\n<td width=\"74\">\u00bd Square<\/td>\n<td width=\"75\">178mm<\/td>\n<td width=\"75\">35mm Cranked<\/td>\n<td width=\"107\"><strong>Weld flux and thick coating removal<\/strong><\/td>\n<\/tr>\n<\/tbody>\n<\/table>\n","protected":false},"excerpt":{"rendered":"<p>De\u00a0<a href=\"https:\/\/www.atex-tools.com\/trelawny\/\">Trelawny<\/a> 2B beitelhamer voor middelzware toepassingen is een in-line scaler die de ideale balans biedt tussen gewicht en prestaties voor veel scalingtoepassingen. Verkrijgbaar als naald- en beitelmodel of als kit met beide opzetstukken voor meerdere toepassingen.<\/p>\n","protected":false},"featured_media":882,"template":"","meta":{"_acf_changed":false,"content-type":"","editor_notices":[]},"product_brand":[],"product_cat":[30,84],"product_tag":[],"class_list":{"0":"post-881","1":"product","2":"type-product","3":"status-publish","4":"has-post-thumbnail","6":"product_cat-assortiment","7":"product_cat-beitelhamers","9":"first","10":"instock","11":"taxable","12":"shipping-taxable","13":"product-type-simple"},"acf":[],"yoast_head":"<!-- This site is optimized with the Yoast SEO plugin v27.3 - https:\/\/yoast.com\/product\/yoast-seo-wordpress\/ -->\n<title>Beitelhamer 2B - Atex Tools | CZ<\/title>\n<meta name=\"description\" content=\"De\u00a0Trelawny 2B beitelhamer voor middelzware toepassingen is een in-line scaler die balans biedt tussen gewicht en prestaties voor veel scalingtoepassingen.\" \/>\n<meta name=\"robots\" content=\"index, follow, max-snippet:-1, max-image-preview:large, max-video-preview:-1\" \/>\n<link rel=\"canonical\" href=\"https:\/\/www.atex-tools.com\/cz\/product\/assortiment\/beitelhamers\/beitelhamer-2b\/\" \/>\n<meta property=\"og:locale\" content=\"cs_CZ\" \/>\n<meta property=\"og:type\" content=\"article\" \/>\n<meta property=\"og:title\" content=\"Beitelhamer 2B - Atex Tools | CZ\" \/>\n<meta property=\"og:description\" content=\"De\u00a0Trelawny 2B beitelhamer voor middelzware toepassingen is een in-line scaler die balans biedt tussen gewicht en prestaties voor veel scalingtoepassingen.\" \/>\n<meta property=\"og:url\" content=\"https:\/\/www.atex-tools.com\/cz\/product\/assortiment\/beitelhamers\/beitelhamer-2b\/\" \/>\n<meta property=\"og:site_name\" content=\"Atex Tools | CZ\" \/>\n<meta property=\"article:modified_time\" content=\"2024-07-15T08:28:05+00:00\" \/>\n<meta property=\"og:image\" content=\"https:\/\/www.atex-tools.com\/cz\/wp-content\/uploads\/sites\/4\/2023\/10\/Ontwerp-zonder-titel-10.png\" \/>\n\t<meta property=\"og:image:width\" content=\"2000\" \/>\n\t<meta property=\"og:image:height\" content=\"1429\" \/>\n\t<meta property=\"og:image:type\" content=\"image\/png\" \/>\n<meta name=\"twitter:card\" content=\"summary_large_image\" \/>\n<meta name=\"twitter:label1\" content=\"Odhadovan\u00e1 doba \u010dten\u00ed\" \/>\n\t<meta name=\"twitter:data1\" content=\"2 minuty\" \/>\n<script type=\"application\/ld+json\" class=\"yoast-schema-graph\">{\"@context\":\"https:\\\/\\\/schema.org\",\"@graph\":[{\"@type\":\"WebPage\",\"@id\":\"https:\\\/\\\/www.atex-tools.com\\\/cz\\\/product\\\/assortiment\\\/beitelhamers\\\/beitelhamer-2b\\\/\",\"url\":\"https:\\\/\\\/www.atex-tools.com\\\/cz\\\/product\\\/assortiment\\\/beitelhamers\\\/beitelhamer-2b\\\/\",\"name\":\"Beitelhamer 2B - Atex Tools | CZ\",\"isPartOf\":{\"@id\":\"https:\\\/\\\/www.atex-tools.com\\\/cz\\\/#website\"},\"primaryImageOfPage\":{\"@id\":\"https:\\\/\\\/www.atex-tools.com\\\/cz\\\/product\\\/assortiment\\\/beitelhamers\\\/beitelhamer-2b\\\/#primaryimage\"},\"image\":{\"@id\":\"https:\\\/\\\/www.atex-tools.com\\\/cz\\\/product\\\/assortiment\\\/beitelhamers\\\/beitelhamer-2b\\\/#primaryimage\"},\"thumbnailUrl\":\"https:\\\/\\\/www.atex-tools.com\\\/cz\\\/wp-content\\\/uploads\\\/sites\\\/4\\\/2023\\\/10\\\/Ontwerp-zonder-titel-10.png\",\"datePublished\":\"2023-10-18T15:02:18+00:00\",\"dateModified\":\"2024-07-15T08:28:05+00:00\",\"description\":\"De\u00a0Trelawny 2B beitelhamer voor middelzware toepassingen is een in-line scaler die balans biedt tussen gewicht en prestaties voor veel scalingtoepassingen.\",\"breadcrumb\":{\"@id\":\"https:\\\/\\\/www.atex-tools.com\\\/cz\\\/product\\\/assortiment\\\/beitelhamers\\\/beitelhamer-2b\\\/#breadcrumb\"},\"inLanguage\":\"cs\",\"potentialAction\":[{\"@type\":\"ReadAction\",\"target\":[\"https:\\\/\\\/www.atex-tools.com\\\/cz\\\/product\\\/assortiment\\\/beitelhamers\\\/beitelhamer-2b\\\/\"]}]},{\"@type\":\"ImageObject\",\"inLanguage\":\"cs\",\"@id\":\"https:\\\/\\\/www.atex-tools.com\\\/cz\\\/product\\\/assortiment\\\/beitelhamers\\\/beitelhamer-2b\\\/#primaryimage\",\"url\":\"https:\\\/\\\/www.atex-tools.com\\\/cz\\\/wp-content\\\/uploads\\\/sites\\\/4\\\/2023\\\/10\\\/Ontwerp-zonder-titel-10.png\",\"contentUrl\":\"https:\\\/\\\/www.atex-tools.com\\\/cz\\\/wp-content\\\/uploads\\\/sites\\\/4\\\/2023\\\/10\\\/Ontwerp-zonder-titel-10.png\",\"width\":2000,\"height\":1429},{\"@type\":\"BreadcrumbList\",\"@id\":\"https:\\\/\\\/www.atex-tools.com\\\/cz\\\/product\\\/assortiment\\\/beitelhamers\\\/beitelhamer-2b\\\/#breadcrumb\",\"itemListElement\":[{\"@type\":\"ListItem\",\"position\":1,\"name\":\"Home\",\"item\":\"https:\\\/\\\/www.atex-tools.com\\\/cz\\\/\"},{\"@type\":\"ListItem\",\"position\":2,\"name\":\"Producten\",\"item\":\"https:\\\/\\\/www.atex-tools.com\\\/cz\\\/producten\\\/\"},{\"@type\":\"ListItem\",\"position\":3,\"name\":\"Beitelhamer 2B\"}]},{\"@type\":\"WebSite\",\"@id\":\"https:\\\/\\\/www.atex-tools.com\\\/cz\\\/#website\",\"url\":\"https:\\\/\\\/www.atex-tools.com\\\/cz\\\/\",\"name\":\"Atex Tools | CZ\",\"description\":\"Atex Tools\",\"potentialAction\":[{\"@type\":\"SearchAction\",\"target\":{\"@type\":\"EntryPoint\",\"urlTemplate\":\"https:\\\/\\\/www.atex-tools.com\\\/cz\\\/?s={search_term_string}\"},\"query-input\":{\"@type\":\"PropertyValueSpecification\",\"valueRequired\":true,\"valueName\":\"search_term_string\"}}],\"inLanguage\":\"cs\"}]}<\/script>\n<!-- \/ Yoast SEO plugin. -->","yoast_head_json":{"title":"Beitelhamer 2B - Atex Tools | CZ","description":"De\u00a0Trelawny 2B beitelhamer voor middelzware toepassingen is een in-line scaler die balans biedt tussen gewicht en prestaties voor veel scalingtoepassingen.","robots":{"index":"index","follow":"follow","max-snippet":"max-snippet:-1","max-image-preview":"max-image-preview:large","max-video-preview":"max-video-preview:-1"},"canonical":"https:\/\/www.atex-tools.com\/cz\/product\/assortiment\/beitelhamers\/beitelhamer-2b\/","og_locale":"cs_CZ","og_type":"article","og_title":"Beitelhamer 2B - Atex Tools | CZ","og_description":"De\u00a0Trelawny 2B beitelhamer voor middelzware toepassingen is een in-line scaler die balans biedt tussen gewicht en prestaties voor veel scalingtoepassingen.","og_url":"https:\/\/www.atex-tools.com\/cz\/product\/assortiment\/beitelhamers\/beitelhamer-2b\/","og_site_name":"Atex Tools | CZ","article_modified_time":"2024-07-15T08:28:05+00:00","og_image":[{"width":2000,"height":1429,"url":"https:\/\/www.atex-tools.com\/cz\/wp-content\/uploads\/sites\/4\/2023\/10\/Ontwerp-zonder-titel-10.png","type":"image\/png"}],"twitter_card":"summary_large_image","twitter_misc":{"Odhadovan\u00e1 doba \u010dten\u00ed":"2 minuty"},"schema":{"@context":"https:\/\/schema.org","@graph":[{"@type":"WebPage","@id":"https:\/\/www.atex-tools.com\/cz\/product\/assortiment\/beitelhamers\/beitelhamer-2b\/","url":"https:\/\/www.atex-tools.com\/cz\/product\/assortiment\/beitelhamers\/beitelhamer-2b\/","name":"Beitelhamer 2B - Atex Tools | CZ","isPartOf":{"@id":"https:\/\/www.atex-tools.com\/cz\/#website"},"primaryImageOfPage":{"@id":"https:\/\/www.atex-tools.com\/cz\/product\/assortiment\/beitelhamers\/beitelhamer-2b\/#primaryimage"},"image":{"@id":"https:\/\/www.atex-tools.com\/cz\/product\/assortiment\/beitelhamers\/beitelhamer-2b\/#primaryimage"},"thumbnailUrl":"https:\/\/www.atex-tools.com\/cz\/wp-content\/uploads\/sites\/4\/2023\/10\/Ontwerp-zonder-titel-10.png","datePublished":"2023-10-18T15:02:18+00:00","dateModified":"2024-07-15T08:28:05+00:00","description":"De\u00a0Trelawny 2B beitelhamer voor middelzware toepassingen is een in-line scaler die balans biedt tussen gewicht en prestaties voor veel scalingtoepassingen.","breadcrumb":{"@id":"https:\/\/www.atex-tools.com\/cz\/product\/assortiment\/beitelhamers\/beitelhamer-2b\/#breadcrumb"},"inLanguage":"cs","potentialAction":[{"@type":"ReadAction","target":["https:\/\/www.atex-tools.com\/cz\/product\/assortiment\/beitelhamers\/beitelhamer-2b\/"]}]},{"@type":"ImageObject","inLanguage":"cs","@id":"https:\/\/www.atex-tools.com\/cz\/product\/assortiment\/beitelhamers\/beitelhamer-2b\/#primaryimage","url":"https:\/\/www.atex-tools.com\/cz\/wp-content\/uploads\/sites\/4\/2023\/10\/Ontwerp-zonder-titel-10.png","contentUrl":"https:\/\/www.atex-tools.com\/cz\/wp-content\/uploads\/sites\/4\/2023\/10\/Ontwerp-zonder-titel-10.png","width":2000,"height":1429},{"@type":"BreadcrumbList","@id":"https:\/\/www.atex-tools.com\/cz\/product\/assortiment\/beitelhamers\/beitelhamer-2b\/#breadcrumb","itemListElement":[{"@type":"ListItem","position":1,"name":"Home","item":"https:\/\/www.atex-tools.com\/cz\/"},{"@type":"ListItem","position":2,"name":"Producten","item":"https:\/\/www.atex-tools.com\/cz\/producten\/"},{"@type":"ListItem","position":3,"name":"Beitelhamer 2B"}]},{"@type":"WebSite","@id":"https:\/\/www.atex-tools.com\/cz\/#website","url":"https:\/\/www.atex-tools.com\/cz\/","name":"Atex Tools | CZ","description":"Atex Tools","potentialAction":[{"@type":"SearchAction","target":{"@type":"EntryPoint","urlTemplate":"https:\/\/www.atex-tools.com\/cz\/?s={search_term_string}"},"query-input":{"@type":"PropertyValueSpecification","valueRequired":true,"valueName":"search_term_string"}}],"inLanguage":"cs"}]}},"_links":{"self":[{"href":"https:\/\/www.atex-tools.com\/cz\/wp-json\/wp\/v2\/product\/881","targetHints":{"allow":["GET"]}}],"collection":[{"href":"https:\/\/www.atex-tools.com\/cz\/wp-json\/wp\/v2\/product"}],"about":[{"href":"https:\/\/www.atex-tools.com\/cz\/wp-json\/wp\/v2\/types\/product"}],"wp:featuredmedia":[{"embeddable":true,"href":"https:\/\/www.atex-tools.com\/cz\/wp-json\/wp\/v2\/media\/882"}],"wp:attachment":[{"href":"https:\/\/www.atex-tools.com\/cz\/wp-json\/wp\/v2\/media?parent=881"}],"wp:term":[{"taxonomy":"product_brand","embeddable":true,"href":"https:\/\/www.atex-tools.com\/cz\/wp-json\/wp\/v2\/product_brand?post=881"},{"taxonomy":"product_cat","embeddable":true,"href":"https:\/\/www.atex-tools.com\/cz\/wp-json\/wp\/v2\/product_cat?post=881"},{"taxonomy":"product_tag","embeddable":true,"href":"https:\/\/www.atex-tools.com\/cz\/wp-json\/wp\/v2\/product_tag?post=881"}],"curies":[{"name":"wp","href":"https:\/\/api.w.org\/{rel}","templated":true}]}}