{"id":894,"date":"2023-10-20T11:25:53","date_gmt":"2023-10-20T09:25:53","guid":{"rendered":"https:\/\/www.atex-tools.com\/?post_type=product&#038;p=894"},"modified":"2024-07-15T10:27:19","modified_gmt":"2024-07-15T08:27:19","slug":"beitelhamer-vl223","status":"publish","type":"product","link":"https:\/\/www.atex-tools.com\/cz\/product\/assortiment\/beitelhamers\/beitelhamer-vl223\/","title":{"rendered":"Beitelhamer VL223"},"content":{"rendered":"<p>De VL223 beitelhamer is ook verkrijgbaar als Ex-variant. Voor meer informatie over deze lage vibratie ATEX-gecertificeerde beitelhamer klik <a href=\"https:\/\/www.atex-tools.com\/product\/assortiment\/beitelhamers\/trelawny-atex-pneumatische-beitelhamer\/\">hier<\/a>.<\/p>\n<h2>Download datasheet naaldbikhamer<\/h2>\n<p><a href=\"https:\/\/www.atex-tools.com\/wp-content\/uploads\/sites\/4\/2023\/10\/VL-Needle-Scaler-Range-Datasheet.pdf\">VL-Needle-Scaler-Range-Datasheet<\/a><\/p>\n<h2>Toepassingen<\/h2>\n<ul>\n<li>Verwijderen van coatings, corrosie en andere opgehoopte materialen<\/li>\n<li>Slak verwijderen en lassen spanningsvrij maken<\/li>\n<li>Beton reinigen voor reparatie<\/li>\n<li>Reinigen van mixers, bekistingen en machines<\/li>\n<\/ul>\n<h2>Specificaties<\/h2>\n<table class=\"tborder\" width=\"100%\">\n<tbody>\n<tr>\n<td width=\"183\">Part Number<\/td>\n<td width=\"156\">196.2213<\/td>\n<\/tr>\n<tr>\n<td width=\"183\">Type<\/td>\n<td width=\"156\">In-line<\/td>\n<\/tr>\n<tr>\n<td width=\"183\">Piston Diameter<\/td>\n<td width=\"156\">23.5mm<\/td>\n<\/tr>\n<tr>\n<td width=\"183\">Piston Stroke<\/td>\n<td width=\"156\">11mm<\/td>\n<\/tr>\n<tr>\n<td width=\"183\">Blows Per Minute<\/td>\n<td width=\"156\">2400<\/td>\n<\/tr>\n<tr>\n<td width=\"183\">Air Consumption (@ 6.2bar)<\/td>\n<td width=\"156\">1.89lps (4.0cfm)<\/td>\n<\/tr>\n<tr>\n<td width=\"183\">Air Inlet Size (BSP)<\/td>\n<td width=\"156\">1\/4<\/td>\n<\/tr>\n<tr>\n<td width=\"183\">Chisel Size<\/td>\n<td width=\"156\">19mm Standard Fit<\/td>\n<\/tr>\n<tr>\n<td width=\"183\">Overall Length<\/td>\n<td width=\"156\">435<\/td>\n<\/tr>\n<tr>\n<td width=\"183\">Weight (kg)<\/td>\n<td width=\"156\">2.95<\/td>\n<\/tr>\n<tr>\n<td width=\"183\">Noise Level Lwa db(A)<\/td>\n<td width=\"156\">76.3<\/td>\n<\/tr>\n<tr>\n<td width=\"183\">Vibration (Primary)<\/td>\n<td width=\"156\">3.69<\/td>\n<\/tr>\n<tr>\n<td width=\"183\">Complete With..<\/td>\n<td width=\"156\">\u00a0Chisel 704.3101<\/td>\n<\/tr>\n<\/tbody>\n<\/table>\n<h2>Beitels<\/h2>\n<table class=\"tborder\" width=\"100%\">\n<tbody>\n<tr>\n<td width=\"60\"><strong>Image<\/strong><\/td>\n<td width=\"104\"><strong>Trelawny Part No:<\/strong><\/td>\n<td width=\"74\"><strong>Shank Type<\/strong><\/td>\n<td width=\"75\"><strong>Length (mm)<\/strong><\/td>\n<td width=\"75\"><strong>Blade Width (mm)<\/strong><\/td>\n<td width=\"107\"><strong>Applications<\/strong><\/td>\n<\/tr>\n<tr>\n<td width=\"60\"><img loading=\"lazy\" decoding=\"async\" class=\"alignnone size-full wp-image-1263 entered lazyloaded\" src=\"https:\/\/trelawny.wpenginepowered.com\/wp-content\/uploads\/2019\/02\/704.3101.png\" alt=\"\" width=\"200\" height=\"200\" data-lazy-srcset=\"https:\/\/trelawny.wpenginepowered.com\/wp-content\/uploads\/2019\/02\/704.3101.png 200w, https:\/\/trelawny.wpenginepowered.com\/wp-content\/uploads\/2019\/02\/704.3101-150x150.png 150w\" data-lazy-sizes=\"(max-width: 200px) 100vw, 200px\" data-lazy-src=\"https:\/\/trelawny.wpenginepowered.com\/wp-content\/uploads\/2019\/02\/704.3101.png\" data-ll-status=\"loaded\" \/><\/td>\n<td width=\"104\">704.3101<\/td>\n<td width=\"74\">\u00bd Square<\/td>\n<td width=\"75\">178mm<\/td>\n<td width=\"75\">19mm<\/td>\n<td width=\"107\">Weld spatter removal &amp; Chipping rust<\/td>\n<\/tr>\n<tr>\n<td width=\"60\"><strong><img loading=\"lazy\" decoding=\"async\" class=\"alignnone size-full wp-image-1264 entered lazyloaded\" src=\"https:\/\/trelawny.wpenginepowered.com\/wp-content\/uploads\/2019\/02\/704.3103.png\" alt=\"\" width=\"200\" height=\"200\" data-lazy-srcset=\"https:\/\/trelawny.wpenginepowered.com\/wp-content\/uploads\/2019\/02\/704.3103.png 200w, https:\/\/trelawny.wpenginepowered.com\/wp-content\/uploads\/2019\/02\/704.3103-150x150.png 150w\" data-lazy-sizes=\"(max-width: 200px) 100vw, 200px\" data-lazy-src=\"https:\/\/trelawny.wpenginepowered.com\/wp-content\/uploads\/2019\/02\/704.3103.png\" data-ll-status=\"loaded\" \/><\/strong><\/td>\n<td width=\"104\">704.3103<\/td>\n<td width=\"74\">\u00bd Square<\/td>\n<td width=\"75\">178mm<\/td>\n<td width=\"75\">64mm<\/td>\n<td width=\"107\">Wide Flat Chisel for the removal of peeling paint and rust<\/td>\n<\/tr>\n<tr>\n<td width=\"60\"><img loading=\"lazy\" decoding=\"async\" class=\"alignnone size-full wp-image-1266 entered lazyloaded\" src=\"https:\/\/trelawny.wpenginepowered.com\/wp-content\/uploads\/2019\/02\/704.3107.png\" alt=\"\" width=\"200\" height=\"200\" data-lazy-srcset=\"https:\/\/trelawny.wpenginepowered.com\/wp-content\/uploads\/2019\/02\/704.3107.png 200w, https:\/\/trelawny.wpenginepowered.com\/wp-content\/uploads\/2019\/02\/704.3107-150x150.png 150w\" data-lazy-sizes=\"(max-width: 200px) 100vw, 200px\" data-lazy-src=\"https:\/\/trelawny.wpenginepowered.com\/wp-content\/uploads\/2019\/02\/704.3107.png\" data-ll-status=\"loaded\" \/><\/td>\n<td width=\"104\">704.3107<\/td>\n<td width=\"74\">\u00bd Square<\/td>\n<td width=\"75\">254mm<\/td>\n<td width=\"75\">19mm<\/td>\n<td width=\"107\">Flat chisel for weld spatter and sand cast cleaning<\/td>\n<\/tr>\n<tr>\n<td width=\"60\"><img loading=\"lazy\" decoding=\"async\" class=\"alignnone size-full wp-image-1542 entered lazyloaded\" src=\"https:\/\/trelawny.wpenginepowered.com\/wp-content\/uploads\/2019\/03\/704.3110_704.1110.png\" alt=\"\" width=\"200\" height=\"200\" data-lazy-srcset=\"https:\/\/trelawny.wpenginepowered.com\/wp-content\/uploads\/2019\/03\/704.3110_704.1110.png 200w, https:\/\/trelawny.wpenginepowered.com\/wp-content\/uploads\/2019\/03\/704.3110_704.1110-150x150.png 150w\" data-lazy-sizes=\"(max-width: 200px) 100vw, 200px\" data-lazy-src=\"https:\/\/trelawny.wpenginepowered.com\/wp-content\/uploads\/2019\/03\/704.3110_704.1110.png\" data-ll-status=\"loaded\" \/><\/td>\n<td width=\"104\">704.3110<\/td>\n<td width=\"74\">\u00bd Square<\/td>\n<td width=\"75\">178mm<\/td>\n<td width=\"75\">50mm<\/td>\n<td width=\"107\">Spark resistant aluminium bronze for use in hazardous areas<\/td>\n<\/tr>\n<tr>\n<td width=\"60\"><img loading=\"lazy\" decoding=\"async\" class=\"alignnone size-full wp-image-1268 entered lazyloaded\" src=\"https:\/\/trelawny.wpenginepowered.com\/wp-content\/uploads\/2019\/02\/704.3205.png\" alt=\"\" width=\"200\" height=\"200\" data-lazy-srcset=\"https:\/\/trelawny.wpenginepowered.com\/wp-content\/uploads\/2019\/02\/704.3205.png 200w, https:\/\/trelawny.wpenginepowered.com\/wp-content\/uploads\/2019\/02\/704.3205-150x150.png 150w\" data-lazy-sizes=\"(max-width: 200px) 100vw, 200px\" data-lazy-src=\"https:\/\/trelawny.wpenginepowered.com\/wp-content\/uploads\/2019\/02\/704.3205.png\" data-ll-status=\"loaded\" \/><\/td>\n<td width=\"104\">704.3205<\/td>\n<td width=\"74\">\u00bd Square<\/td>\n<td width=\"75\">178mm<\/td>\n<td width=\"75\">35mm Cranked<\/td>\n<td width=\"107\">Weld flux and thick coating removal<\/td>\n<\/tr>\n<\/tbody>\n<\/table>\n","protected":false},"excerpt":{"rendered":"<p><a href=\"https:\/\/www.atex-tools.com\/trelawny\/\">Trelawny\u2019s<\/a> VL223 middelzware beitelhamer met laag trillingsniveau is een in-line scaler die de ideale balans biedt tussen gewicht en prestaties voor veel scalingtoepassingen. Met Trelawny\u2019s unieke Vibro Lo\u2122 vibratiereductiesysteem biedt de VL-serie onge\u00ebvenaarde prestaties, betrouwbaarheid en vermindering van schadelijke trillingsniveaus. Aangeboden als naald- en beitelmodel of als kit met beide hulpstukken voor meerdere toepassingen.<\/p>\n","protected":false},"featured_media":895,"template":"","meta":{"_acf_changed":false,"content-type":"","editor_notices":[]},"product_brand":[],"product_cat":[30,84],"product_tag":[],"class_list":{"0":"post-894","1":"product","2":"type-product","3":"status-publish","4":"has-post-thumbnail","6":"product_cat-assortiment","7":"product_cat-beitelhamers","9":"first","10":"instock","11":"taxable","12":"shipping-taxable","13":"product-type-simple"},"acf":[],"yoast_head":"<!-- This site is optimized with the Yoast SEO plugin v27.3 - https:\/\/yoast.com\/product\/yoast-seo-wordpress\/ -->\n<title>Beitelhamer VL223 - Atex Tools | CZ<\/title>\n<meta name=\"description\" content=\"De Trelawny VL223 middelzware beitelhamer met laag trillingsniveau is een in-line scaler, met balans in gewicht en prestaties voor veel scalingtoepassingen.\" \/>\n<meta name=\"robots\" content=\"index, follow, max-snippet:-1, max-image-preview:large, max-video-preview:-1\" \/>\n<link rel=\"canonical\" href=\"https:\/\/www.atex-tools.com\/cz\/product\/assortiment\/beitelhamers\/beitelhamer-vl223\/\" \/>\n<meta property=\"og:locale\" content=\"cs_CZ\" \/>\n<meta property=\"og:type\" content=\"article\" \/>\n<meta property=\"og:title\" content=\"Beitelhamer VL223 - Atex Tools | CZ\" \/>\n<meta property=\"og:description\" content=\"De Trelawny VL223 middelzware beitelhamer met laag trillingsniveau is een in-line scaler, met balans in gewicht en prestaties voor veel scalingtoepassingen.\" \/>\n<meta property=\"og:url\" content=\"https:\/\/www.atex-tools.com\/cz\/product\/assortiment\/beitelhamers\/beitelhamer-vl223\/\" \/>\n<meta property=\"og:site_name\" content=\"Atex Tools | CZ\" \/>\n<meta property=\"article:modified_time\" content=\"2024-07-15T08:27:19+00:00\" \/>\n<meta property=\"og:image\" content=\"https:\/\/www.atex-tools.com\/cz\/wp-content\/uploads\/sites\/4\/2023\/10\/Ontwerp-zonder-titel-17.png\" \/>\n\t<meta property=\"og:image:width\" content=\"2000\" \/>\n\t<meta property=\"og:image:height\" content=\"1429\" \/>\n\t<meta property=\"og:image:type\" content=\"image\/png\" \/>\n<meta name=\"twitter:card\" content=\"summary_large_image\" \/>\n<meta name=\"twitter:label1\" content=\"Odhadovan\u00e1 doba \u010dten\u00ed\" \/>\n\t<meta name=\"twitter:data1\" content=\"2 minuty\" \/>\n<script type=\"application\/ld+json\" class=\"yoast-schema-graph\">{\"@context\":\"https:\\\/\\\/schema.org\",\"@graph\":[{\"@type\":\"WebPage\",\"@id\":\"https:\\\/\\\/www.atex-tools.com\\\/cz\\\/product\\\/assortiment\\\/beitelhamers\\\/beitelhamer-vl223\\\/\",\"url\":\"https:\\\/\\\/www.atex-tools.com\\\/cz\\\/product\\\/assortiment\\\/beitelhamers\\\/beitelhamer-vl223\\\/\",\"name\":\"Beitelhamer VL223 - Atex Tools | CZ\",\"isPartOf\":{\"@id\":\"https:\\\/\\\/www.atex-tools.com\\\/cz\\\/#website\"},\"primaryImageOfPage\":{\"@id\":\"https:\\\/\\\/www.atex-tools.com\\\/cz\\\/product\\\/assortiment\\\/beitelhamers\\\/beitelhamer-vl223\\\/#primaryimage\"},\"image\":{\"@id\":\"https:\\\/\\\/www.atex-tools.com\\\/cz\\\/product\\\/assortiment\\\/beitelhamers\\\/beitelhamer-vl223\\\/#primaryimage\"},\"thumbnailUrl\":\"https:\\\/\\\/www.atex-tools.com\\\/cz\\\/wp-content\\\/uploads\\\/sites\\\/4\\\/2023\\\/10\\\/Ontwerp-zonder-titel-17.png\",\"datePublished\":\"2023-10-20T09:25:53+00:00\",\"dateModified\":\"2024-07-15T08:27:19+00:00\",\"description\":\"De Trelawny VL223 middelzware beitelhamer met laag trillingsniveau is een in-line scaler, met balans in gewicht en prestaties voor veel scalingtoepassingen.\",\"breadcrumb\":{\"@id\":\"https:\\\/\\\/www.atex-tools.com\\\/cz\\\/product\\\/assortiment\\\/beitelhamers\\\/beitelhamer-vl223\\\/#breadcrumb\"},\"inLanguage\":\"cs\",\"potentialAction\":[{\"@type\":\"ReadAction\",\"target\":[\"https:\\\/\\\/www.atex-tools.com\\\/cz\\\/product\\\/assortiment\\\/beitelhamers\\\/beitelhamer-vl223\\\/\"]}]},{\"@type\":\"ImageObject\",\"inLanguage\":\"cs\",\"@id\":\"https:\\\/\\\/www.atex-tools.com\\\/cz\\\/product\\\/assortiment\\\/beitelhamers\\\/beitelhamer-vl223\\\/#primaryimage\",\"url\":\"https:\\\/\\\/www.atex-tools.com\\\/cz\\\/wp-content\\\/uploads\\\/sites\\\/4\\\/2023\\\/10\\\/Ontwerp-zonder-titel-17.png\",\"contentUrl\":\"https:\\\/\\\/www.atex-tools.com\\\/cz\\\/wp-content\\\/uploads\\\/sites\\\/4\\\/2023\\\/10\\\/Ontwerp-zonder-titel-17.png\",\"width\":2000,\"height\":1429},{\"@type\":\"BreadcrumbList\",\"@id\":\"https:\\\/\\\/www.atex-tools.com\\\/cz\\\/product\\\/assortiment\\\/beitelhamers\\\/beitelhamer-vl223\\\/#breadcrumb\",\"itemListElement\":[{\"@type\":\"ListItem\",\"position\":1,\"name\":\"Home\",\"item\":\"https:\\\/\\\/www.atex-tools.com\\\/cz\\\/\"},{\"@type\":\"ListItem\",\"position\":2,\"name\":\"Producten\",\"item\":\"https:\\\/\\\/www.atex-tools.com\\\/cz\\\/producten\\\/\"},{\"@type\":\"ListItem\",\"position\":3,\"name\":\"Beitelhamer VL223\"}]},{\"@type\":\"WebSite\",\"@id\":\"https:\\\/\\\/www.atex-tools.com\\\/cz\\\/#website\",\"url\":\"https:\\\/\\\/www.atex-tools.com\\\/cz\\\/\",\"name\":\"Atex Tools | CZ\",\"description\":\"Atex Tools\",\"potentialAction\":[{\"@type\":\"SearchAction\",\"target\":{\"@type\":\"EntryPoint\",\"urlTemplate\":\"https:\\\/\\\/www.atex-tools.com\\\/cz\\\/?s={search_term_string}\"},\"query-input\":{\"@type\":\"PropertyValueSpecification\",\"valueRequired\":true,\"valueName\":\"search_term_string\"}}],\"inLanguage\":\"cs\"}]}<\/script>\n<!-- \/ Yoast SEO plugin. -->","yoast_head_json":{"title":"Beitelhamer VL223 - Atex Tools | CZ","description":"De Trelawny VL223 middelzware beitelhamer met laag trillingsniveau is een in-line scaler, met balans in gewicht en prestaties voor veel scalingtoepassingen.","robots":{"index":"index","follow":"follow","max-snippet":"max-snippet:-1","max-image-preview":"max-image-preview:large","max-video-preview":"max-video-preview:-1"},"canonical":"https:\/\/www.atex-tools.com\/cz\/product\/assortiment\/beitelhamers\/beitelhamer-vl223\/","og_locale":"cs_CZ","og_type":"article","og_title":"Beitelhamer VL223 - Atex Tools | CZ","og_description":"De Trelawny VL223 middelzware beitelhamer met laag trillingsniveau is een in-line scaler, met balans in gewicht en prestaties voor veel scalingtoepassingen.","og_url":"https:\/\/www.atex-tools.com\/cz\/product\/assortiment\/beitelhamers\/beitelhamer-vl223\/","og_site_name":"Atex Tools | CZ","article_modified_time":"2024-07-15T08:27:19+00:00","og_image":[{"width":2000,"height":1429,"url":"https:\/\/www.atex-tools.com\/cz\/wp-content\/uploads\/sites\/4\/2023\/10\/Ontwerp-zonder-titel-17.png","type":"image\/png"}],"twitter_card":"summary_large_image","twitter_misc":{"Odhadovan\u00e1 doba \u010dten\u00ed":"2 minuty"},"schema":{"@context":"https:\/\/schema.org","@graph":[{"@type":"WebPage","@id":"https:\/\/www.atex-tools.com\/cz\/product\/assortiment\/beitelhamers\/beitelhamer-vl223\/","url":"https:\/\/www.atex-tools.com\/cz\/product\/assortiment\/beitelhamers\/beitelhamer-vl223\/","name":"Beitelhamer VL223 - Atex Tools | CZ","isPartOf":{"@id":"https:\/\/www.atex-tools.com\/cz\/#website"},"primaryImageOfPage":{"@id":"https:\/\/www.atex-tools.com\/cz\/product\/assortiment\/beitelhamers\/beitelhamer-vl223\/#primaryimage"},"image":{"@id":"https:\/\/www.atex-tools.com\/cz\/product\/assortiment\/beitelhamers\/beitelhamer-vl223\/#primaryimage"},"thumbnailUrl":"https:\/\/www.atex-tools.com\/cz\/wp-content\/uploads\/sites\/4\/2023\/10\/Ontwerp-zonder-titel-17.png","datePublished":"2023-10-20T09:25:53+00:00","dateModified":"2024-07-15T08:27:19+00:00","description":"De Trelawny VL223 middelzware beitelhamer met laag trillingsniveau is een in-line scaler, met balans in gewicht en prestaties voor veel scalingtoepassingen.","breadcrumb":{"@id":"https:\/\/www.atex-tools.com\/cz\/product\/assortiment\/beitelhamers\/beitelhamer-vl223\/#breadcrumb"},"inLanguage":"cs","potentialAction":[{"@type":"ReadAction","target":["https:\/\/www.atex-tools.com\/cz\/product\/assortiment\/beitelhamers\/beitelhamer-vl223\/"]}]},{"@type":"ImageObject","inLanguage":"cs","@id":"https:\/\/www.atex-tools.com\/cz\/product\/assortiment\/beitelhamers\/beitelhamer-vl223\/#primaryimage","url":"https:\/\/www.atex-tools.com\/cz\/wp-content\/uploads\/sites\/4\/2023\/10\/Ontwerp-zonder-titel-17.png","contentUrl":"https:\/\/www.atex-tools.com\/cz\/wp-content\/uploads\/sites\/4\/2023\/10\/Ontwerp-zonder-titel-17.png","width":2000,"height":1429},{"@type":"BreadcrumbList","@id":"https:\/\/www.atex-tools.com\/cz\/product\/assortiment\/beitelhamers\/beitelhamer-vl223\/#breadcrumb","itemListElement":[{"@type":"ListItem","position":1,"name":"Home","item":"https:\/\/www.atex-tools.com\/cz\/"},{"@type":"ListItem","position":2,"name":"Producten","item":"https:\/\/www.atex-tools.com\/cz\/producten\/"},{"@type":"ListItem","position":3,"name":"Beitelhamer VL223"}]},{"@type":"WebSite","@id":"https:\/\/www.atex-tools.com\/cz\/#website","url":"https:\/\/www.atex-tools.com\/cz\/","name":"Atex Tools | CZ","description":"Atex Tools","potentialAction":[{"@type":"SearchAction","target":{"@type":"EntryPoint","urlTemplate":"https:\/\/www.atex-tools.com\/cz\/?s={search_term_string}"},"query-input":{"@type":"PropertyValueSpecification","valueRequired":true,"valueName":"search_term_string"}}],"inLanguage":"cs"}]}},"_links":{"self":[{"href":"https:\/\/www.atex-tools.com\/cz\/wp-json\/wp\/v2\/product\/894","targetHints":{"allow":["GET"]}}],"collection":[{"href":"https:\/\/www.atex-tools.com\/cz\/wp-json\/wp\/v2\/product"}],"about":[{"href":"https:\/\/www.atex-tools.com\/cz\/wp-json\/wp\/v2\/types\/product"}],"wp:featuredmedia":[{"embeddable":true,"href":"https:\/\/www.atex-tools.com\/cz\/wp-json\/wp\/v2\/media\/895"}],"wp:attachment":[{"href":"https:\/\/www.atex-tools.com\/cz\/wp-json\/wp\/v2\/media?parent=894"}],"wp:term":[{"taxonomy":"product_brand","embeddable":true,"href":"https:\/\/www.atex-tools.com\/cz\/wp-json\/wp\/v2\/product_brand?post=894"},{"taxonomy":"product_cat","embeddable":true,"href":"https:\/\/www.atex-tools.com\/cz\/wp-json\/wp\/v2\/product_cat?post=894"},{"taxonomy":"product_tag","embeddable":true,"href":"https:\/\/www.atex-tools.com\/cz\/wp-json\/wp\/v2\/product_tag?post=894"}],"curies":[{"name":"wp","href":"https:\/\/api.w.org\/{rel}","templated":true}]}}